{"id":1596,"date":"2020-04-16T16:00:33","date_gmt":"2020-04-16T16:00:33","guid":{"rendered":"https:\/\/baraka.co\/homepage\/"},"modified":"2024-02-06T19:17:04","modified_gmt":"2024-02-06T18:17:04","slug":"homepage","status":"publish","type":"page","link":"https:\/\/baraka.co\/hr\/","title":{"rendered":"Homepage"},"content":{"rendered":"<div class=\"wpb-content-wrapper\"><p>[vc_row][vc_column][vc_single_image image=&#8221;1715&#8243; img_size=&#8221;full&#8221; alignment=&#8221;center&#8221; el_class=&#8221;max-width-img-50&#8243;]\n\t<div class=\"title-subtitle-box  remove-title-margin vc_custom_1587158702672 \" style=\" text-align: center;\">\n\t\t<span class=\"toptitle\">BARAKA<\/span>\n\t\t<h1 style=\" text-transform: uppercase; font-weight: 400; letter-spacing: 0px;\" >Vinogradi &amp; Vinaria<\/h1>\n\t<\/div> [\/vc_column][\/vc_row][vc_row css=&#8221;.vc_custom_1497510936674{padding-top: 0px !important;}&#8221;][vc_column width=&#8221;1\/2&#8243;][vc_column_text css=&#8221;.vc_custom_1587258407712{margin-bottom: 0px !important;padding-top: 0px !important;padding-right: 10% !important;padding-bottom: 10% !important;padding-left: 10% !important;}&#8221;]Vinarija Baraka je obiteljska butik vinarija koja se nalazi na poluotoku Srima, izme\u0111u \u0160ibenika i Vodica te smo u potpunosti fokusirani na vrhunsku kvalitetu i proizvodnju <a href=\"https:\/\/baraka.co\/hr\/vino\/\">finih vina<\/a> iz srca Dalmacije. Na\u0161im gostima i prijateljima se uvijek trudimo pru\u017eiti nezaboravno iskustvo i <a href=\"https:\/\/baraka.co\/hr\/posjetite-nas\/\">do\u017eivljaj ku\u0161anja vina<\/a>.[\/vc_column_text][vc_single_image image=&#8221;2337&#8243; img_size=&#8221;full&#8221; css=&#8221;.vc_custom_1707155660913{margin-bottom: 0px !important;}&#8221;][\/vc_column][vc_column width=&#8221;1\/2&#8243;][vc_single_image image=&#8221;2349&#8243; img_size=&#8221;full&#8221; css=&#8221;.vc_custom_1707155637897{margin-bottom: 0px !important;}&#8221;][vc_column_text css=&#8221;.vc_custom_1587389612809{margin-bottom: 0px !important;padding-top: 10% !important;padding-right: 10% !important;padding-bottom: 10% !important;padding-left: 10% !important;}&#8221;]Proizvodnja vina u limitiranim koli\u010dinama i polagani, ru\u010dni pristup u gotovo svim koracima proizvodnje uz neprekidno ispitivanje i podizanje kvalitete je dobar opis onoga \u0161to radimo i \u010demu te\u017eimo. Pridru\u017eite nam se na na\u0161em putu i u\u017eivajte u <a href=\"https:\/\/baraka.co\/hr\/vino\/\">na\u0161im vinima<\/a>\u2026[\/vc_column_text][\/vc_column][\/vc_row][vc_row full_width=&#8221;stretch_row&#8221; el_class=&#8221;gg-force-background-left&#8221; css=&#8221;.vc_custom_1498471107473{padding-top: 200px !important;padding-bottom: 200px !important;background: #000000 url(http:\/\/baraka.co\/wp-content\/uploads\/2017\/06\/homepage-slider-dummy.jpg?id=1045) !important;background-position: 0 0 !important;background-repeat: no-repeat !important;}&#8221;][vc_column offset=&#8221;vc_col-lg-6&#8243;][\/vc_column][vc_column offset=&#8221;vc_col-lg-6&#8243;]\n\t<blockquote  class=\"gg-vc-quote \">\n\tMi u\u017eivamo u proizvodnji finih vina koja respektiraju terroir i na\u0161e podneblje\n\t<cite>Vina Baraka<\/cite>\n\t<\/blockquote>[\/vc_column][\/vc_row][vc_row full_width=&#8221;stretch_row&#8221; css=&#8221;.vc_custom_1545575446980{background-image: url(http:\/\/baraka.co\/wp-content\/uploads\/2017\/05\/homepage-tabs-background.png?id=825) !important;background-position: center !important;background-repeat: no-repeat !important;background-size: cover !important;}&#8221;][vc_column]\n\t<div class=\"title-subtitle-box   \" style=\" text-align: center;\">\n\t\t<hr class=\"has-topline\"  \/>\n\t\t<h1 style=\" text-transform: uppercase; font-weight: 400; letter-spacing: 0px;\" >Mala selekcija na\u0161ih vina<\/h1>\n\t<\/div> [vc_tta_tabs style=&#8221;theme&#8221; alignment=&#8221;center&#8221; active_section=&#8221;1&#8243;][vc_tta_section title=&#8221;Crvena vina&#8221; tab_id=&#8221;1497513677337-21f316a4-41bd&#8221;][vc_row_inner equal_height=&#8221;yes&#8221;][vc_column_inner width=&#8221;1\/2&#8243;][vc_single_image image=&#8221;1626&#8243; img_size=&#8221;full&#8221; alignment=&#8221;center&#8221; el_class=&#8221;max-width-25-img&#8221; css=&#8221;.vc_custom_1545587714232{padding-right: 30% !important;padding-left: 30% !important;}&#8221;][\/vc_column_inner][vc_column_inner width=&#8221;1\/2&#8243;]\n\t<div class=\"title-subtitle-box   \" style=\" text-align: left;\">\n\t\t<h2 style=\" text-transform: uppercase; font-weight: 400; letter-spacing: 0px;\" >Prisbus Riserva<\/h2>\n\t<\/div> \n\t<div class=\"gg-infobox  \" style=\"text-align:left;\">\n\t\t\n\t\t<h4 >Berba<\/h4>\n\t\t<div class=\"description\" ><p>Od 2010<\/p>\n<\/div>\n\t<\/div> \n\t<div class=\"gg-infobox  \" style=\"text-align:left;\">\n\t\t\n\t\t<h4 >Format<\/h4>\n\t\t<div class=\"description\" ><p>750ml, 1.5 L Magnum<\/p>\n<\/div>\n\t<\/div> \n\t<div class=\"gg-infobox  \" style=\"text-align:left;\">\n\t\t\n\t\t<h4 >Terroir<\/h4>\n\t\t<div class=\"description\" ><p>Na\u0161e vino s potpisom napravljeno sa gro\u017e\u0111em koje dolazi sa imanja u srcu poluotoka Srime. Kupa\u017ea Cabernet Sauvignona i Merlota odle\u017eana u novim hrastovim ba\u010dvama i obi\u010dno pu\u0161tena nakon du\u017eeg dozrijevanja.<\/p>\n<\/div>\n\t<\/div> [vc_btn title=&#8221;Otkrijte&#8221; style=&#8221;custom&#8221; custom_background=&#8221;#998067&#8243; custom_text=&#8221;#ffffff&#8221; shape=&#8221;square&#8221; link=&#8221;url:https%3A%2F%2Fbaraka.co%2Fhr%2Fbutiga%2Fvino%2Fprisbus-riserva-2018%2F|title:Prisbus%20Riserva%202018&#8243;][vc_btn title=&#8221;Pregledaj sve&#8221; style=&#8221;custom&#8221; custom_background=&#8221;#000000&#8243; custom_text=&#8221;#ffffff&#8221; shape=&#8221;square&#8221; link=&#8221;url:http%3A%2F%2Fbaraka.co%2Fwine%2F|&#8221;][\/vc_column_inner][\/vc_row_inner][\/vc_tta_section][vc_tta_section title=&#8221;Bijela vina&#8221; tab_id=&#8221;1497513677380-05aa3280-2f3f&#8221;][vc_row_inner equal_height=&#8221;yes&#8221;][vc_column_inner width=&#8221;1\/2&#8243;][vc_single_image image=&#8221;1735&#8243; img_size=&#8221;full&#8221; alignment=&#8221;center&#8221; el_class=&#8221;max-width-25-img&#8221; css=&#8221;.vc_custom_1548455551609{padding-right: 30% !important;padding-left: 30% !important;}&#8221;][\/vc_column_inner][vc_column_inner width=&#8221;1\/2&#8243;]\n\t<div class=\"title-subtitle-box   \" style=\" text-align: left;\">\n\t\t<h2 style=\" text-transform: uppercase; font-weight: 400; letter-spacing: 0px;\" >Debit<\/h2>\n\t<\/div> \n\t<div class=\"gg-infobox  \" style=\"text-align:left;\">\n\t\t\n\t\t<h4 >Berba<\/h4>\n\t\t<div class=\"description\" ><p>Od 2015<\/p>\n<\/div>\n\t<\/div> \n\t<div class=\"gg-infobox  \" style=\"text-align:left;\">\n\t\t\n\t\t<h4 >Fromat<\/h4>\n\t\t<div class=\"description\" ><p>750ml<\/p>\n<\/div>\n\t<\/div> \n\t<div class=\"gg-infobox  \" style=\"text-align:left;\">\n\t\t\n\t\t<h4 >Terroir<\/h4>\n\t\t<div class=\"description\" ><div class=\"page\" title=\"Page 1\">\n<div class=\"layoutArea\">\n<div class=\"column\">\n<p>DEBIT je autohtona sorta \u0161ibenskoga kraja, lagano i osvje\u017eavaju\u0107e sa diskretnijim aromama, idealno vino za ljetne dane. Na\u0161 Debit je ubran ru\u010dno u vinogradima podno Promine i potom odle\u017eava u cementnom tanku jajolikog oblika i drvenim ba\u010dvama u na\u0161em podrumu na poluotoku Srime.\n<\/p><\/div>\n<\/div>\n<\/div>\n<\/div>\n\t<\/div> [vc_btn title=&#8221;Otkrijte&#8221; style=&#8221;custom&#8221; custom_background=&#8221;#998067&#8243; custom_text=&#8221;#ffffff&#8221; shape=&#8221;square&#8221; link=&#8221;url:https%3A%2F%2Fbaraka.co%2Fhr%2Fbutiga%2Fvino%2Fdebit-2022%2F|title:Debit%202022&#8243;][vc_btn title=&#8221;Pregledaj sve&#8221; style=&#8221;custom&#8221; custom_background=&#8221;#000000&#8243; custom_text=&#8221;#ffffff&#8221; shape=&#8221;square&#8221; link=&#8221;url:http%3A%2F%2Fbaraka.co%2Fwine%2F|&#8221;][\/vc_column_inner][\/vc_row_inner][\/vc_tta_section][vc_tta_section title=&#8221;Ros\u00e9&#8221; tab_id=&#8221;1497519433988-7de33dd4-42b2&#8243;][vc_row_inner equal_height=&#8221;yes&#8221;][vc_column_inner width=&#8221;1\/2&#8243;][vc_single_image image=&#8221;2314&#8243; img_size=&#8221;medium&#8221; alignment=&#8221;center&#8221; el_class=&#8221;max-width-25-img&#8221; css=&#8221;.vc_custom_1707243412864{padding-right: 30% !important;padding-left: 30% !important;}&#8221;][\/vc_column_inner][vc_column_inner width=&#8221;1\/2&#8243;]\n\t<div class=\"title-subtitle-box   \" style=\" text-align: left;\">\n\t\t<h2 style=\" text-transform: uppercase; font-weight: 400; letter-spacing: 0px;\" >Ros\u00e9<\/h2>\n\t<\/div> \n\t<div class=\"gg-infobox  \" style=\"text-align:left;\">\n\t\t\n\t\t<h4 >Berba<\/h4>\n\t\t<div class=\"description\" ><p>Od 2015<\/p>\n<\/div>\n\t<\/div> \n\t<div class=\"gg-infobox  \" style=\"text-align:left;\">\n\t\t\n\t\t<h4 >Format<\/h4>\n\t\t<div class=\"description\" ><p>750ml<\/p>\n<\/div>\n\t<\/div> \n\t<div class=\"gg-infobox  \" style=\"text-align:left;\">\n\t\t\n\t\t<h4 >Terroir<\/h4>\n\t\t<div class=\"description\" ><p>Poslu\u017een dobro ohla\u0111eno ovaj ros\u00e9 od autohtonih sorti Plavine i Lasina je osvje\u017eavaju\u0107e delikatno i lagano suho vino. Idealno za proljetne i ljetne izlaske i dru\u017eenja s prijateljima.<\/p>\n<\/div>\n\t<\/div> [vc_btn title=&#8221;Otkrijte&#8221; style=&#8221;custom&#8221; custom_background=&#8221;#998067&#8243; custom_text=&#8221;#ffffff&#8221; shape=&#8221;square&#8221; link=&#8221;url:https%3A%2F%2Fbaraka.co%2Fhr%2Fbutiga%2Fvino%2Frose-malena-2022-plavina-babic-i-lasina%2F|title:Ros%C3%A9%20Malena%202022&#8243;][vc_btn title=&#8221;Pregledaj sve&#8221; style=&#8221;custom&#8221; custom_background=&#8221;#000000&#8243; custom_text=&#8221;#ffffff&#8221; shape=&#8221;square&#8221; link=&#8221;url:http%3A%2F%2Fbaraka.co%2Fwine%2F|&#8221;][\/vc_column_inner][\/vc_row_inner][\/vc_tta_section][\/vc_tta_tabs][\/vc_column][\/vc_row][vc_row full_width=&#8221;stretch_row&#8221; equal_height=&#8221;yes&#8221; content_placement=&#8221;middle&#8221; css=&#8221;.vc_custom_1497521861109{padding-bottom: 0px !important;background-color: #000000 !important;}&#8221;][vc_column width=&#8221;2\/3&#8243; css=&#8221;.vc_custom_1496401745421{padding: 0px !important;}&#8221;][vc_single_image image=&#8221;1754&#8243; img_size=&#8221;large&#8221; css=&#8221;.vc_custom_1586469953444{margin-bottom: 0px !important;}&#8221;][\/vc_column][vc_column width=&#8221;1\/3&#8243; css=&#8221;.vc_custom_1497521736997{padding-top: 10% !important;padding-right: 10% !important;padding-bottom: 10% !important;padding-left: 10% !important;background-color: #181818 !important;}&#8221;]\n\t<div class=\"title-subtitle-box   \" style=\" text-align: left;\">\n\t\t<h2 style=\" text-transform: uppercase; font-weight: 400; letter-spacing: 0px;\" >Degustacije<\/h2>\n\t\t<div class=\"subtitle\" style=\"\"><p>Pridru\u017eite nam se u na\u0161oj ku\u0161aonici vina i u\u017eivajte \u0161irokom rasponu autohtonih i internacionalnih sorti vina uklju\u010duju\u0107i nagra\u0111ena vina iz na\u0161ih vinograda.<\/p>\n<\/div>\n\t<\/div> \n\t<div class=\"gg-special-link-wrapper  special-link-align-left\"><a  class=\"gg-special-link has-left-hor-line\" href=\"https:\/\/baraka.co\/hr\/posjetite-nas\/\" title=\"Otkrijte\" target=\"_self\">Otkrijte<\/a><\/div>[\/vc_column][\/vc_row][vc_row full_width=&#8221;stretch_row&#8221; equal_height=&#8221;yes&#8221; content_placement=&#8221;middle&#8221; css=&#8221;.vc_custom_1497522030236{padding-top: 0px !important;background-color: #000000 !important;}&#8221;][vc_column width=&#8221;1\/3&#8243; css=&#8221;.vc_custom_1497521880412{padding-top: 10% !important;padding-right: 10% !important;padding-bottom: 10% !important;padding-left: 10% !important;background-color: #181818 !important;}&#8221;]\n\t<div class=\"title-subtitle-box   \" style=\" text-align: left;\">\n\t\t<h2 style=\" text-transform: uppercase; font-weight: 400; letter-spacing: 0px;\" >Doga\u0111anja<\/h2>\n\t\t<div class=\"subtitle\" style=\"\"><p>Ku\u0161anja i izleti u vinogradu, privatna dru\u017eenja za \u010dlanove vinskog kluba\u2026 Do\u017eivite na\u0161a vina na nekom od nezaboravnih doga\u0111aja<\/p>\n<\/div>\n\t<\/div> \n\t<div class=\"gg-special-link-wrapper  special-link-align-left\"><a  class=\"gg-special-link has-left-hor-line\" href=\"https:\/\/baraka.co\/hr\/posjetite-nas\/\" title=\"Otkrijte\" target=\"_self\">Otkrijte<\/a><\/div>[\/vc_column][vc_column width=&#8221;2\/3&#8243; css=&#8221;.vc_custom_1496402597496{padding: 0px !important;}&#8221;][vc_single_image image=&#8221;2742&#8243; img_size=&#8221;large&#8221; css=&#8221;.vc_custom_1707155892982{margin-bottom: 0px !important;}&#8221;][\/vc_column][\/vc_row][vc_row equal_height=&#8221;yes&#8221; content_placement=&#8221;middle&#8221;][vc_column offset=&#8221;vc_col-lg-4&#8243;]\n\t<div class=\"title-subtitle-box   \" style=\" text-align: left;\">\n\t\t<span class=\"toptitle\">U\u017eivajte<\/span>\n\t\t<h1 style=\" text-transform: uppercase; font-weight: 400; letter-spacing: 0px;\" >Fina<br \/>vina Dalmacije<\/h1>\n\t\t<div class=\"subtitle\" style=\"\"><p>Sa fokusom na kvalitetu i tradiciju, trudimo se uvijek napraviti najbolja vina koja na\u0161 terroir mo\u017ee dati.<\/p>\n<\/div>\n\t<\/div> \n\t<div class=\"gg-special-link-wrapper  special-link-align-left\"><a  class=\"gg-special-link has-left-hor-line\" href=\"https:\/\/baraka.co\/hr\/vino\/\" title=\"Otkrijte\" target=\"_self\">Otkrijte<\/a><\/div>[\/vc_column][vc_column offset=&#8221;vc_col-lg-8&#8243;][vc_row_inner css=&#8221;.vc_custom_1498125484949{padding-top: 0px !important;padding-right: 10% !important;padding-bottom: 0px !important;padding-left: 10% !important;}&#8221;][vc_column_inner width=&#8221;1\/2&#8243;]\n\t<div class=\"featured-image-box  text-align-center inverse_hover_style\">\n\t\t<figure class=\" sadie default\">\n\t\t\t<a href=\"https:\/\/baraka.co\/hr\/o-nama\/\" title=\"O nama\" target=\"_self\"> <img decoding=\"async\" class=\"wp-post-image default\" src=\"https:\/\/baraka.co\/wp-content\/uploads\/2017\/05\/general-dummy-image.jpg\" alt=\"\" \/> <\/a>\n\t\t<figcaption>\n\t\t\t<a href=\"https:\/\/baraka.co\/hr\/o-nama\/\" title=\"O nama\" target=\"_self\"><\/a>\n\t\t\t<h4>Na\u0161a pri\u010da<\/h4>\n\t\t\t<p>Kako je sve po\u010delo<\/p>\n\t\t<\/figcaption>\n\t\t<\/figure>\n\t<\/div> \n\t<div class=\"featured-image-box  text-align-center inverse_hover_style\">\n\t\t<figure class=\" sadie default\">\n\t\t\t<a href=\"https:\/\/baraka.co\/hr\/vinarstvo\/\" title=\"Vinarstvo\" target=\"_self\"> <img decoding=\"async\" class=\"wp-post-image default\" src=\"https:\/\/baraka.co\/wp-content\/uploads\/2017\/05\/general-dummy-image.jpg\" alt=\"\" \/> <\/a>\n\t\t<figcaption>\n\t\t\t<a href=\"https:\/\/baraka.co\/hr\/vinarstvo\/\" title=\"Vinarstvo\" target=\"_self\"><\/a>\n\t\t\t<h4>Vinarstvo<\/h4>\n\t\t\t<p>Pri\u010da o nastajanju vina<\/p>\n\t\t<\/figcaption>\n\t\t<\/figure>\n\t<\/div> [\/vc_column_inner][vc_column_inner width=&#8221;1\/2&#8243;]\n\t<div class=\"featured-image-box  text-align-center inverse_hover_style\">\n\t\t<figure class=\" sadie default\">\n\t\t\t<a href=\"https:\/\/baraka.co\/hr\/nasa-povijest\/\" title=\"Na\u0161a povijest\" target=\"_self\"> <img decoding=\"async\" class=\"wp-post-image default\" src=\"https:\/\/baraka.co\/wp-content\/uploads\/2017\/05\/general-dummy-image.jpg\" alt=\"\" \/> <\/a>\n\t\t<figcaption>\n\t\t\t<a href=\"https:\/\/baraka.co\/hr\/nasa-povijest\/\" title=\"Na\u0161a povijest\" target=\"_self\"><\/a>\n\t\t\t<h4>Povijest<\/h4>\n\t\t\t<p>Na\u0161 put<\/p>\n\t\t<\/figcaption>\n\t\t<\/figure>\n\t<\/div> \n\t<div class=\"featured-image-box  text-align-center inverse_hover_style\">\n\t\t<figure class=\" sadie default\">\n\t\t\t<a href=\"https:\/\/baraka.co\/hr\/vinogradi\/\" title=\"Vinogradi\" target=\"_self\"> <img decoding=\"async\" class=\"wp-post-image default\" src=\"https:\/\/baraka.co\/wp-content\/uploads\/2017\/05\/general-dummy-image.jpg\" alt=\"\" \/> <\/a>\n\t\t<figcaption>\n\t\t\t<a href=\"https:\/\/baraka.co\/hr\/vinogradi\/\" title=\"Vinogradi\" target=\"_self\"><\/a>\n\t\t\t<h4>Vinogradi<\/h4>\n\t\t\t<p>Saznajte vi\u0161e o vinogradima<\/p>\n\t\t<\/figcaption>\n\t\t<\/figure>\n\t<\/div> [\/vc_column_inner][\/vc_row_inner][\/vc_column][\/vc_row]<\/p>\n<\/div>","protected":false},"excerpt":{"rendered":"<p>[vc_row][vc_column][vc_single_image image=&#8221;1715&#8243; img_size=&#8221;full&#8221; alignment=&#8221;center&#8221; el_class=&#8221;max-width-img-50&#8243;][\/vc_column][\/vc_row][vc_row css=&#8221;.vc_custom_1497510936674{padding-top: 0px !important;}&#8221;][vc_column width=&#8221;1\/2&#8243;][vc_column_text css=&#8221;.vc_custom_1587258407712{margin-bottom: 0px !important;padding-top: 0px !important;padding-right: 10% !important;padding-bottom: 10% !important;padding-left: 10% !important;}&#8221;]Vinarija Baraka je obiteljska butik vinarija koja se nalazi na poluotoku Srima, izme\u0111u \u0160ibenika i Vodica te smo u potpunosti fokusirani na vrhunsku kvalitetu i proizvodnju finih vina iz srca Dalmacije. Na\u0161im gostima i prijateljima se<br class=\"read-more-spacer\"> <a class=\"more-link\" href=\"https:\/\/baraka.co\/hr\/\">Read More<\/a><\/p>\n","protected":false},"author":1,"featured_media":0,"parent":0,"menu_order":0,"comment_status":"closed","ping_status":"closed","template":"","meta":{"_acf_changed":false,"footnotes":""},"class_list":["post-1596","page","type-page","status-publish","hentry"],"acf":[],"_links":{"self":[{"href":"https:\/\/baraka.co\/hr\/wp-json\/wp\/v2\/pages\/1596","targetHints":{"allow":["GET"]}}],"collection":[{"href":"https:\/\/baraka.co\/hr\/wp-json\/wp\/v2\/pages"}],"about":[{"href":"https:\/\/baraka.co\/hr\/wp-json\/wp\/v2\/types\/page"}],"author":[{"embeddable":true,"href":"https:\/\/baraka.co\/hr\/wp-json\/wp\/v2\/users\/1"}],"replies":[{"embeddable":true,"href":"https:\/\/baraka.co\/hr\/wp-json\/wp\/v2\/comments?post=1596"}],"version-history":[{"count":32,"href":"https:\/\/baraka.co\/hr\/wp-json\/wp\/v2\/pages\/1596\/revisions"}],"predecessor-version":[{"id":2980,"href":"https:\/\/baraka.co\/hr\/wp-json\/wp\/v2\/pages\/1596\/revisions\/2980"}],"wp:attachment":[{"href":"https:\/\/baraka.co\/hr\/wp-json\/wp\/v2\/media?parent=1596"}],"curies":[{"name":"wp","href":"https:\/\/api.w.org\/{rel}","templated":true}]}}