{"id":1806,"date":"2020-04-16T23:54:04","date_gmt":"2020-04-16T23:54:04","guid":{"rendered":"https:\/\/baraka.co\/o-nama\/"},"modified":"2024-04-09T10:43:22","modified_gmt":"2024-04-09T08:43:22","slug":"o-nama","status":"publish","type":"page","link":"https:\/\/baraka.co\/hr\/o-nama\/","title":{"rendered":"O nama"},"content":{"rendered":"<div class=\"wpb-content-wrapper\"><p>[vc_row][vc_column][vc_row_inner][vc_column_inner width=&#8221;1\/2&#8243;][vc_single_image image=&#8221;1707&#8243; img_size=&#8221;full&#8221;][vc_column_text css=&#8221;.vc_custom_1545169904948{padding-top: 10% !important;padding-right: 10% !important;padding-bottom: 10% !important;padding-left: 10% !important;}&#8221;]Vinarija Baraka je obiteljska butik vinarija koja se nalazi na poluotoku Srima blizu \u0160ibenika i Vodica. Poluotok Srima sa svojih 500 kilometara suhozida je pravi testament te\u0161kom \u017eivotu i povijesti ovog mjesta.<br \/>\nOkru\u017een estuarijem rijeke Krke, Jadranskim morem i prekrasnim kanalo Sv. Ante stvara zanimljivu mikro klimu i poseban terroir za na\u0161a vina.[\/vc_column_text][\/vc_column_inner][vc_column_inner width=&#8221;1\/2&#8243;]\n\t<div class=\"title-subtitle-box  vc_custom_1712652190189 \" style=\" text-align: left;\">\n\t\t<h1 style=\" text-transform: uppercase; font-weight: 400; letter-spacing: 0px;\" >Dobrodo\u0161li u Vinariju Baraka<\/h1>\n\t<\/div> [vc_column_text css=&#8221;.vc_custom_1545171976970{padding-top: 0px !important;padding-right: 10% !important;padding-bottom: 10% !important;padding-left: 10% !important;}&#8221;]Korijeni na\u0161e povezanosti sa vinima se\u017eu u osamdesete godine pro\u0161log tisu\u010dlje\u0107a kada smo po\u010dinjali stvarati prva vina u malom podrumu obiteljske ku\u0107e sa gro\u017e\u0111em iz vinograda na\u0161ih prijatelja. Stvarali smo vino da bi ga podjelili sa prijateljima, u\u017eivali u njemu sa obitelji u specijalnim prigodama i susretima\u2026<\/p>\n<p>Jo\u0161 uvijek se dr\u017eimo tih starih navada pa biraju\u0107i na\u0161a vina i vi postajete na\u0161 prijatelj i dio obitelji.<\/p>\n<p>Dobrodo\u0161li[\/vc_column_text][vc_single_image image=&#8221;1712&#8243; img_size=&#8221;full&#8221;][\/vc_column_inner][\/vc_row_inner][\/vc_column][\/vc_row][vc_row full_width=&#8221;stretch_row&#8221; full_height=&#8221;yes&#8221; content_placement=&#8221;middle&#8221; parallax=&#8221;content-moving-fade&#8221; parallax_image=&#8221;3024&#8243; css=&#8221;.vc_custom_1712651967543{background-image: url(http:\/\/baraka.co\/wp-content\/uploads\/2017\/06\/homepage-slider-dummy.jpg?id=1045) !important;}&#8221;][vc_column][vc_custom_heading text=&#8221;Duboki korijeni.&#8221; font_container=&#8221;tag:h1|font_size:110px|text_align:center|color:rgba(255%2C255%2C255%2C0.3)&#8221; google_fonts=&#8221;font_family:EB%20Garamond%3Aregular|font_style:400%20regular%3A400%3Anormal&#8221; css_animation=&#8221;fadeIn&#8221; css=&#8221;.vc_custom_1712652154467{padding-top: 50px !important;padding-right: 50px !important;padding-bottom: 50px !important;padding-left: 50px !important;background-color: rgba(0,0,0,0.76) !important;*background-color: rgb(0,0,0) !important;}&#8221;][\/vc_column][\/vc_row][vc_row css=&#8221;.vc_custom_1498038582575{padding-bottom: 0px !important;}&#8221;][vc_column width=&#8221;1\/2&#8243;][vc_column_text css=&#8221;.vc_custom_1545171490669{padding-top: 0px !important;padding-right: 10% !important;padding-bottom: 10% !important;padding-left: 10% !important;}&#8221;]Vinogradi su podignuti 2005 godine sa lokalnim i internacionalnim sortama u kona\u010dnici je zasa\u0111eno oko 11500 \u010dokota na imanju od 4 hektara. Loza nije navodnjavanja i mi vjerujemo u pametnu, ekolo\u0161ki prihvatljivu i odr\u017eivu poljoprivrednu kulturu. Kao potvrdu na\u0161im uvjerenjima u na\u0161im vinogradima i zemlji nikako ne koristimo herbicide.[\/vc_column_text][\/vc_column][vc_column width=&#8221;1\/2&#8243;][vc_column_text css=&#8221;.vc_custom_1610029234386{padding-top: 0px !important;padding-right: 10% !important;padding-bottom: 10% !important;padding-left: 10% !important;}&#8221;]Uz vinograd va\u017ean dio na\u0161eg imanja je i maslinik sa otprilike 400 maslina, ali i mediteransko bilje poput smilja, lavande, kadulje koje okru\u017euje na\u0161 vinograd tvore\u0107i mali ekosustav pomo\u0107nog bilja, insekata i drugog lokalnog biljnog i \u017eivotinjskog svijeta.[\/vc_column_text][\/vc_column][\/vc_row][vc_row full_width=&#8221;stretch_row_content&#8221; css=&#8221;.vc_custom_1498039290081{padding-right: 15px !important;padding-left: 15px !important;background-color: #000000 !important;}&#8221;][vc_column]\n\t<div class=\"\">\n\t<div class=\"gg_images_slider\">\n\t<div  data-slick='{  \"slidesToShow\": 3,  \"arrows\": true,  \"dots\": true,  \"autoplay\": true,  \"infinite\": true,  \"slidesToScroll\": 1,  \"responsive\": [{\"breakpoint\": 1024, \"settings\": {\"slidesToShow\": 3, \"slidesToScroll\": 1}}, {\"breakpoint\": 600, \"settings\": {\"slidesToShow\": 2, \"slidesToScroll\": 1}}, {\"breakpoint\": 480, \"settings\": {\"slidesToShow\": 1, \"slidesToScroll\": 1}}]  }'  class=\"el-grid no_magnific products row gg-slick-carousel \" data-layout-mode=\"fitRows\" data-pagination=\"\"><div class=\"3\"><img decoding=\"async\" width=\"1024\" height=\"683\" src=\"https:\/\/baraka.co\/wp-content\/uploads\/2018\/12\/BarakaWine-Mocira_barrel-1-1024x683.jpg\" class=\"attachment-large\" alt=\"\" title=\"Vino Baraka Mocira na ba\u010dvi\" srcset=\"https:\/\/baraka.co\/wp-content\/uploads\/2018\/12\/BarakaWine-Mocira_barrel-1-1024x683.jpg 1024w, https:\/\/baraka.co\/wp-content\/uploads\/2018\/12\/BarakaWine-Mocira_barrel-1-300x200.jpg 300w, https:\/\/baraka.co\/wp-content\/uploads\/2018\/12\/BarakaWine-Mocira_barrel-1-e1545171092464-600x400.jpg 600w, https:\/\/baraka.co\/wp-content\/uploads\/2018\/12\/BarakaWine-Mocira_barrel-1-768x512.jpg 768w, https:\/\/baraka.co\/wp-content\/uploads\/2018\/12\/BarakaWine-Mocira_barrel-1-e1545171092464.jpg 1500w\" sizes=\"(max-width: 1024px) 100vw, 1024px\" \/><\/div><div class=\"3\"><img decoding=\"async\" width=\"1024\" height=\"683\" src=\"https:\/\/baraka.co\/wp-content\/uploads\/2019\/09\/FB_DSF6817-1024x683.jpg\" class=\"attachment-large\" alt=\"\" title=\"Prisbus Merlot\" srcset=\"https:\/\/baraka.co\/wp-content\/uploads\/2019\/09\/FB_DSF6817-1024x683.jpg 1024w, https:\/\/baraka.co\/wp-content\/uploads\/2019\/09\/FB_DSF6817-300x200.jpg 300w, https:\/\/baraka.co\/wp-content\/uploads\/2019\/09\/FB_DSF6817-600x400.jpg 600w, https:\/\/baraka.co\/wp-content\/uploads\/2019\/09\/FB_DSF6817-768x512.jpg 768w, https:\/\/baraka.co\/wp-content\/uploads\/2019\/09\/FB_DSF6817.jpg 2048w\" sizes=\"(max-width: 1024px) 100vw, 1024px\" \/><\/div><div class=\"3\"><img decoding=\"async\" width=\"1024\" height=\"683\" src=\"https:\/\/baraka.co\/wp-content\/uploads\/2024\/02\/VB_L1010239-1024x683.jpg\" class=\"attachment-large\" alt=\"Prisbus vineyard in winter\" title=\"Prisbus Vineyard\" srcset=\"https:\/\/baraka.co\/wp-content\/uploads\/2024\/02\/VB_L1010239-1024x683.jpg 1024w, https:\/\/baraka.co\/wp-content\/uploads\/2024\/02\/VB_L1010239-300x200.jpg 300w, https:\/\/baraka.co\/wp-content\/uploads\/2024\/02\/VB_L1010239-768x512.jpg 768w, https:\/\/baraka.co\/wp-content\/uploads\/2024\/02\/VB_L1010239-1536x1025.jpg 1536w, https:\/\/baraka.co\/wp-content\/uploads\/2024\/02\/VB_L1010239-600x400.jpg 600w, https:\/\/baraka.co\/wp-content\/uploads\/2024\/02\/VB_L1010239.jpg 2040w\" sizes=\"(max-width: 1024px) 100vw, 1024px\" \/><\/div><div class=\"3\"><img decoding=\"async\" width=\"1024\" height=\"683\" src=\"https:\/\/baraka.co\/wp-content\/uploads\/2024\/02\/VB_L1010150-1024x683.jpg\" class=\"attachment-large\" alt=\"\" title=\"VB_L1010150\" srcset=\"https:\/\/baraka.co\/wp-content\/uploads\/2024\/02\/VB_L1010150-1024x683.jpg 1024w, https:\/\/baraka.co\/wp-content\/uploads\/2024\/02\/VB_L1010150-300x200.jpg 300w, https:\/\/baraka.co\/wp-content\/uploads\/2024\/02\/VB_L1010150-768x512.jpg 768w, https:\/\/baraka.co\/wp-content\/uploads\/2024\/02\/VB_L1010150-1536x1025.jpg 1536w, https:\/\/baraka.co\/wp-content\/uploads\/2024\/02\/VB_L1010150-600x400.jpg 600w, https:\/\/baraka.co\/wp-content\/uploads\/2024\/02\/VB_L1010150.jpg 2040w\" sizes=\"(max-width: 1024px) 100vw, 1024px\" \/><\/div><div class=\"3\"><img decoding=\"async\" width=\"1024\" height=\"683\" src=\"https:\/\/baraka.co\/wp-content\/uploads\/2024\/01\/baraka_L1010040-1024x683.jpg\" class=\"attachment-large\" alt=\"\" title=\"baraka_L1010040\" srcset=\"https:\/\/baraka.co\/wp-content\/uploads\/2024\/01\/baraka_L1010040-1024x683.jpg 1024w, https:\/\/baraka.co\/wp-content\/uploads\/2024\/01\/baraka_L1010040-300x200.jpg 300w, https:\/\/baraka.co\/wp-content\/uploads\/2024\/01\/baraka_L1010040-768x513.jpg 768w, https:\/\/baraka.co\/wp-content\/uploads\/2024\/01\/baraka_L1010040-600x400.jpg 600w, https:\/\/baraka.co\/wp-content\/uploads\/2024\/01\/baraka_L1010040.jpg 1440w\" sizes=\"(max-width: 1024px) 100vw, 1024px\" \/><\/div><div class=\"3\"><img decoding=\"async\" width=\"1024\" height=\"683\" src=\"https:\/\/baraka.co\/wp-content\/uploads\/2024\/02\/VB_L1010476-1024x683.jpg\" class=\"attachment-large\" alt=\"\" title=\"VB_L1010476\" srcset=\"https:\/\/baraka.co\/wp-content\/uploads\/2024\/02\/VB_L1010476-1024x683.jpg 1024w, https:\/\/baraka.co\/wp-content\/uploads\/2024\/02\/VB_L1010476-300x200.jpg 300w, https:\/\/baraka.co\/wp-content\/uploads\/2024\/02\/VB_L1010476-768x512.jpg 768w, https:\/\/baraka.co\/wp-content\/uploads\/2024\/02\/VB_L1010476-1536x1025.jpg 1536w, https:\/\/baraka.co\/wp-content\/uploads\/2024\/02\/VB_L1010476-600x400.jpg 600w, https:\/\/baraka.co\/wp-content\/uploads\/2024\/02\/VB_L1010476.jpg 2040w\" sizes=\"(max-width: 1024px) 100vw, 1024px\" \/><\/div><div class=\"3\"><img decoding=\"async\" width=\"1024\" height=\"683\" src=\"https:\/\/baraka.co\/wp-content\/uploads\/2024\/01\/2021_0609_09591600-1024x683.jpg\" class=\"attachment-large\" alt=\"\" title=\"2021_0609_09591600\" srcset=\"https:\/\/baraka.co\/wp-content\/uploads\/2024\/01\/2021_0609_09591600-1024x683.jpg 1024w, https:\/\/baraka.co\/wp-content\/uploads\/2024\/01\/2021_0609_09591600-300x200.jpg 300w, https:\/\/baraka.co\/wp-content\/uploads\/2024\/01\/2021_0609_09591600-768x512.jpg 768w, https:\/\/baraka.co\/wp-content\/uploads\/2024\/01\/2021_0609_09591600-1536x1024.jpg 1536w, https:\/\/baraka.co\/wp-content\/uploads\/2024\/01\/2021_0609_09591600-600x400.jpg 600w, https:\/\/baraka.co\/wp-content\/uploads\/2024\/01\/2021_0609_09591600.jpg 1776w\" sizes=\"(max-width: 1024px) 100vw, 1024px\" \/><\/div><div class=\"3\"><img decoding=\"async\" width=\"1024\" height=\"684\" src=\"https:\/\/baraka.co\/wp-content\/uploads\/2024\/01\/VBL1000840-3-1024x684.jpg\" class=\"attachment-large\" alt=\"\" title=\"VBL1000840 3\" srcset=\"https:\/\/baraka.co\/wp-content\/uploads\/2024\/01\/VBL1000840-3-1024x684.jpg 1024w, https:\/\/baraka.co\/wp-content\/uploads\/2024\/01\/VBL1000840-3-300x200.jpg 300w, https:\/\/baraka.co\/wp-content\/uploads\/2024\/01\/VBL1000840-3-768x513.jpg 768w, https:\/\/baraka.co\/wp-content\/uploads\/2024\/01\/VBL1000840-3-1536x1025.jpg 1536w, https:\/\/baraka.co\/wp-content\/uploads\/2024\/01\/VBL1000840-3-600x400.jpg 600w, https:\/\/baraka.co\/wp-content\/uploads\/2024\/01\/VBL1000840-3.jpg 2048w\" sizes=\"(max-width: 1024px) 100vw, 1024px\" \/><\/div><div class=\"3\"><img decoding=\"async\" width=\"1024\" height=\"683\" src=\"https:\/\/baraka.co\/wp-content\/uploads\/2023\/07\/web_DSF5848-1-1024x683.jpg\" class=\"attachment-large\" alt=\"\" title=\"web_DSF5848\" srcset=\"https:\/\/baraka.co\/wp-content\/uploads\/2023\/07\/web_DSF5848-1-1024x683.jpg 1024w, https:\/\/baraka.co\/wp-content\/uploads\/2023\/07\/web_DSF5848-1-300x200.jpg 300w, https:\/\/baraka.co\/wp-content\/uploads\/2023\/07\/web_DSF5848-1-768x512.jpg 768w, https:\/\/baraka.co\/wp-content\/uploads\/2023\/07\/web_DSF5848-1-1536x1024.jpg 1536w, https:\/\/baraka.co\/wp-content\/uploads\/2023\/07\/web_DSF5848-1-600x400.jpg 600w, https:\/\/baraka.co\/wp-content\/uploads\/2023\/07\/web_DSF5848-1.jpg 2048w\" sizes=\"(max-width: 1024px) 100vw, 1024px\" \/><\/div>\n\t<\/div>\n\t<\/div>\n\t<\/div>[\/vc_column][\/vc_row][vc_row css=&#8221;.vc_custom_1498038682111{padding-right: 12% !important;padding-left: 12% !important;}&#8221;][vc_column]\n\t<blockquote  class=\"gg-vc-quote \">\n\tGledaju\u0107i na duge staze, jedini put naprijed je ekolo\u0161ki prihvatljivo i samoodr\u017eivo vinogradarenje.\n\t<cite>Filip Baraka<\/cite>\n\t<\/blockquote>[\/vc_column][\/vc_row][vc_row][vc_column][\/vc_column][\/vc_row]<\/p>\n<\/div>","protected":false},"excerpt":{"rendered":"<p>[vc_row][vc_column][vc_row_inner][vc_column_inner width=&#8221;1\/2&#8243;][vc_single_image image=&#8221;1707&#8243; img_size=&#8221;full&#8221;][vc_column_text css=&#8221;.vc_custom_1545169904948{padding-top: 10% !important;padding-right: 10% !important;padding-bottom: 10% !important;padding-left: 10% !important;}&#8221;]Vinarija Baraka je obiteljska butik vinarija koja se nalazi na poluotoku Srima blizu \u0160ibenika i Vodica. Poluotok Srima sa svojih 500 kilometara suhozida je pravi testament te\u0161kom \u017eivotu i povijesti ovog mjesta. Okru\u017een estuarijem rijeke Krke, Jadranskim morem i prekrasnim kanalo Sv. Ante<br class=\"read-more-spacer\"> <a class=\"more-link\" href=\"https:\/\/baraka.co\/hr\/o-nama\/\">Read More<\/a><\/p>\n","protected":false},"author":1,"featured_media":3019,"parent":0,"menu_order":0,"comment_status":"closed","ping_status":"closed","template":"","meta":{"_acf_changed":false,"footnotes":""},"class_list":["post-1806","page","type-page","status-publish","has-post-thumbnail","hentry"],"acf":[],"_links":{"self":[{"href":"https:\/\/baraka.co\/hr\/wp-json\/wp\/v2\/pages\/1806","targetHints":{"allow":["GET"]}}],"collection":[{"href":"https:\/\/baraka.co\/hr\/wp-json\/wp\/v2\/pages"}],"about":[{"href":"https:\/\/baraka.co\/hr\/wp-json\/wp\/v2\/types\/page"}],"author":[{"embeddable":true,"href":"https:\/\/baraka.co\/hr\/wp-json\/wp\/v2\/users\/1"}],"replies":[{"embeddable":true,"href":"https:\/\/baraka.co\/hr\/wp-json\/wp\/v2\/comments?post=1806"}],"version-history":[{"count":15,"href":"https:\/\/baraka.co\/hr\/wp-json\/wp\/v2\/pages\/1806\/revisions"}],"predecessor-version":[{"id":3027,"href":"https:\/\/baraka.co\/hr\/wp-json\/wp\/v2\/pages\/1806\/revisions\/3027"}],"wp:featuredmedia":[{"embeddable":true,"href":"https:\/\/baraka.co\/hr\/wp-json\/wp\/v2\/media\/3019"}],"wp:attachment":[{"href":"https:\/\/baraka.co\/hr\/wp-json\/wp\/v2\/media?parent=1806"}],"curies":[{"name":"wp","href":"https:\/\/api.w.org\/{rel}","templated":true}]}}