{"id":1819,"date":"2020-04-17T19:35:08","date_gmt":"2020-04-17T19:35:08","guid":{"rendered":"https:\/\/baraka.co\/visit-us\/"},"modified":"2026-02-04T23:30:10","modified_gmt":"2026-02-04T22:30:10","slug":"posjetite-nas","status":"publish","type":"page","link":"https:\/\/baraka.co\/hr\/posjetite-nas\/","title":{"rendered":"Degustacije"},"content":{"rendered":"<div class=\"wpb-content-wrapper\"><p>[vc_row equal_height=&#8221;yes&#8221; css=&#8221;.vc_custom_1497617642934{padding-top: 0px !important;padding-bottom: 0px !important;}&#8221;][vc_column width=&#8221;1\/3&#8243; css=&#8221;.vc_custom_1496419762701{background-color: #000000 !important;}&#8221;]\n\t<div class=\"gg-infobox  has-vertical-line vc_custom_1689433269729\" style=\"text-align:center;\">\n\t\t<h4 >Kontakt<\/h4>\n\t\t<hr class=\"has-topline\">\n\t\t<div class=\"description\" ><p>Bogdanovi\u0107i 36<br \/>\n22000 \u0160ibenik, Hrvatska<br \/>\n+385 99 499 9595<br \/>\n<a href=\"http:\/\/baraka.co\/contact\/\">Mapa i kontakt obrazac<\/a><\/p>\n<\/div>\n\t<\/div> [\/vc_column][vc_column width=&#8221;1\/3&#8243; css=&#8221;.vc_custom_1496419831238{margin-right: 1px !important;margin-left: 1px !important;background-color: #000000 !important;}&#8221;]\n\t<div class=\"gg-infobox  has-vertical-line vc_custom_1761990206575\" style=\"text-align:center;\">\n\t\t<h4 >Rezervacije<\/h4>\n\t\t<hr class=\"has-topline\">\n\t\t<div class=\"description\" ><p>Degustacije radnim danom \u00a0od 10:00 do 16:00. (zadnje ku\u0161anje vina po\u010dinje u 15:00)<br \/>\nNedjeljom ne radimo.<br \/>\n<a href=\"https:\/\/baraka.co\/hr\/rezervacije\/\">Rezervacije online<\/a> ili na tel:+385 99 499 9595 ili:<\/p>\n<\/div>\n\t<\/div> [\/vc_column][vc_column width=&#8221;1\/3&#8243; css=&#8221;.vc_custom_1496419812855{background-color: #000000 !important;}&#8221;]\n\t<div class=\"gg-infobox  has-vertical-line vc_custom_1770244153235\" style=\"text-align:center;\">\n\t\t<h4 >Kad ne radimo<\/h4>\n\t\t<hr class=\"has-topline\">\n\t\t<div class=\"description\" ><p class=\"p1\">Zatvoreni smo na Uskrs, Svi svete, Bo\u017ei\u0107 i Novu godinu.<\/p>\n<p class=\"p1\">Tijekom zimske sezone du\u0107an radi isklju\u010divo uz prethodnu rezervaciju i po dogovoru \u2013 slobodno nam se javite.<\/p>\n<p class=\"p1\">Otvorenje nove sezone:<strong> 16. o\u017eujka 2026.<\/strong><\/p>\n<\/div>\n\t<\/div> [\/vc_column][\/vc_row][vc_row][vc_column width=&#8221;1\/4&#8243;][\/vc_column][vc_column width=&#8221;1\/2&#8243;][vc_column_text css=&#8221;.vc_custom_1587248241965{margin-bottom: 0px !important;}&#8221;]<\/p>\n<p style=\"text-align: center;\">Dopustite da vam pru\u017eimo dobrodo\u0161licu u na\u0161oj obiteljskoj vinariji! Za vas mo\u017eemo organizirati cijeli niz razli\u010ditih iskustava ku\u0161anja vina, ekstra djevi\u010danskih maslinovih ulja, lokalnih sireva i sve to uz predivan pogled na vinograd.<\/p>\n<p>[\/vc_column_text][\/vc_column][vc_column width=&#8221;1\/4&#8243;][\/vc_column][\/vc_row][vc_row equal_height=&#8221;yes&#8221; content_placement=&#8221;middle&#8221; css=&#8221;.vc_custom_1496402809943{padding-top: 0px !important;padding-bottom: 0px !important;}&#8221;][vc_column width=&#8221;2\/3&#8243; css=&#8221;.vc_custom_1587248457323{padding-top: 0px !important;padding-right: 0px !important;padding-bottom: 0px !important;padding-left: 0px !important;background-color: #000000 !important;}&#8221;][vc_single_image image=&#8221;2711&#8243; img_size=&#8221;large&#8221; css=&#8221;.vc_custom_1707128271481{margin-bottom: 0px !important;}&#8221;][\/vc_column][vc_column width=&#8221;1\/3&#8243; css=&#8221;.vc_custom_1496401701706{padding: 10% !important;background-color: #000000 !important;}&#8221;]\n\t<div class=\"title-subtitle-box   \" style=\" text-align: left;\">\n\t\t<h2 style=\" text-transform: uppercase; font-weight: 400; letter-spacing: 0px;\" >Degustacije<\/h2>\n\t\t<div class=\"subtitle\" style=\"\"><p>Pridru\u017eite nam se u na\u0161oj ku\u0161aonici vina i u\u017eivajte \u0161irokom rasponu autohtonih i internacionalnih sorti vina uklju\u010duju\u0107i nagra\u0111ena vina iz na\u0161ih vinograda.<\/p>\n<\/div>\n\t<\/div> \n\t<div class=\"gg-special-link-wrapper  special-link-align-left\"><a  class=\"gg-special-link has-left-hor-line\" href=\"#\" title=\"Otkriji\" target=\"_self\">Otkriji<\/a><\/div>[\/vc_column][\/vc_row][vc_row equal_height=&#8221;yes&#8221; content_placement=&#8221;middle&#8221; css=&#8221;.vc_custom_1496403138638{padding-top: 0px !important;padding-bottom: 0px !important;}&#8221;][vc_column width=&#8221;1\/3&#8243; css=&#8221;.vc_custom_1496402580155{padding: 10% !important;background-color: #000000 !important;}&#8221;]\n\t<div class=\"title-subtitle-box   \" style=\" text-align: left;\">\n\t\t<h2 style=\" text-transform: uppercase; font-weight: 400; letter-spacing: 0px;\" >Doga\u0111anja<\/h2>\n\t\t<div class=\"subtitle\" style=\"\"><p>Ku\u0161anja i izleti u vinogradu, privatna dru\u017eenja za \u010dlanove vinskog kluba\u2026 Do\u017eivite na\u0161a vina na nekom od nezaboravnih doga\u0111aja poput Dalmatinova\u2026<\/p>\n<\/div>\n\t<\/div> \n\t<div class=\"gg-special-link-wrapper  special-link-align-left\"><a  class=\"gg-special-link has-left-hor-line\" href=\"https:\/\/baraka.co\/2020\/02\/24\/dalmatinovo\/\" title=\"Otkrijte\" target=\"_self\">Otkrijte<\/a><\/div>[\/vc_column][vc_column width=&#8221;2\/3&#8243; css=&#8221;.vc_custom_1496402597496{padding: 0px !important;}&#8221;][vc_single_image image=&#8221;2744&#8243; img_size=&#8221;large&#8221; css=&#8221;.vc_custom_1707128294077{margin-bottom: 0px !important;}&#8221;][\/vc_column][\/vc_row][vc_row equal_height=&#8221;yes&#8221; content_placement=&#8221;middle&#8221; css=&#8221;.vc_custom_1496402809943{padding-top: 0px !important;padding-bottom: 0px !important;}&#8221;][vc_column width=&#8221;2\/3&#8243; css=&#8221;.vc_custom_1587248457323{padding-top: 0px !important;padding-right: 0px !important;padding-bottom: 0px !important;padding-left: 0px !important;background-color: #000000 !important;}&#8221;][vc_single_image image=&#8221;2723&#8243; img_size=&#8221;large&#8221; css=&#8221;.vc_custom_1707128413517{margin-bottom: 0px !important;}&#8221;][\/vc_column][vc_column width=&#8221;1\/3&#8243; css=&#8221;.vc_custom_1496401701706{padding: 10% !important;background-color: #000000 !important;}&#8221;]\n\t<div class=\"title-subtitle-box   \" style=\" text-align: left;\">\n\t\t<h2 style=\" text-transform: uppercase; font-weight: 400; letter-spacing: 0px;\" >Butiga Vina<\/h2>\n\t\t<div class=\"subtitle\" style=\"\"><p>Nezaobilazan dio nakon ku\u0161anja na\u0161ih vina je odabrati ne\u0161to iz bogate ponude na\u0161e vinarije. U\u017eivajte i kod ku\u0107e u me\u0111unarodno priznatim vinima iz na\u0161ih vinograda kao i u ekstra djevi\u010danskom maslinovom ulja sa na\u0161eg imanja. Udru\u017eeni sa malim proizvo\u0111a\u0107ima \u0161ibenskog kraja predstavljamo i pomno odabranu selekciju proizvoda\u2026<\/p>\n<\/div>\n\t<\/div> \n\t<div class=\"gg-special-link-wrapper  special-link-align-left\"><a  class=\"gg-special-link has-left-hor-line\" href=\"#\" title=\"Otkriji\" target=\"_self\">Otkriji<\/a><\/div>[\/vc_column][\/vc_row][vc_row][vc_column]\n\t<div class=\"title-subtitle-box   \" style=\" text-align: center; max-width: 60%; margin-left: auto; margin-right: auto;\">\n\t\t<h1 style=\" text-transform: uppercase; font-weight: 400; letter-spacing: 0px;\" >Kako do\u0107i do nas?<\/h1>\n\t\t<div class=\"subtitle\" style=\"\"><p>U nastavku par kratica koje vam mogu pomo\u0107i prilikom dolaska u na\u0161u vinariju.<\/p>\n<\/div>\n\t<\/div> [vc_tta_accordion style=&#8221;outline&#8221; shape=&#8221;square&#8221; color=&#8221;black&#8221; active_section=&#8221;1&#8243; css=&#8221;.vc_custom_1498203854833{padding-right: 10% !important;padding-left: 10% !important;}&#8221;][vc_tta_section title=&#8221;Dolazak iz Splita ili Dubrovnika&#8221; tab_id=&#8221;1497622166496-1ca7e70c-0e5d&#8221;][vc_column_text]Ukoliko dolazite autocestom iza\u0111ite na izlazu \u0160ibenik, nakon tunela Dumbo\u010dica skrenite na zapad prema Vodicama. Nastavite glavnom cestom i \u0161ibesnkom zaobilaznicom, oko 2 km nakon \u0161ibenskog mosta skrenite desno prema Jadriji.[\/vc_column_text][\/vc_tta_section][vc_tta_section title=&#8221;Dolazak iz Zadra&#8221; tab_id=&#8221;1545154504140-d2520090-28eb&#8221;][vc_column_text]Ukoliko dolazite autocestom iza\u0111ite na izlazu Pirovac Murter i pratite cestu za Vodice. Otprilike 1 kilometar nakon vodi\u010dke zaobilaznice skrenite desno prema Jadriji.[\/vc_column_text][\/vc_tta_section][vc_tta_section title=&#8221;Organizirani prijevoz&#8221; tab_id=&#8221;1545155687032-39140888-f738&#8243;][vc_column_text]Dopustite nam da se pobrinemo za va\u0161 prijevoz kako bi se vi i va\u0161e dru\u0161tvo u potpunosti opustili i u\u017eivali u posjetu vinariji. Nazovite nas na\u00a0\u00a0+38598337993[\/vc_column_text][\/vc_tta_section][vc_tta_section title=&#8221;Krenite malo ranije\u2026&#8221; tab_id=&#8221;1497622105495-633219ac-0946&#8243;][vc_column_text]Pogotovo tijekom ljetnih mjeseci jer nekad promet mo\u017ee biti poja\u010dan preko \u0161ibenskog mosta ili kad dolazite iz gradskog centra. Na\u0161u vinariju je jednostavno prona\u0107i i nalazimo se nepunih 500 metara nakon \u0161to ste skrenuli sa dr\u017eavne magistrale prema mjestu i gradskom kupali\u0161tu Jadrija.[\/vc_column_text][\/vc_tta_section][vc_tta_section title=&#8221;Upotrijebite GPS aplikaciju&#8221; tab_id=&#8221;1497622105451-f44d8fbf-e33d&#8221;][vc_column_text]Upi\u0161ite Baraka Winery ili Vinarija Baraka u va\u0161u omiljenu aplikaciju za navigaciju poput Google ili Apple Maps i trebali bi prona\u0107i na\u0161u lokaciju, ukoliko ista nije prona\u0111ena javite nam se, rado \u0107emo vam poslati direkcije i pomo\u0107i prilikom planiranja dolaska. Pratite oznake za vinariju i skretanje za mjesto Jadrija. Mi se nalazimo nepunih 500m od dr\u017eavne ceste i skretanja za Jadriju.[\/vc_column_text][\/vc_tta_section][\/vc_tta_accordion][\/vc_column][\/vc_row]<\/p>\n<\/div>","protected":false},"excerpt":{"rendered":"<p>[vc_row equal_height=&#8221;yes&#8221; css=&#8221;.vc_custom_1497617642934{padding-top: 0px !important;padding-bottom: 0px !important;}&#8221;][vc_column width=&#8221;1\/3&#8243; css=&#8221;.vc_custom_1496419762701{background-color: #000000 !important;}&#8221;][\/vc_column][vc_column width=&#8221;1\/3&#8243; css=&#8221;.vc_custom_1496419831238{margin-right: 1px !important;margin-left: 1px !important;background-color: #000000 !important;}&#8221;][\/vc_column][vc_column width=&#8221;1\/3&#8243; css=&#8221;.vc_custom_1496419812855{background-color: #000000 !important;}&#8221;][\/vc_column][\/vc_row][vc_row][vc_column width=&#8221;1\/4&#8243;][\/vc_column][vc_column width=&#8221;1\/2&#8243;][vc_column_text css=&#8221;.vc_custom_1587248241965{margin-bottom: 0px !important;}&#8221;] Dopustite da vam pru\u017eimo dobrodo\u0161licu u na\u0161oj obiteljskoj vinariji! Za vas mo\u017eemo organizirati cijeli niz razli\u010ditih iskustava ku\u0161anja vina, ekstra djevi\u010danskih maslinovih ulja, lokalnih sireva i sve<br class=\"read-more-spacer\"> <a class=\"more-link\" href=\"https:\/\/baraka.co\/hr\/posjetite-nas\/\">Read More<\/a><\/p>\n","protected":false},"author":1,"featured_media":2213,"parent":0,"menu_order":0,"comment_status":"closed","ping_status":"closed","template":"","meta":{"_acf_changed":false,"footnotes":""},"class_list":["post-1819","page","type-page","status-publish","has-post-thumbnail","hentry"],"acf":[],"_links":{"self":[{"href":"https:\/\/baraka.co\/hr\/wp-json\/wp\/v2\/pages\/1819","targetHints":{"allow":["GET"]}}],"collection":[{"href":"https:\/\/baraka.co\/hr\/wp-json\/wp\/v2\/pages"}],"about":[{"href":"https:\/\/baraka.co\/hr\/wp-json\/wp\/v2\/types\/page"}],"author":[{"embeddable":true,"href":"https:\/\/baraka.co\/hr\/wp-json\/wp\/v2\/users\/1"}],"replies":[{"embeddable":true,"href":"https:\/\/baraka.co\/hr\/wp-json\/wp\/v2\/comments?post=1819"}],"version-history":[{"count":42,"href":"https:\/\/baraka.co\/hr\/wp-json\/wp\/v2\/pages\/1819\/revisions"}],"predecessor-version":[{"id":3466,"href":"https:\/\/baraka.co\/hr\/wp-json\/wp\/v2\/pages\/1819\/revisions\/3466"}],"wp:featuredmedia":[{"embeddable":true,"href":"https:\/\/baraka.co\/hr\/wp-json\/wp\/v2\/media\/2213"}],"wp:attachment":[{"href":"https:\/\/baraka.co\/hr\/wp-json\/wp\/v2\/media?parent=1819"}],"curies":[{"name":"wp","href":"https:\/\/api.w.org\/{rel}","templated":true}]}}