{"id":1822,"date":"2020-04-17T19:46:48","date_gmt":"2020-04-17T19:46:48","guid":{"rendered":"https:\/\/baraka.co\/vinogradi\/"},"modified":"2024-02-05T01:54:24","modified_gmt":"2024-02-05T00:54:24","slug":"vinogradi","status":"publish","type":"page","link":"https:\/\/baraka.co\/hr\/vinogradi\/","title":{"rendered":"Vinogradi"},"content":{"rendered":"<div class=\"wpb-content-wrapper\"><p>[vc_row][vc_column width=&#8221;1\/4&#8243;][\/vc_column][vc_column width=&#8221;1\/2&#8243;][vc_column_text]<\/p>\n<p style=\"text-align: center;\">Na\u0161i vinogradi se nalaze na malom poluotoku Srime, smje\u0161teni izme\u0111u brojnih suhozida koji su testament vrijednih ruku na\u0161ih predaka. Okru\u017eeni sa estuarijom rijeke Krke, na\u0161im Jadranskim morem i prekrasnim kanalom Sv. Ante tvore\u0107i jednu intersantnu mikro lokaciju i poseban terroir za na\u0161a vina.<\/p>\n<p>[\/vc_column_text][\/vc_column][vc_column width=&#8221;1\/4&#8243;][\/vc_column][\/vc_row][vc_row css=&#8221;.vc_custom_1707092516355{padding-top: 0px !important;padding-bottom: 0px !important;}&#8221;][vc_column][vc_images_carousel images=&#8221;2138,2144,2859,2817,2939,2925,2941&#8243; img_size=&#8221;full&#8221; onclick=&#8221;link_no&#8221; css=&#8221;.vc_custom_1707092793245{margin-bottom: 0px !important;}&#8221;][vc_row_inner css=&#8221;.vc_custom_1707092457120{margin-right: 0px !important;margin-left: 0px !important;padding-top: 10% !important;padding-right: 10% !important;padding-bottom: 10% !important;padding-left: 10% !important;background-color: #000000 !important;}&#8221;][vc_column_inner width=&#8221;1\/3&#8243;]\n\t<div class=\"counter-holder  \" style=\"text-align:left;   \">\n\t\t\t<div class=\"counter-content\">\n\t\t\t\t<span style=\" font-size:36px;\" class=\"counter\" data-number=\"5\" data-interval=\"100\" data-speed=\"1500\">5<\/span>\n\t\t\t\t<p >Hektara<\/p>\n\t\t\t<\/div>\n\t<\/div> [\/vc_column_inner][vc_column_inner width=&#8221;1\/3&#8243;]\n\t<div class=\"counter-holder  \" style=\"text-align:left;   \">\n\t\t\t<div class=\"counter-content\">\n\t\t\t\t<span style=\" font-size:36px;\" class=\"counter\" data-number=\"25000\" data-interval=\"100\" data-speed=\"1500\">25000<\/span>\n\t\t\t\t<p >Loza<\/p>\n\t\t\t<\/div>\n\t<\/div> [\/vc_column_inner][vc_column_inner width=&#8221;1\/3&#8243;]\n\t<div class=\"counter-holder  \" style=\"text-align:left;   \">\n\t\t\t<div class=\"counter-content\">\n\t\t\t\t<span style=\" font-size:36px;\" class=\"counter\" data-number=\"30000\" data-interval=\"100\" data-speed=\"1500\">30000<\/span>\n\t\t\t\t<p >Butelja<\/p>\n\t\t\t<\/div>\n\t<\/div> [\/vc_column_inner][\/vc_row_inner][\/vc_column][\/vc_row][vc_row][vc_column]\n\t<div class=\"title-subtitle-box  remove-title-margin  \" style=\" text-align: center;\">\n\t\t<hr class=\"has-topline\"  \/>\n\t\t<h2 style=\" text-transform: uppercase; font-weight: 400; letter-spacing: 0px;\" >Prisbus<\/h2>\n\t\t<div class=\"subtitle\" style=\"\"><p>Sveto tlo.<\/p>\n<\/div>\n\t<\/div> [vc_row_inner][vc_column_inner width=&#8221;1\/2&#8243;][vc_column_text]Na\u0161 glavni i najve\u0107i vinograd nalazi se na poluotoku Srima, na samom imanju na kojem se nalazi i vinarija. Kulturno za\u0161ti\u0107en krajolik s vi\u0161e od 1000 kilometara impresivnih suhozida, poluotok je mjesto koje svjedo\u010di o te\u0161kom radu prija\u0161njih generacija i bogatoj povijesti regije.<\/p>\n<p>Smje\u0161ten usred pitoresknog u\u0161\u0107a rijeke Krke, Jadranskog mora, kanala sv. Ante i neposredno uz rano-kr\u0161\u010dansku dvostruku baziliku iz 6.st. na\u0161 vinograd ima jedinstvenu mikrolokaciju i terroir te idealne uvjete za proizvodnju vrhunskih vina koja prikazuju su\u0161tinu Dalmacije.[\/vc_column_text]<div class=\"gg-horizontal-list\"><dl class=\"horizontal\">\n\t<dt >Regija<\/dt>\n\t<dd >Sjeverna Dalmacija<\/dd>\n\t<dt >Vinogorje<\/dt>\n\t<dd >\u0160ibenik<\/dd>\n\t<dt >Nadmorska visina<\/dt>\n\t<dd >30m<\/dd>\n\t<dt >Geografska \u0161irina:<\/dt>\n\t<dd >43\u00b0 45' 15``<\/dd>\n\t<dt >Geografska du\u017eina:<\/dt>\n\t<dd >015\u00b049'55``<\/dd>\n\t<dt >Sorte gro\u017e\u0111a<\/dt>\n\t<dd >Plavina, Babi\u0107, Cab, Merlot, Syrah<\/dd>\n\t<dt >Klimat<\/dt>\n\t<dd >Topla mediteranska klima.<\/dd>\n\t<dt >Tlo<\/dt>\n\t<dd >Plitka dalmatinska crvenica.<\/dd>\n\t<dt >Obrada vinograda<\/dt>\n\t<dd >Bez herbicida.<\/dd><\/dl><\/div>[\/vc_column_inner][vc_column_inner width=&#8221;1\/2&#8243;][vc_single_image image=&#8221;2929&#8243; img_size=&#8221;large&#8221; alignment=&#8221;center&#8221; css=&#8221;.vc_custom_1707090551092{margin-bottom: 0px !important;padding-right: 5% !important;padding-left: 5% !important;}&#8221;][\/vc_column_inner][\/vc_row_inner]\n\t<div class=\"title-subtitle-box  remove-title-margin  \" style=\" text-align: center;\">\n\t\t<hr class=\"has-topline\"  \/>\n\t\t<h2 style=\" text-transform: uppercase; font-weight: 400; letter-spacing: 0px;\" >Gracini \u2014 Kr\u010dulj<\/h2>\n\t\t<div class=\"subtitle\" style=\"\"><p>Primo\u0161tenski Babi\u0107<\/p>\n<\/div>\n\t<\/div> [vc_row_inner][vc_column_inner width=&#8221;1\/2&#8243;][vc_single_image image=&#8221;2943&#8243; img_size=&#8221;large&#8221; alignment=&#8221;center&#8221; css=&#8221;.vc_custom_1707090823692{margin-bottom: 0px !important;padding-right: 5% !important;padding-left: 5% !important;}&#8221;][\/vc_column_inner][vc_column_inner width=&#8221;1\/2&#8243;][vc_column_text]Smje\u0161ten u mirnom i skrivenom podru\u010dju blizu malenog sela Gracini u Primo\u0161tenu Burnom, strmi, kameni vinograd nalazi se samo dva kilometra udaljen od Jadranskog mora. Ova idili\u010dna lokacija pru\u017ea savr\u0161ene uvjete za uzgoj <a href=\"https:\/\/baraka.co\/hr\/butiga\/arhivska-i-limitirana-vina\/timbar-riserva-2016\/\">Babi\u0107a<\/a>, poznatog po iznimnoj kvaliteti i jedinstvenim okusnim profilima.<\/p>\n<p>Iako vina iz ovog ekstremnog vinograda jo\u0161 nisu pu\u0161tena u prodaju, uvjereni smo da \u0107e biti pravi odraz terroira i osobnosti koja je ulo\u017eena u njihovo stvaranje. Radujemo se dijeljenju ovih izvanrednih vina s ljubiteljima vina diljem svijeta u skoroj budu\u0107nosti. Strpimo se jo\u0161 malo.[\/vc_column_text]<div class=\"gg-horizontal-list\"><dl class=\"horizontal\">\n\t<dt >Regija<\/dt>\n\t<dd >Sjeverna Dalmacija<\/dd>\n\t<dt >Vinogorje:<\/dt>\n\t<dd >Primo\u0161ten<\/dd>\n\t<dt >Nadmorska visina<\/dt>\n\t<dd >220m<\/dd>\n\t<dt >Geografska \u0161irina:<\/dt>\n\t<dd >43\u00b0 36' 10``N<\/dd>\n\t<dt >Geografska du\u017eina:<\/dt>\n\t<dd >016\u00b000'10``E<\/dd>\n\t<dt >Sorte gro\u017e\u0111a<\/dt>\n\t<dd >Babi\u0107<\/dd>\n\t<dt >Klimat<\/dt>\n\t<dd >Topla mediteranska klima.<\/dd>\n\t<dt >Tlo<\/dt>\n\t<dd >Kamen, crvenica.<\/dd>\n\t<dt >Obrada vinograda<\/dt>\n\t<dd >Bez herbicida, bez obrade tla<\/dd><\/dl><\/div>[\/vc_column_inner][\/vc_row_inner]\n\t<div class=\"title-subtitle-box  remove-title-margin  \" style=\" text-align: center;\">\n\t\t<hr class=\"has-topline\"  \/>\n\t\t<h2 style=\" text-transform: uppercase; font-weight: 400; letter-spacing: 0px;\" >Lu\u0161a \u2014 Morinjski zaljev<\/h2>\n\t\t<div class=\"subtitle\" style=\"\"><p>\u0160ibenski Babi\u0107<\/p>\n<\/div>\n\t<\/div> [vc_row_inner][vc_column_inner width=&#8221;1\/2&#8243;][vc_column_text]Gro\u017e\u0111e za na\u0161 elegantni <a href=\"https:\/\/baraka.co\/hr\/butiga\/vina\/babic-2019\/\">Babi\u0107 Lu\u0161a<\/a> uzgaja se na malom lokalitetu smje\u0161tenom na vrhu brda samo 425 metara udaljenom od ulaza u zaljev Morinje. S prosje\u010dnom nadmorskom visinom od oko 65 metara, ovaj vinogra obuhva\u0107a samo 0,65 hektara, ve\u0107inom zasa\u0111enih s Babi\u0107em i malom koli\u010dinom Plavca Malog.<\/p>\n<p>Balans insolacije, kr\u0161kog tla i neprekidno strujanje morskog zraka pru\u017ea idealne uvjete za uzgoj zdravih loza i gro\u017e\u0111a. Ova izvanredna lokacija omogu\u0107uje nam stvaranje modernih i elegantnih vina vrhunske kvalitete i karaktera.[\/vc_column_text]<div class=\"gg-horizontal-list\"><dl class=\"horizontal\">\n\t<dt >Regija<\/dt>\n\t<dd >Sjeverna Dalmacija<\/dd>\n\t<dt >Vinogorje:<\/dt>\n\t<dd >\u0160ibenik<\/dd>\n\t<dt >Nadmorska visina<\/dt>\n\t<dd >58-70m<\/dd>\n\t<dt >Geografska \u0161irina:<\/dt>\n\t<dd >43\u00b0 40' 47``N<\/dd>\n\t<dt >Geografska du\u017eina:<\/dt>\n\t<dd >015\u00b056'15``E<\/dd>\n\t<dt >Sorte gro\u017e\u0111a<\/dt>\n\t<dd >Babi\u0107, Plavac Mali<\/dd>\n\t<dt >Klimat<\/dt>\n\t<dd >Topla mediteranska klima.<\/dd>\n\t<dt >Tlo<\/dt>\n\t<dd >Kamen, crvenica.<\/dd>\n\t<dt >Obrada vinograda<\/dt>\n\t<dd >Bez herbicida, minimalna obrada tla<\/dd><\/dl><\/div>[\/vc_column_inner][vc_column_inner width=&#8221;1\/2&#8243;][vc_single_image image=&#8221;2931&#8243; img_size=&#8221;large&#8221; alignment=&#8221;center&#8221; css=&#8221;.vc_custom_1707093371707{margin-bottom: 0px !important;padding-right: 5% !important;padding-left: 5% !important;}&#8221;][\/vc_column_inner][\/vc_row_inner][\/vc_column][\/vc_row][vc_row full_width=&#8221;stretch_row&#8221; css=&#8221;.vc_custom_1498045946543{background-color: #000000 !important;}&#8221;][vc_column]\n\t<div class=\"title-subtitle-box   \" style=\" text-align: center;\">\n\t\t<hr class=\"has-topline\"  \/>\n\t\t<h1 style=\" text-transform: uppercase; font-weight: 400; letter-spacing: 0px;\" >Fine wines from Dalmatia<\/h1>\n\t\t<hr class=\"has-bottomline\"  \/>\n\t<\/div> [vc_row_inner][vc_column_inner]<div class=\"woocommerce columns-3 \"><div class=\"row\">\r\n<ul class=\"products columns-3\">\r\n\r\n<li class=\"col-xs-12 col-sm-6 col-md-4 product type-product post-2906 status-publish first instock product_cat-vino has-post-thumbnail taxable shipping-taxable purchasable product-type-simple\">\r\n\r\n\t<a href=\"https:\/\/baraka.co\/hr\/butiga\/vino\/marastina2021\/\" class=\"woocommerce-LoopProduct-link woocommerce-loop-product__link\"><div class=\"gg-product-image-wrapper\"><img decoding=\"async\" width=\"300\" height=\"633\" src=\"https:\/\/baraka.co\/wp-content\/uploads\/2024\/01\/TenebraL1000944-1-300x633.jpg\" class=\"attachment-woocommerce_thumbnail size-woocommerce_thumbnail\" alt=\"Mara\u0161tina Tenebra 2021\" srcset=\"https:\/\/baraka.co\/wp-content\/uploads\/2024\/01\/TenebraL1000944-1-300x633.jpg 300w, https:\/\/baraka.co\/wp-content\/uploads\/2024\/01\/TenebraL1000944-1-142x300.jpg 142w, https:\/\/baraka.co\/wp-content\/uploads\/2024\/01\/TenebraL1000944-1.jpg 450w\" sizes=\"(max-width: 300px) 100vw, 300px\" \/><\/div><\/a><div class=\"gg-product-meta-wrapper\"><h2 class=\"woocommerce-loop-product__title\">Mara\u0161tina Tenebra 2021<\/h2>\n\t<span class=\"price\"><span class=\"woocommerce-Price-amount amount\"><bdi><span class=\"woocommerce-Price-currencySymbol\">&euro;<\/span>30.00<\/bdi><\/span> <small class=\"woocommerce-price-suffix\">(without PDV: <span class=\"woocommerce-Price-amount amount\"><bdi><span class=\"woocommerce-Price-currencySymbol\">&euro;<\/span>24.00<\/bdi><\/span>)<\/small><\/span>\n<a href=\"\/hr\/wp-json\/wp\/v2\/pages\/1822?add-to-cart=2906\" aria-describedby=\"woocommerce_loop_add_to_cart_link_describedby_2906\" data-quantity=\"1\" class=\"button product_type_simple add_to_cart_button ajax_add_to_cart\" data-product_id=\"2906\" data-product_sku=\"tnb21\" aria-label=\"Dodaj u ko\u0161aricu: &ldquo;Mara\u0161tina Tenebra 2021&rdquo;\" rel=\"nofollow\" data-success_message=\"&quot;Mara\u0161tina Tenebra 2021&quot; je dodan u va\u0161u ko\u0161aricu\" role=\"button\">Dodaj u ko\u0161aricu<\/a>\t<span id=\"woocommerce_loop_add_to_cart_link_describedby_2906\" class=\"screen-reader-text\">\n\t\t\t<\/span>\n<\/div>\r\n<\/li>\r\n\r\n<li class=\"col-xs-12 col-sm-6 col-md-4 product type-product post-2803 status-publish instock product_cat-100-lokalno product_cat-single-vineyard-hr product_cat-vino has-post-thumbnail taxable shipping-taxable purchasable product-type-simple\">\r\n\r\n\t<a href=\"https:\/\/baraka.co\/hr\/butiga\/100-lokalno\/prisbus-riserva-2018\/\" class=\"woocommerce-LoopProduct-link woocommerce-loop-product__link\"><div class=\"gg-product-image-wrapper\"><img decoding=\"async\" width=\"300\" height=\"633\" src=\"https:\/\/baraka.co\/wp-content\/uploads\/2023\/03\/Prisbus_DSF5396-1900x900-1-300x633.jpg\" class=\"attachment-woocommerce_thumbnail size-woocommerce_thumbnail\" alt=\"BARAKA Prisbus\" srcset=\"https:\/\/baraka.co\/wp-content\/uploads\/2023\/03\/Prisbus_DSF5396-1900x900-1-300x633.jpg 300w, https:\/\/baraka.co\/wp-content\/uploads\/2023\/03\/Prisbus_DSF5396-1900x900-1-142x300.jpg 142w, https:\/\/baraka.co\/wp-content\/uploads\/2023\/03\/Prisbus_DSF5396-1900x900-1-485x1024.jpg 485w, https:\/\/baraka.co\/wp-content\/uploads\/2023\/03\/Prisbus_DSF5396-1900x900-1-768x1621.jpg 768w, https:\/\/baraka.co\/wp-content\/uploads\/2023\/03\/Prisbus_DSF5396-1900x900-1-728x1536.jpg 728w, https:\/\/baraka.co\/wp-content\/uploads\/2023\/03\/Prisbus_DSF5396-1900x900-1-600x1267.jpg 600w, https:\/\/baraka.co\/wp-content\/uploads\/2023\/03\/Prisbus_DSF5396-1900x900-1.jpg 900w\" sizes=\"(max-width: 300px) 100vw, 300px\" \/><\/div><\/a><div class=\"gg-product-meta-wrapper\"><h2 class=\"woocommerce-loop-product__title\">Prisbus Riserva 2018<\/h2>\n\t<span class=\"price\"><span class=\"woocommerce-Price-amount amount\"><bdi><span class=\"woocommerce-Price-currencySymbol\">&euro;<\/span>51.50<\/bdi><\/span> <small class=\"woocommerce-price-suffix\">(without PDV: <span class=\"woocommerce-Price-amount amount\"><bdi><span class=\"woocommerce-Price-currencySymbol\">&euro;<\/span>41.20<\/bdi><\/span>)<\/small><\/span>\n<a href=\"\/hr\/wp-json\/wp\/v2\/pages\/1822?add-to-cart=2803\" aria-describedby=\"woocommerce_loop_add_to_cart_link_describedby_2803\" data-quantity=\"1\" class=\"button product_type_simple add_to_cart_button ajax_add_to_cart\" data-product_id=\"2803\" data-product_sku=\"PR18\" aria-label=\"Dodaj u ko\u0161aricu: &ldquo;Prisbus Riserva 2018&rdquo;\" rel=\"nofollow\" data-success_message=\"&quot;Prisbus Riserva 2018&quot; je dodan u va\u0161u ko\u0161aricu\" role=\"button\">Dodaj u ko\u0161aricu<\/a>\t<span id=\"woocommerce_loop_add_to_cart_link_describedby_2803\" class=\"screen-reader-text\">\n\t\t\t<\/span>\n<\/div>\r\n<\/li>\r\n<\/ul>\r\n<\/div><\/div>[\/vc_column_inner][\/vc_row_inner][\/vc_column][\/vc_row]<\/p>\n<\/div>","protected":false},"excerpt":{"rendered":"<p>[vc_row][vc_column width=&#8221;1\/4&#8243;][\/vc_column][vc_column width=&#8221;1\/2&#8243;][vc_column_text] Na\u0161i vinogradi se nalaze na malom poluotoku Srime, smje\u0161teni izme\u0111u brojnih suhozida koji su testament vrijednih ruku na\u0161ih predaka. Okru\u017eeni sa estuarijom rijeke Krke, na\u0161im Jadranskim morem i prekrasnim kanalom Sv. Ante tvore\u0107i jednu intersantnu mikro lokaciju i poseban terroir za na\u0161a vina. [\/vc_column_text][\/vc_column][vc_column width=&#8221;1\/4&#8243;][\/vc_column][\/vc_row][vc_row css=&#8221;.vc_custom_1707092516355{padding-top: 0px !important;padding-bottom: 0px !important;}&#8221;][vc_column][vc_images_carousel images=&#8221;2138,2144,2859,2817,2939,2925,2941&#8243; img_size=&#8221;full&#8221;<br class=\"read-more-spacer\"> <a class=\"more-link\" href=\"https:\/\/baraka.co\/hr\/vinogradi\/\">Read More<\/a><\/p>\n","protected":false},"author":1,"featured_media":2182,"parent":0,"menu_order":0,"comment_status":"closed","ping_status":"closed","template":"","meta":{"_acf_changed":false,"footnotes":""},"class_list":["post-1822","page","type-page","status-publish","has-post-thumbnail","hentry"],"acf":[],"_links":{"self":[{"href":"https:\/\/baraka.co\/hr\/wp-json\/wp\/v2\/pages\/1822","targetHints":{"allow":["GET"]}}],"collection":[{"href":"https:\/\/baraka.co\/hr\/wp-json\/wp\/v2\/pages"}],"about":[{"href":"https:\/\/baraka.co\/hr\/wp-json\/wp\/v2\/types\/page"}],"author":[{"embeddable":true,"href":"https:\/\/baraka.co\/hr\/wp-json\/wp\/v2\/users\/1"}],"replies":[{"embeddable":true,"href":"https:\/\/baraka.co\/hr\/wp-json\/wp\/v2\/comments?post=1822"}],"version-history":[{"count":26,"href":"https:\/\/baraka.co\/hr\/wp-json\/wp\/v2\/pages\/1822\/revisions"}],"predecessor-version":[{"id":2960,"href":"https:\/\/baraka.co\/hr\/wp-json\/wp\/v2\/pages\/1822\/revisions\/2960"}],"wp:featuredmedia":[{"embeddable":true,"href":"https:\/\/baraka.co\/hr\/wp-json\/wp\/v2\/media\/2182"}],"wp:attachment":[{"href":"https:\/\/baraka.co\/hr\/wp-json\/wp\/v2\/media?parent=1822"}],"curies":[{"name":"wp","href":"https:\/\/api.w.org\/{rel}","templated":true}]}}