{"id":1825,"date":"2020-04-17T19:54:02","date_gmt":"2020-04-17T19:54:02","guid":{"rendered":"https:\/\/baraka.co\/nasa-povijest\/"},"modified":"2020-06-14T20:09:07","modified_gmt":"2020-06-14T20:09:07","slug":"nasa-povijest","status":"publish","type":"page","link":"https:\/\/baraka.co\/hr\/nasa-povijest\/","title":{"rendered":"Na\u0161a povijest"},"content":{"rendered":"<div class=\"wpb-content-wrapper\"><p>[vc_row el_class=&#8221;gg-force-background-bottom&#8221;][vc_column][vc_single_image image=&#8221;1715&#8243; img_size=&#8221;full&#8221; alignment=&#8221;center&#8221; css=&#8221;.vc_custom_1545432747114{margin-right: 5px !important;margin-bottom: -5px !important;padding-top: 0px !important;padding-right: 35% !important;padding-bottom: 0px !important;padding-left: 35% !important;}&#8221;]<section id=\"cd-timeline\" class=\"cd-container horizontal\">\n\t<div class=\"cd-timeline-block\">\n\t\t<div class=\"cd-timeline-img\">\n\t\t<\/div>\n\t\t<div class=\"cd-timeline-content\">\n\t\t <img decoding=\"async\" class=\"wp-post-image \" src=\"https:\/\/baraka.co\/wp-content\/uploads\/2018\/12\/Srima--e1545093254888.jpg\" alt=\"\" \/> \n\t\t<div class=\"cd-timeline-content-wrapper\">\n\t\t<p class=\"cd-title\">Godina osnutka<\/p>\n\t\t<p>Na\u0161 osniva\u010d, pok. Gordan Baraka je zasadio vinograde na malom poluotoku pokraj \u0160ibenika, izme\u0111u stoljetnih suhozida i ranokr\u0161\u0107anske dvostruke bazilike koja se nalazi neposredno do imanja.<\/p>\n\t\t<h4 class=\"cd-date\">2005<\/h4>\n\t\t<\/div>\n\t\t<\/div>\n\t<\/div>\n\t<div class=\"cd-timeline-block\">\n\t\t<div class=\"cd-timeline-img\">\n\t\t<\/div>\n\t\t<div class=\"cd-timeline-content\">\n\t\t <img decoding=\"async\" class=\"wp-post-image \" src=\"https:\/\/baraka.co\/wp-content\/uploads\/2018\/12\/prisbvs-3006-blackwhite.jpg\" alt=\"\" \/> \n\t\t<div class=\"cd-timeline-content-wrapper\">\n\t\t<p class=\"cd-title\">Imamo prvu berbu!<\/p>\n\t\t<p>Proizveli smo samo oko 600 litara na\u0161eg prvog vina u ovoj berbi, jako malo ali to je bio po\u010detak na\u0161e proizvodnje.<\/p>\n\t\t<h4 class=\"cd-date\">2009<\/h4>\n\t\t<\/div>\n\t\t<\/div>\n\t<\/div>\n\t<div class=\"cd-timeline-block\">\n\t\t<div class=\"cd-timeline-img\">\n\t\t<\/div>\n\t\t<div class=\"cd-timeline-content\">\n\t\t <img decoding=\"async\" class=\"wp-post-image \" src=\"https:\/\/baraka.co\/wp-content\/uploads\/2018\/12\/Prisbus2010-e1545091928872-blackwhite.jpg\" alt=\"\" \/> \n\t\t<div class=\"cd-timeline-content-wrapper\">\n\t\t<p class=\"cd-title\">Prisbus je ro\u0111en<\/p>\n\t\t<p>Na\u0161e prvo komercijalno vino dolazi iz berbe 2010 i dali smo mu ime Prisbus.<br \/>\nS obzirom na to da se imanje i vinograd nalaze odmah uz ranokr\u0161\u0107ansku baziliku, Prisbus je u stvari romanizirano ime same mikrolokacije koja se zove Pri\u017eba.<br \/>\nPrisbus \u0107e uvijek biti napravljen isklju\u010divo od gro\u017e\u0111a koje dolazi iz na\u0161eg prvog vinograda.<\/p>\n\t\t<h4 class=\"cd-date\">2010<\/h4>\n\t\t<\/div>\n\t\t<\/div>\n\t<\/div>\n\t<div class=\"cd-timeline-block\">\n\t\t<div class=\"cd-timeline-img\">\n\t\t<\/div>\n\t\t<div class=\"cd-timeline-content\">\n\t\t <img decoding=\"async\" class=\"wp-post-image \" src=\"https:\/\/baraka.co\/wp-content\/uploads\/2018\/12\/BW-4092-e1545092356540-blackwhite.jpg\" alt=\"\" \/> \n\t\t<div class=\"cd-timeline-content-wrapper\">\n\t\t<p class=\"cd-title\">Novi proizvodni podrum<\/p>\n\t\t<p>Kona\u010dno smo prebacili cijelu produkciju u na\u0161e nove podrume izgra\u0111ene u stilu tradicionalne arhitekturi Dalmacije koje smo uparili s modernim mogu\u0107nostima, opremom i kapacitetom podruma da budemo spremni za godine koje dolaze.<\/p>\n\t\t<h4 class=\"cd-date\">2013<\/h4>\n\t\t<\/div>\n\t\t<\/div>\n\t<\/div>\n\t<div class=\"cd-timeline-block\">\n\t\t<div class=\"cd-timeline-img\">\n\t\t<\/div>\n\t\t<div class=\"cd-timeline-content\">\n\t\t <img decoding=\"async\" class=\"wp-post-image \" src=\"https:\/\/baraka.co\/wp-content\/uploads\/2018\/12\/BW-4134-e1545435040678.jpg\" alt=\"\" \/> \n\t\t<div class=\"cd-timeline-content-wrapper\">\n\t\t<p class=\"cd-title\">Podrum za odle\u017eavanje dovr\u0161en<\/p>\n\t\t<p>Na\u0161 20 metarski podrum za odle\u017eavanje finih vina u premium drvenim ba\u010dvama je kona\u010dno dovr\u0161en i prva vina su po\u010dela dozrijevati u njemu. Kao dodatni bonus svi pretoci koje radimo prema ovom dijelu podruma se mogu odvijati samo uz pomo\u0107 gravitacije.<\/p>\n\t\t<h4 class=\"cd-date\">2017<\/h4>\n\t\t<\/div>\n\t\t<\/div>\n\t<\/div>\n\t<div class=\"cd-timeline-block\">\n\t\t<div class=\"cd-timeline-img\">\n\t\t<\/div>\n\t\t<div class=\"cd-timeline-content\">\n\t\t <img decoding=\"async\" class=\"wp-post-image \" src=\"https:\/\/baraka.co\/wp-content\/uploads\/2018\/12\/tastingroom-blackwhite.jpg\" alt=\"\" \/> \n\t\t<div class=\"cd-timeline-content-wrapper\">\n\t\t<p class=\"cd-title\">Napunjene prve \u010da\u0161e u na\u0161oj degustacijskoj sali<\/p>\n\t\t<p>Otvorili smo na\u0161u degustacijsku salu i ku\u0161aonu u sezoni 2018. Orijentirana u prvom redu prema manjim grupama i dru\u0161tvima, po potrebi mo\u017eemo prilagoditi raspored i za ve\u0107e grupe.<\/p>\n\t\t<h4 class=\"cd-date\">2018<\/h4>\n\t\t<\/div>\n\t\t<\/div>\n\t<\/div><\/section>[\/vc_column][\/vc_row][vc_row full_width=&#8221;stretch_row&#8221; css=&#8221;.vc_custom_1498033722129{padding-top: 50px !important;background-image: url(http:\/\/baraka.co\/wp-content\/uploads\/2017\/04\/homepage_black_leaves.png?id=931) !important;background-position: center !important;background-repeat: no-repeat !important;background-size: cover !important;}&#8221;][vc_column width=&#8221;1\/6&#8243;][\/vc_column][vc_column width=&#8221;2\/3&#8243;]\n\t<div class=\"title-subtitle-box   \" style=\" text-align: center;\">\n\t\t<h1 style=\" text-transform: uppercase; font-weight: 400; letter-spacing: 0px;\" >Obiteljska poruka<\/h1>\n\t<\/div> [vc_column_text]<\/p>\n<p style=\"text-align: center;\">Dalmacija je uvijek bila magi\u010dno mjesto ljudi, mora i prirode s bogatom povije\u0161\u0107u i tradicijom. U vinarstvo i vinogradarstvo smo krenuli kako bi se jo\u0161 vi\u0161e povezali s time i tako odali po\u010dast na\u0161im korijenima. Preko na\u0161ih vina i vi mo\u017eete postati dio tog putovanja. Pridru\u017eite nam se.<\/p>\n<p>[\/vc_column_text][\/vc_column][vc_column width=&#8221;1\/6&#8243;][\/vc_column][\/vc_row]<\/p>\n<\/div>","protected":false},"excerpt":{"rendered":"<p>[vc_row el_class=&#8221;gg-force-background-bottom&#8221;][vc_column][vc_single_image image=&#8221;1715&#8243; img_size=&#8221;full&#8221; alignment=&#8221;center&#8221; css=&#8221;.vc_custom_1545432747114{margin-right: 5px !important;margin-bottom: -5px !important;padding-top: 0px !important;padding-right: 35% !important;padding-bottom: 0px !important;padding-left: 35% !important;}&#8221;][\/vc_column][\/vc_row][vc_row full_width=&#8221;stretch_row&#8221; css=&#8221;.vc_custom_1498033722129{padding-top: 50px !important;background-image: url(http:\/\/baraka.co\/wp-content\/uploads\/2017\/04\/homepage_black_leaves.png?id=931) !important;background-position: center !important;background-repeat: no-repeat !important;background-size: cover !important;}&#8221;][vc_column width=&#8221;1\/6&#8243;][\/vc_column][vc_column width=&#8221;2\/3&#8243;][vc_column_text] Dalmacija je uvijek bila magi\u010dno mjesto ljudi, mora i prirode s bogatom povije\u0161\u0107u i tradicijom. U vinarstvo i vinogradarstvo smo krenuli kako bi<br class=\"read-more-spacer\"> <a class=\"more-link\" href=\"https:\/\/baraka.co\/hr\/nasa-povijest\/\">Read More<\/a><\/p>\n","protected":false},"author":1,"featured_media":1704,"parent":0,"menu_order":0,"comment_status":"closed","ping_status":"closed","template":"","meta":{"_acf_changed":false,"footnotes":""},"class_list":["post-1825","page","type-page","status-publish","has-post-thumbnail","hentry"],"acf":[],"_links":{"self":[{"href":"https:\/\/baraka.co\/hr\/wp-json\/wp\/v2\/pages\/1825","targetHints":{"allow":["GET"]}}],"collection":[{"href":"https:\/\/baraka.co\/hr\/wp-json\/wp\/v2\/pages"}],"about":[{"href":"https:\/\/baraka.co\/hr\/wp-json\/wp\/v2\/types\/page"}],"author":[{"embeddable":true,"href":"https:\/\/baraka.co\/hr\/wp-json\/wp\/v2\/users\/1"}],"replies":[{"embeddable":true,"href":"https:\/\/baraka.co\/hr\/wp-json\/wp\/v2\/comments?post=1825"}],"version-history":[{"count":10,"href":"https:\/\/baraka.co\/hr\/wp-json\/wp\/v2\/pages\/1825\/revisions"}],"predecessor-version":[{"id":1835,"href":"https:\/\/baraka.co\/hr\/wp-json\/wp\/v2\/pages\/1825\/revisions\/1835"}],"wp:featuredmedia":[{"embeddable":true,"href":"https:\/\/baraka.co\/hr\/wp-json\/wp\/v2\/media\/1704"}],"wp:attachment":[{"href":"https:\/\/baraka.co\/hr\/wp-json\/wp\/v2\/media?parent=1825"}],"curies":[{"name":"wp","href":"https:\/\/api.w.org\/{rel}","templated":true}]}}