{"id":1855,"date":"2020-04-17T21:06:23","date_gmt":"2020-04-17T21:06:23","guid":{"rendered":"https:\/\/baraka.co\/vino\/"},"modified":"2021-08-07T16:38:34","modified_gmt":"2021-08-07T14:38:34","slug":"vino","status":"publish","type":"page","link":"https:\/\/baraka.co\/hr\/vino\/","title":{"rendered":"Vino"},"content":{"rendered":"<div class=\"wpb-content-wrapper\"><p>[vc_row full_width=&#8221;stretch_row&#8221; css=&#8221;.vc_custom_1545591273109{background-image: url(http:\/\/baraka.co\/wp-content\/uploads\/2018\/12\/vineyard_20181007_181325.jpg?id=1241) !important;background-position: center !important;background-repeat: no-repeat !important;background-size: cover !important;}&#8221;][vc_column]\n\t<div class=\"title-subtitle-box   \" style=\" text-align: left;\">\n\t\t<h1 style=\" text-transform: uppercase; font-weight: 400; letter-spacing: 0px;\" >Crna vina<\/h1>\n\t<\/div> [vc_tta_tabs style=&#8221;theme&#8221; active_section=&#8221;1&#8243;][vc_tta_section title=&#8221;Prisbus&#8221; tab_id=&#8221;1545585458905-41bb1af1-2bbc&#8221;][vc_row_inner][vc_column_inner width=&#8221;1\/2&#8243;][vc_single_image image=&#8221;1626&#8243; img_size=&#8221;full&#8221; alignment=&#8221;center&#8221; css=&#8221;.vc_custom_1545587653832{padding-right: 30% !important;padding-left: 30% !important;}&#8221; el_class=&#8221;max-width-25-img&#8221;][\/vc_column_inner][vc_column_inner width=&#8221;1\/2&#8243;]\n\t<div class=\"title-subtitle-box   \" style=\" text-align: left;\">\n\t\t<h1 style=\" text-transform: uppercase; font-weight: 400; letter-spacing: 0px;\" >Prisbus Riserva<\/h1>\n\t<\/div> \n\t<div class=\"gg-infobox  \" style=\"text-align:left;\">\n\t\t\n\t\t<h4 >Berba<\/h4>\n\t\t<div class=\"description\" ><p><strong>Riserva:<\/strong><br \/>\n2013: Abv: 12.1% vol, Cabernet Sauvignon 60% Merlot 40%<br \/>\n2015: Abv: 13.1% vol, Merlot 55% Cabernet Sauvignon 45%<br \/>\n2016: Abv: 13.5% vol, Merlot 57% Cabernet Sauvignon 43%<\/p>\n<p><strong>Standardna berba:<\/strong><br \/>\n2014:\u00a0Abv: 12% vol, Cabernet Sauvignon 50% Merlot 50%<\/p>\n<\/div>\n\t<\/div> \n\t<div class=\"gg-infobox  \" style=\"text-align:left;\">\n\t\t\n\t\t<h4 >Format<\/h4>\n\t\t<div class=\"description\" ><p>0,75l, 1,5l Magnum<\/p>\n<\/div>\n\t<\/div> \n\t<div class=\"gg-infobox  \" style=\"text-align:left;\">\n\t\t\n\t\t<h4 >O vinu<\/h4>\n\t\t<div class=\"description\" ><p>Prisbus je na\u0161e prvo komercijalno vino koje smo napravili za berbu 2010. Nazvano po lokalnom nazivu mjesta na kojem se nalaze vinogradi, Prisbus \u0107e uvijek biti vino napravljeno od gro\u017e\u0111a iz na\u0161eg prvog vinograda na imanju.<br \/>\nOdle\u017eano u ba\u010dvama od francuskog hrasta.<\/p>\n<\/div>\n\t<\/div> [vc_btn title=&#8221;Otkrijte&#8221; style=&#8221;custom&#8221; custom_background=&#8221;#998067&#8243; custom_text=&#8221;#ffffff&#8221; shape=&#8221;square&#8221; link=&#8221;url:https%3A%2F%2Fbaraka.co%2Fshop%2Fwine%2Fprisbus-riserva-2016%2F|title:Prisbus%20Riserva%202015&#8243;][\/vc_column_inner][\/vc_row_inner][\/vc_tta_section][vc_tta_section title=&#8221;Barone&#8221; tab_id=&#8221;1545573452879-493ca604-f4ac&#8221;][vc_row_inner][vc_column_inner width=&#8221;1\/2&#8243;][vc_single_image image=&#8221;1731&#8243; img_size=&#8221;full&#8221; alignment=&#8221;center&#8221; el_class=&#8221;max-width-25-img&#8221; css=&#8221;.vc_custom_1546853490808{padding-right: 30% !important;padding-left: 30% !important;}&#8221;][\/vc_column_inner][vc_column_inner width=&#8221;1\/2&#8243;]\n\t<div class=\"title-subtitle-box   \" style=\" text-align: left;\">\n\t\t<h1 style=\" text-transform: uppercase; font-weight: 400; letter-spacing: 0px;\" >Barone Riserva<\/h1>\n\t<\/div> \n\t<div class=\"gg-infobox  \" style=\"text-align:left;\">\n\t\t\n\t\t<h4 >Berba<\/h4>\n\t\t<div class=\"description\" ><p>Barone 2011: 15,5% alc. Cabernet Sauvignon, Plavina 28%<\/p>\n<\/div>\n\t<\/div> \n\t<div class=\"gg-infobox  \" style=\"text-align:left;\">\n\t\t\n\t\t<h4 >Format<\/h4>\n\t\t<div class=\"description\" ><p>0,75l<\/p>\n<\/div>\n\t<\/div> \n\t<div class=\"gg-infobox  \" style=\"text-align:left;\">\n\t\t\n\t\t<h4 >O vinu<\/h4>\n\t\t<div class=\"description\" ><p>Barone je jedna od \u010detiri \u0161ibenske tvr\u0111ave i svakako vrijedna obilaska ako se nalazite u blizini, tvr\u0111ava koja zauzima posebno mjesto u srcima svih \u0160iben\u010dana. Na\u0161 Barone je zapo\u010deo svoj put berbom u drugoj polovici Kolovoza. Gro\u017e\u0111e Caberneta je bilo iznimno gusto i puno sladora, s manjim dijelom ve\u0107 na trsu, prosu\u0161enih bobica. U isti tank smo dodali oko 30% Plavine kako bi spustili ne\u0161to ukupne alkohole i dodali svje\u017eine ovom vinu kao balans. Rezultat je posebno vino sa 15,5% Alc, mo\u0107no, poput tvr\u0111ave.<\/p>\n<\/div>\n\t<\/div> [vc_btn title=&#8221;Otkrijte&#8221; style=&#8221;custom&#8221; custom_background=&#8221;#998067&#8243; custom_text=&#8221;#ffffff&#8221; shape=&#8221;square&#8221; link=&#8221;url:https%3A%2F%2Fbaraka.co%2Fproduct%2Fbarone-riserva-2011%2F|title:Barone%20Riserva%202011|&#8221;][\/vc_column_inner][\/vc_row_inner][\/vc_tta_section][vc_tta_section title=&#8221;Timbar&#8221; tab_id=&#8221;1545573440503-849a682a-88c3&#8243;][vc_row_inner][vc_column_inner width=&#8221;1\/2&#8243;][vc_single_image image=&#8221;1736&#8243; img_size=&#8221;full&#8221; alignment=&#8221;center&#8221; el_class=&#8221;max-width-25-img&#8221; css=&#8221;.vc_custom_1552513985408{padding-right: 30% !important;padding-left: 30% !important;}&#8221;][\/vc_column_inner][vc_column_inner width=&#8221;1\/2&#8243;]\n\t<div class=\"title-subtitle-box   \" style=\" text-align: left;\">\n\t\t<h1 style=\" text-transform: uppercase; font-weight: 400; letter-spacing: 0px;\" >Babi\u0107 Timbar Riserva<\/h1>\n\t<\/div> \n\t<div class=\"gg-infobox  \" style=\"text-align:left;\">\n\t\t\n\t\t<h4 >Berba<\/h4>\n\t\t<div class=\"description\" ><p>2016: 13.5% alc, 100% Babi\u0107, autohtona i lokalna crna sorta Dalmacije.<\/p>\n<\/div>\n\t<\/div> \n\t<div class=\"gg-infobox  \" style=\"text-align:left;\">\n\t\t\n\t\t<h4 >Format<\/h4>\n\t\t<div class=\"description\" ><p>0,75l, 1,5l Magnum<\/p>\n<\/div>\n\t<\/div> \n\t<div class=\"gg-infobox  \" style=\"text-align:left;\">\n\t\t\n\t\t<h4 >O vinu<\/h4>\n\t\t<div class=\"description\" ><p>Babi\u0107 je autohtona sorta Dalmacije, ve\u0107inom sa\u0111ena u obalnom pojasu oko \u0160ibenika i Primo\u0161tena s obzirom na to da preferira kr\u0161ke terene.<br \/>\nFermentirano u otvorenim badnjevima s ru\u010dnim prevrtanjem gro\u017e\u0111a za vrijeme fermentacije.<br \/>\nNa\u0161 babi\u0107 smo nazvali Timbar kao odu bogatom klapskom naslije\u0111u Dalmacije. Sunce, more, spiza, Timbar, dobrodo\u0161li u Dalmaciju.<\/p>\n<\/div>\n\t<\/div> [vc_btn title=&#8221;Otkrijte&#8221; style=&#8221;custom&#8221; custom_background=&#8221;#998067&#8243; custom_text=&#8221;#ffffff&#8221; shape=&#8221;square&#8221; link=&#8221;url:https%3A%2F%2Fbaraka.co%2Fproduct%2Ftimbar-riserva-2016%2F|title:Timbar%20Riserva%202016|&#8221;][\/vc_column_inner][\/vc_row_inner][\/vc_tta_section][vc_tta_section title=&#8221;Memento&#8221; tab_id=&#8221;1545573424169-1aa8c59c-cee0&#8243;][vc_row_inner][vc_column_inner width=&#8221;1\/2&#8243;][vc_single_image image=&#8221;1643&#8243; img_size=&#8221;full&#8221; alignment=&#8221;center&#8221; el_class=&#8221;max-width-25-img&#8221; css=&#8221;.vc_custom_1552514045438{padding-right: 30% !important;padding-left: 30% !important;}&#8221;][\/vc_column_inner][vc_column_inner width=&#8221;1\/2&#8243;]\n\t<div class=\"title-subtitle-box   \" style=\" text-align: left;\">\n\t\t<h1 style=\" text-transform: uppercase; font-weight: 400; letter-spacing: 0px;\" >Memento Syrah<\/h1>\n\t<\/div> \n\t<div class=\"gg-infobox  \" style=\"text-align:left;\">\n\t\t\n\t\t<h4 >Berba<\/h4>\n\t\t<div class=\"description\" ><p>Memento 2017: 13.1% alc. 100% Syrah.<\/p>\n<p>Memento 2018: 13.% alc.<\/p>\n<\/div>\n\t<\/div> \n\t<div class=\"gg-infobox  \" style=\"text-align:left;\">\n\t\t\n\t\t<h4 >Format<\/h4>\n\t\t<div class=\"description\" ><p>0,75l<\/p>\n<\/div>\n\t<\/div> \n\t<div class=\"gg-infobox  \" style=\"text-align:left;\">\n\t\t\n\t\t<h4 >About wine<\/h4>\n\t\t<div class=\"description\" ><p>Na\u0161 Memento je oda dobrim trenutcima u \u017eivotu, trenutcima vrijednih \u017eivljenja i sje\u0107anja.<\/p>\n<p>Memento radimo od \u010distog Syrah gro\u017e\u0111a produ\u017eenom maceracijom uz dodavanje dijela cijelih grozdova u fermentacijski tank. Na\u0161 pristup ovoj iznimnoj sorti uz odle\u017eavanje u barrique ba\u010dvama minimalno 12 mjeseci<\/p>\n<\/div>\n\t<\/div> [vc_btn title=&#8221;Otkrijte&#8221; style=&#8221;custom&#8221; custom_background=&#8221;#998067&#8243; custom_text=&#8221;#ffffff&#8221; shape=&#8221;square&#8221; link=&#8221;url:https%3A%2F%2Fbaraka.co%2Fshop%2Fwine%2Fsyrah-memento-2018%2F|title:Syrah%20Memento%202017&#8243;][\/vc_column_inner][\/vc_row_inner][\/vc_tta_section][vc_tta_section title=&#8221;Mocira&#8221; tab_id=&#8221;1545573307701-1de1e9cd-4031&#8243;][vc_row_inner][vc_column_inner width=&#8221;1\/2&#8243;][vc_single_image image=&#8221;1724&#8243; img_size=&#8221;full&#8221; css=&#8221;.vc_custom_1545588950455{padding-right: 30% !important;padding-left: 30% !important;}&#8221; el_class=&#8221;max-width-25-img&#8221;][\/vc_column_inner][vc_column_inner width=&#8221;1\/2&#8243;]\n\t<div class=\"gg-infobox  \" style=\"text-align:left;\">\n\t\t\n\t\t<h4 >Berba<\/h4>\n\t\t<div class=\"description\" ><p><del>Mocira 2011: 14.8% alc. Merlot, Plavina 30% SOLD OUT<\/del><br \/>\nMocira 2012: 12% alc. Merlot, Plavina 38%<br \/>\nMocira 2013: 12% alc. Merlot, Plavina 10%<br \/>\nMocira 2017: 12.5% alc. Merlot, Plavina, Babi\u0107 i Syrah<br \/>\nMocira 2018: 13% alc. Merlot, Plavina, Babi\u0107 i Syrah<\/p>\n<\/div>\n\t<\/div> \n\t<div class=\"title-subtitle-box   \" style=\" text-align: left;\">\n\t\t<h1 style=\" text-transform: uppercase; font-weight: 400; letter-spacing: 0px;\" >Mocira<\/h1>\n\t<\/div> \n\t<div class=\"gg-infobox  \" style=\"text-align:left;\">\n\t\t\n\t\t<h4 >FORMAT<\/h4>\n\t\t<div class=\"description\" ><p>0,75l, 1,5l Magnum<\/p>\n<\/div>\n\t<\/div> \n\t<div class=\"gg-infobox  \" style=\"text-align:left;\">\n\t\t\n\t\t<h4 >O vinu<\/h4>\n\t\t<div class=\"description\" ><p>Mocira je idealno vino za po\u010detno upoznavanje sa na\u0161im vinima i stilom. Po\u0161tuju\u0107i terroir i tradiciju, Mocira je u osnovi kupa\u017ea Merlota i Plavine, a inspiraciju za ime ovog vina potra\u017eili smo u suhozidima koji okru\u017euju na\u0161e imanje, jo\u0161 uvijek \u017eivu\u0107i spomenik vrijednih generacija prije nas kao i tradicije na\u0161eg podneblja.<\/p>\n<\/div>\n\t<\/div> [vc_btn title=&#8221;Otkrijte&#8221; style=&#8221;custom&#8221; custom_background=&#8221;#998067&#8243; custom_text=&#8221;#ffffff&#8221; shape=&#8221;square&#8221; link=&#8221;url:https%3A%2F%2Fbaraka.co%2Fshop%2Fwine%2Fmocira-2018%2F|title:Mocira%202017&#8243;][\/vc_column_inner][\/vc_row_inner][\/vc_tta_section][\/vc_tta_tabs][\/vc_column][\/vc_row][vc_row full_width=&#8221;stretch_row&#8221; css=&#8221;.vc_custom_1545585979694{background-position: center !important;background-repeat: no-repeat !important;background-size: cover !important;}&#8221;][vc_column]\n\t<div class=\"title-subtitle-box   \" style=\" text-align: left;\">\n\t\t<h1 style=\" text-transform: uppercase; font-weight: 400; letter-spacing: 0px;\" >Bijela i Ros\u00e9 vina<\/h1>\n\t<\/div> [vc_tta_tabs style=&#8221;theme&#8221; active_section=&#8221;1&#8243;][vc_tta_section title=&#8221;Mara\u0161tina&#8221; tab_id=&#8221;1545585529291-17ebeeb2-a66e&#8221;][vc_row_inner][vc_column_inner width=&#8221;1\/2&#8243;][vc_single_image image=&#8221;1735&#8243; img_size=&#8221;full&#8221; alignment=&#8221;center&#8221; el_class=&#8221;max-width-25-img&#8221; css=&#8221;.vc_custom_1548455455321{padding-right: 30% !important;padding-left: 30% !important;}&#8221;][\/vc_column_inner][vc_column_inner width=&#8221;1\/2&#8243;]\n\t<div class=\"title-subtitle-box   \" style=\" text-align: left;\">\n\t\t<h1 style=\" text-transform: uppercase; font-weight: 400; letter-spacing: 0px;\" >Mara\u0161tina<\/h1>\n\t<\/div> \n\t<div class=\"gg-infobox  \" style=\"text-align:left;\">\n\t\t\n\t\t<h4 >Berba<\/h4>\n\t\t<div class=\"description\" ><p><del>Mara\u0161tina 2015: 13.3% alc.<\/del><\/p>\n<p>Mara\u0161tina Tenebra 2019 Riserva, Posebna selekcija: Dostupno na imanju i selektiranim restoranima.<\/p>\n<\/div>\n\t<\/div> \n\t<div class=\"gg-infobox  \" style=\"text-align:left;\">\n\t\t\n\t\t<h4 >BOTTLE SIZES<\/h4>\n\t\t<div class=\"description\" ><p>0,75l<\/p>\n<\/div>\n\t<\/div> \n\t<div class=\"gg-infobox  \" style=\"text-align:left;\">\n\t\t\n\t\t<h4 >About wine<\/h4>\n\t\t<div class=\"description\" ><p>Mara\u0161tina je autohtona sorta gro\u017e\u0111a iz obitelji malvazija koja je pro\u0161irena po Dalmaciji i mo\u017ee se prona\u0107i i po sinonimu Rukatac. Tradicionalna i puna okusa Mediterana, mo\u017ee se prona\u0107i samo u na\u0161em podrumu u limitiranim koli\u010dinama. Buteljirano u 1102 butelje.<\/p>\n<\/div>\n\t<\/div> [\/vc_column_inner][\/vc_row_inner][\/vc_tta_section][vc_tta_section title=&#8221;Ros\u00e9 Malena&#8221; tab_id=&#8221;1545585529560-7b737f04-f704&#8243;][vc_row_inner][vc_column_inner width=&#8221;1\/2&#8243;][vc_single_image image=&#8221;2314&#8243; img_size=&#8221;medium&#8221; alignment=&#8221;center&#8221; el_class=&#8221;max-width-25-img&#8221; css=&#8221;.vc_custom_1628346785743{padding-right: 30% !important;padding-left: 30% !important;}&#8221;][\/vc_column_inner][vc_column_inner width=&#8221;1\/2&#8243;]\n\t<div class=\"title-subtitle-box   \" style=\" text-align: left;\">\n\t\t<h1 style=\" text-transform: uppercase; font-weight: 400; letter-spacing: 0px;\" >Ros\u00e9 Malena<\/h1>\n\t<\/div> \n\t<div class=\"gg-infobox  \" style=\"text-align:left;\">\n\t\t\n\t\t<h4 >Berba<\/h4>\n\t\t<div class=\"description\" ><p><del>2015: 11.5% abv, 100% Plavina autohtounus grape<\/del><br \/>\n2016: Ro\u017ea Di\u0161peto\u017ea Opolo 10.7% abv, Plavina, Babi\u0107 20% autohtounus grape<br \/>\n<del>2018: Malena 11.5%: Sold out<\/del><br \/>\n<del>2019: Ros\u00e9 Malena, Plavina &amp; Lasina.\u00a0<\/del><br \/>\n2020: Ros\u00e9 Malena, 2020 Plavina, Babi\u0107 &amp; Lasina.<\/p>\n<\/div>\n\t<\/div> \n\t<div class=\"gg-infobox  \" style=\"text-align:left;\">\n\t\t\n\t\t<h4 >FORMAT<\/h4>\n\t\t<div class=\"description\" ><p>0,75l<\/p>\n<\/div>\n\t<\/div> \n\t<div class=\"gg-infobox  \" style=\"text-align:left;\">\n\t\t\n\t\t<h4 >About wine<\/h4>\n\t\t<div class=\"description\" ><p>Na\u0161e Ros\u00e9 vino je stvoreno za tople ljetne dane, lepr\u0161avo i osvje\u017eavaju\u0107e s ciljano ni\u017eim alkoholima od 11 do 12%. zbog ranijeg branja gro\u017e\u0111a. Fermentirano i odle\u017eano u tankovima od nehr\u0111aju\u0107eg \u010delika.<\/p>\n<\/div>\n\t<\/div> [vc_btn title=&#8221;Otkrijte&#8221; style=&#8221;custom&#8221; custom_background=&#8221;#998067&#8243; custom_text=&#8221;#ffffff&#8221; shape=&#8221;square&#8221; link=&#8221;url:https%3A%2F%2Fbaraka.co%2Fshop%2Fwine%2Frose-malena-2020%2F|title:Ros%C3%A9%20Malena%202019&#8243;][\/vc_column_inner][\/vc_row_inner][\/vc_tta_section][vc_tta_section title=&#8221;Debit&#8221; tab_id=&#8221;1545585528810-5a63beac-9be1&#8243;][vc_row_inner][vc_column_inner width=&#8221;1\/2&#8243;][vc_single_image image=&#8221;1735&#8243; img_size=&#8221;full&#8221; alignment=&#8221;center&#8221; css=&#8221;.vc_custom_1548455418884{padding-right: 30% !important;padding-left: 30% !important;}&#8221; el_class=&#8221;max-width-25-img&#8221;][\/vc_column_inner][vc_column_inner width=&#8221;1\/2&#8243;]\n\t<div class=\"title-subtitle-box   \" style=\" text-align: left;\">\n\t\t<h1 style=\" text-transform: uppercase; font-weight: 400; letter-spacing: 0px;\" >Debit<\/h1>\n\t<\/div> \n\t<div class=\"gg-infobox  \" style=\"text-align:left;\">\n\t\t\n\t\t<h4 >Berba<\/h4>\n\t\t<div class=\"description\" ><p><del>Debit 2017: 12% abv. <\/del>Sold OUT<\/p>\n<p>Debit 2018: DOSTUPNO!<\/p>\n<\/div>\n\t<\/div> \n\t<div class=\"gg-infobox  \" style=\"text-align:left;\">\n\t\t\n\t\t<h4 >FORMAT<\/h4>\n\t\t<div class=\"description\" ><p>0,75l<\/p>\n<\/div>\n\t<\/div> \n\t<div class=\"gg-infobox  \" style=\"text-align:left;\">\n\t\t\n\t\t<h4 >O Vinu<\/h4>\n\t\t<div class=\"description\" ><p>Debit je autohtona bijela sorta gro\u017e\u0111a \u0161ibenskoga kraja za koju smatramo da je nepravedno zanemarena. Stoga s velikom \u017eeljom i radom u vinogradima te posebnom pa\u017enjom u podrumu poku\u0161avamo ponovno stvoriti istinske ljubitelja ove sorte, vjerujemo da smo na dobrom putu.<\/p>\n<\/div>\n\t<\/div> [vc_btn title=&#8221;Otkrijte&#8221; style=&#8221;custom&#8221; custom_background=&#8221;#998067&#8243; custom_text=&#8221;#ffffff&#8221; shape=&#8221;square&#8221; link=&#8221;url:https%3A%2F%2Fbaraka.co%2Fproduct%2Fdebit-2018%2F|title:Debit%202018|&#8221;][\/vc_column_inner][\/vc_row_inner][\/vc_tta_section][vc_tta_section title=&#8221;Debit Riserva&#8221; tab_id=&#8221;1545585529050-926dbe74-54da&#8221;][vc_row_inner][vc_column_inner width=&#8221;1\/2&#8243;][vc_single_image image=&#8221;1735&#8243; img_size=&#8221;full&#8221; css=&#8221;.vc_custom_1548455432356{padding-right: 30% !important;padding-left: 30% !important;}&#8221; el_class=&#8221;max-width-25-img&#8221;][\/vc_column_inner][vc_column_inner width=&#8221;1\/2&#8243;]\n\t<div class=\"title-subtitle-box   \" style=\" text-align: left;\">\n\t\t<h1 style=\" text-transform: uppercase; font-weight: 400; letter-spacing: 0px;\" >Debit Riserva<\/h1>\n\t<\/div> \n\t<div class=\"gg-infobox  \" style=\"text-align:left;\">\n\t\t\n\t\t<h4 >Berba<\/h4>\n\t\t<div class=\"description\" ><p>Debit Riserva 2017: 12.1% alc. 100% Debit autohtona sorta gro\u017e\u0111a.<\/p>\n<\/div>\n\t<\/div> \n\t<div class=\"gg-infobox  \" style=\"text-align:left;\">\n\t\t\n\t\t<h4 >FORMAT<\/h4>\n\t\t<div class=\"description\" ><p>0,75l<\/p>\n<\/div>\n\t<\/div> \n\t<div class=\"gg-infobox  \" style=\"text-align:left;\">\n\t\t\n\t\t<h4 >O Vinu<\/h4>\n\t\t<div class=\"description\" ><p>Posebna probrana selekcija gro\u017e\u0111a i ozbiljan pristup u podrumu rezultiralo je vinom dostojnim Riserva oznake. Fermentacija u drvenim barrique ba\u010dvama i odle\u017eavanje u cementnom tanku jajolikog oblika. Limitirana serija i produkcija od samo 960 butelja.<\/p>\n<\/div>\n\t<\/div> [vc_btn title=&#8221;Otkrijte&#8221; style=&#8221;custom&#8221; custom_background=&#8221;#998067&#8243; custom_text=&#8221;#ffffff&#8221; shape=&#8221;square&#8221; link=&#8221;url:https%3A%2F%2Fbaraka.co%2Fproduct%2Fdebit-riserva-2017%2F|title:Debit%20Riserva%202017|&#8221;][\/vc_column_inner][\/vc_row_inner][\/vc_tta_section][\/vc_tta_tabs][\/vc_column][\/vc_row]<\/p>\n<\/div>","protected":false},"excerpt":{"rendered":"<p>[vc_row full_width=&#8221;stretch_row&#8221; css=&#8221;.vc_custom_1545591273109{background-image: url(http:\/\/baraka.co\/wp-content\/uploads\/2018\/12\/vineyard_20181007_181325.jpg?id=1241) !important;background-position: center !important;background-repeat: no-repeat !important;background-size: cover !important;}&#8221;][vc_column][vc_tta_tabs style=&#8221;theme&#8221; active_section=&#8221;1&#8243;][vc_tta_section title=&#8221;Prisbus&#8221; tab_id=&#8221;1545585458905-41bb1af1-2bbc&#8221;][vc_row_inner][vc_column_inner width=&#8221;1\/2&#8243;][vc_single_image image=&#8221;1626&#8243; img_size=&#8221;full&#8221; alignment=&#8221;center&#8221; css=&#8221;.vc_custom_1545587653832{padding-right: 30% !important;padding-left: 30% !important;}&#8221; el_class=&#8221;max-width-25-img&#8221;][\/vc_column_inner][vc_column_inner width=&#8221;1\/2&#8243;][vc_btn title=&#8221;Otkrijte&#8221; style=&#8221;custom&#8221; custom_background=&#8221;#998067&#8243; custom_text=&#8221;#ffffff&#8221; shape=&#8221;square&#8221; link=&#8221;url:https%3A%2F%2Fbaraka.co%2Fshop%2Fwine%2Fprisbus-riserva-2016%2F|title:Prisbus%20Riserva%202015&#8243;][\/vc_column_inner][\/vc_row_inner][\/vc_tta_section][vc_tta_section title=&#8221;Barone&#8221; tab_id=&#8221;1545573452879-493ca604-f4ac&#8221;][vc_row_inner][vc_column_inner width=&#8221;1\/2&#8243;][vc_single_image image=&#8221;1731&#8243; img_size=&#8221;full&#8221; alignment=&#8221;center&#8221; el_class=&#8221;max-width-25-img&#8221; css=&#8221;.vc_custom_1546853490808{padding-right: 30% !important;padding-left: 30% !important;}&#8221;][\/vc_column_inner][vc_column_inner width=&#8221;1\/2&#8243;][vc_btn title=&#8221;Otkrijte&#8221; style=&#8221;custom&#8221; custom_background=&#8221;#998067&#8243; custom_text=&#8221;#ffffff&#8221; shape=&#8221;square&#8221; link=&#8221;url:https%3A%2F%2Fbaraka.co%2Fproduct%2Fbarone-riserva-2011%2F|title:Barone%20Riserva%202011|&#8221;][\/vc_column_inner][\/vc_row_inner][\/vc_tta_section][vc_tta_section title=&#8221;Timbar&#8221; tab_id=&#8221;1545573440503-849a682a-88c3&#8243;][vc_row_inner][vc_column_inner width=&#8221;1\/2&#8243;][vc_single_image image=&#8221;1736&#8243;<br class=\"read-more-spacer\"> <a class=\"more-link\" href=\"https:\/\/baraka.co\/hr\/vino\/\">Read More<\/a><\/p>\n","protected":false},"author":1,"featured_media":2812,"parent":0,"menu_order":0,"comment_status":"closed","ping_status":"closed","template":"","meta":{"_acf_changed":false,"footnotes":""},"class_list":["post-1855","page","type-page","status-publish","has-post-thumbnail","hentry"],"acf":[],"_links":{"self":[{"href":"https:\/\/baraka.co\/hr\/wp-json\/wp\/v2\/pages\/1855","targetHints":{"allow":["GET"]}}],"collection":[{"href":"https:\/\/baraka.co\/hr\/wp-json\/wp\/v2\/pages"}],"about":[{"href":"https:\/\/baraka.co\/hr\/wp-json\/wp\/v2\/types\/page"}],"author":[{"embeddable":true,"href":"https:\/\/baraka.co\/hr\/wp-json\/wp\/v2\/users\/1"}],"replies":[{"embeddable":true,"href":"https:\/\/baraka.co\/hr\/wp-json\/wp\/v2\/comments?post=1855"}],"version-history":[{"count":27,"href":"https:\/\/baraka.co\/hr\/wp-json\/wp\/v2\/pages\/1855\/revisions"}],"predecessor-version":[{"id":2335,"href":"https:\/\/baraka.co\/hr\/wp-json\/wp\/v2\/pages\/1855\/revisions\/2335"}],"wp:featuredmedia":[{"embeddable":true,"href":"https:\/\/baraka.co\/hr\/wp-json\/wp\/v2\/media\/2812"}],"wp:attachment":[{"href":"https:\/\/baraka.co\/hr\/wp-json\/wp\/v2\/media?parent=1855"}],"curies":[{"name":"wp","href":"https:\/\/api.w.org\/{rel}","templated":true}]}}