{"id":1878,"date":"2020-04-18T19:30:47","date_gmt":"2020-04-18T19:30:47","guid":{"rendered":"https:\/\/baraka.co\/politika-privatnosti\/"},"modified":"2020-04-23T23:17:13","modified_gmt":"2020-04-23T23:17:13","slug":"politika-privatnosti","status":"publish","type":"page","link":"https:\/\/baraka.co\/hr\/politika-privatnosti\/","title":{"rendered":"Politika privatnosti"},"content":{"rendered":"<h2>Tko smo mi<\/h2>\n<p>Na\u0161a adresa na internetu je: https:\/\/baraka.co i https:\/\/baraka.co\/hr\/ za hrvatski jezik<br \/>\nMi smo obiteljska vinarija iz \u0160ibenika, Hrvatska<br \/>\nVinarija Baraka d.o.o.<br \/>\nBogdanovi\u0107i 36<br \/>\n22000 \u0160ibenik<br \/>\nOIB: 83847064802<\/p>\n<p><strong>PRIVATNOST PODATAKA<\/strong><br \/>\nU ime Vinarije Baraka d.o.o. obvezujemo se da \u0107emo \u010duvati privatnost svih na\u0161ih kupaca. Prikupljamo samo nu\u017ene, osnovne podatke o kupcima\/korisnicima te informiramo kupce o na\u010dinu njihova kori\u0161tenja.<br \/>\nSvi se podaci o korisnicima strogo \u010duvaju i dostupni su samo djelatnicima kojima su ti podaci nu\u017eni za obavljanje posla. Svi djelatnici Vinarije Baraka d.o.o. odgovorni su za po\u0161tivanje na\u010dela za\u0161tite privatnosti.<\/p>\n<p><strong>ZA\u0160TITA OSOBNIH PODATAKA<\/strong><br \/>\n\u0160to je GDPR?<br \/>\nUredba (EU) 2016\/679 Europskog parlamenta i Vije\u0107a od 27. travnja 2016. o za\u0161titi pojedinaca u vezi s obradom osobnih podataka i o slobodnom kretanju takvih podataka te o stavljanju izvan snage Direktive 95\/46\/EZ (Op\u0107a uredba o za\u0161titi podataka)<br \/>\nOp\u0107i uvjeti, informacije i zahtjevi za za\u0161titu osobnih podataka:<br \/>\n<a href=\"http:\/\/www.privacy-regulation.eu\/hr\/\" target=\"_blank\" rel=\"noopener noreferrer\">Op\u0107a uredba o za\u0161titi osobnih podataka \u2013 Uredba (EU) 2016\/679<\/a><br \/>\n<a href=\"https:\/\/narodne-novine.nn.hr\/clanci\/sluzbeni\/2018_05_42_805.html\" target=\"_blank\" rel=\"noopener noreferrer\">Zakon o provedbi Op\u0107e uredbe za za\u0161titu osobnih podataka<\/a><br \/>\n<a href=\"http:\/\/azop.hr\/\" target=\"_blank\" rel=\"noopener noreferrer\">Agencija za za\u0161titu osobnih podataka \u2013 AZOP<\/a><br \/>\n<a href=\"https:\/\/ec.europa.eu\/consumers\/odr\/main\/?event=main.home.howitworks\" rel=\"noopener\">Internetsko rje\u0161avanje sporova<\/a><\/p>\n<p>Molimo vas uzmite u obzir da jo\u0161 uvijek ure\u0111ujemo na\u0161u Politiku privatnosti kao i \u010dinjenicu da su na\u0161e internet stranice jo\u0161 uvijek u testnom periodu te \u0107e se politika privatnosti dopunjavati i uskla\u0111ivati sa potrebama.<\/p>\n<h2>Koje osobne podatke skupljamo i za\u0161to<\/h2>\n<h3>Komentari<\/h3>\n<p>When visitors leave comments on the site we collect the data shown in the comments form, and also the visitor\u2019s IP address and browser user agent string to help spam detection.<\/p>\n<p>An anonymized string created from your email address (also called a hash) may be provided to the Gravatar service to see if you are using it. The Gravatar service privacy policy is available here: https:\/\/automattic.com\/privacy\/. After approval of your comment, your profile picture is visible to the public in the context of your comment.<\/p>\n<h3>Mediji<\/h3>\n<p>If you upload images to the website, you should avoid uploading images with embedded location data (EXIF GPS) included. Visitors to the website can download and extract any location data from images on the website.<\/p>\n<h3>Kontaktni obrazac<\/h3>\n<h3>Cookies\/kola\u010di\u0107i<\/h3>\n<p>If you leave a comment on our site you may opt-in to saving your name, email address and website in cookies. These are for your convenience so that you do not have to fill in your details again when you leave another comment. These cookies will last for one year.<\/p>\n<p>If you have an account and you log in to this site, we will set a temporary cookie to determine if your browser accepts cookies. This cookie contains no personal data and is discarded when you close your browser.<\/p>\n<p>When you log in, we will also set up several cookies to save your login information and your screen display choices. Login cookies last for two days, and screen options cookies last for a year. If you select &#8220;Remember Me&#8221;, your login will persist for two weeks. If you log out of your account, the login cookies will be removed.<\/p>\n<p>If you edit or publish an article, an additional cookie will be saved in your browser. This cookie includes no personal data and simply indicates the post ID of the article you just edited. It expires after 1 day.<\/p>\n<h3>Embedded content from other websites<\/h3>\n<p>Articles on this site may include embedded content (e.g. videos, images, articles, etc.). Embedded content from other websites behaves in the exact same way as if the visitor has visited the other website.<\/p>\n<p>These websites may collect data about you, use cookies, embed additional third-party tracking, and monitor your interaction with that embedded content, including tracking your interaction with the embedded content if you have an account and are logged in to that website.<\/p>\n<h3>Google Web Fonts<\/h3>\n<p>For uniform representation of fonts, this page uses web fonts provided by Google. When you open a page, your browser loads the required web fonts into your browser cache to display texts and fonts correctly.<\/p>\n<p>For this purpose, your browser has to establish a direct connection to Google servers. Google thus becomes aware that our web page was accessed via your IP address. The use of Google Web fonts is done in the interest of a uniform and attractive presentation of our plugin. This constitutes a justified interest pursuant to Art. 6 (1) (f) DSGVO.<\/p>\n<p>If your browser does not support web fonts, a standard font is used by your computer.<\/p>\n<p>Further information about handling user data, can be found at <a href=\"https:\/\/developers.google.com\/fonts\/faq\" target=\"_blank\" rel=\"noopener noreferrer\">https:\/\/developers.google.com\/fonts\/faq<\/a> and in Google\\\u2019s privacy policy at <a href=\"https:\/\/www.google.com\/policies\/privacy\/\" target=\"_blank\" rel=\"noopener noreferrer\">https:\/\/www.google.com\/policies\/privacy\/<\/a>.<\/p>\n<h3>Analytics<\/h3>\n<h2>Who we share your data with<\/h2>\n<h2>How long we retain your data<\/h2>\n<p>If you leave a comment, the comment and its metadata are retained indefinitely. This is so we can recognize and approve any follow-up comments automatically instead of holding them in a moderation queue.<\/p>\n<p>For users that register on our website (if any), we also store the personal information they provide in their user profile. All users can see, edit, or delete their personal information at any time (except they cannot change their username). Website administrators can also see and edit that information.<\/p>\n<h2>What rights you have over your data<\/h2>\n<p>If you have an account on this site, or have left comments, you can request to receive an exported file of the personal data we hold about you, including any data you have provided to us. You can also request that we erase any personal data we hold about you. This does not include any data we are obliged to keep for administrative, legal, or security purposes.<\/p>\n<h2>Where we send your data<\/h2>\n<p>Visitor comments may be checked through an automated spam detection service.<\/p>\n<h2>Your contact information<\/h2>\n<h2>Additional information<\/h2>\n<h3>How we protect your data<\/h3>\n<h3>What data breach procedures we have in place<\/h3>\n<h3>What third parties we receive data from<\/h3>\n<h3>What automated decision making and\/or profiling we do with user data<\/h3>\n<h3>Industry regulatory disclosure requirements<\/h3>\n","protected":false},"excerpt":{"rendered":"<p>Tko smo mi Na\u0161a adresa na internetu je: https:\/\/baraka.co i https:\/\/baraka.co\/hr\/ za hrvatski jezik Mi smo obiteljska vinarija iz \u0160ibenika, Hrvatska Vinarija Baraka d.o.o. Bogdanovi\u0107i 36 22000 \u0160ibenik OIB: 83847064802 PRIVATNOST PODATAKA U ime Vinarije Baraka d.o.o. obvezujemo se da \u0107emo \u010duvati privatnost svih na\u0161ih kupaca. Prikupljamo samo nu\u017ene, osnovne podatke o kupcima\/korisnicima te informiramo<br class=\"read-more-spacer\"> <a class=\"more-link\" href=\"https:\/\/baraka.co\/hr\/politika-privatnosti\/\">Read More<\/a><\/p>\n","protected":false},"author":1,"featured_media":0,"parent":0,"menu_order":0,"comment_status":"closed","ping_status":"closed","template":"","meta":{"_acf_changed":false,"footnotes":""},"class_list":["post-1878","page","type-page","status-publish","hentry"],"acf":[],"_links":{"self":[{"href":"https:\/\/baraka.co\/hr\/wp-json\/wp\/v2\/pages\/1878","targetHints":{"allow":["GET"]}}],"collection":[{"href":"https:\/\/baraka.co\/hr\/wp-json\/wp\/v2\/pages"}],"about":[{"href":"https:\/\/baraka.co\/hr\/wp-json\/wp\/v2\/types\/page"}],"author":[{"embeddable":true,"href":"https:\/\/baraka.co\/hr\/wp-json\/wp\/v2\/users\/1"}],"replies":[{"embeddable":true,"href":"https:\/\/baraka.co\/hr\/wp-json\/wp\/v2\/comments?post=1878"}],"version-history":[{"count":3,"href":"https:\/\/baraka.co\/hr\/wp-json\/wp\/v2\/pages\/1878\/revisions"}],"predecessor-version":[{"id":2006,"href":"https:\/\/baraka.co\/hr\/wp-json\/wp\/v2\/pages\/1878\/revisions\/2006"}],"wp:attachment":[{"href":"https:\/\/baraka.co\/hr\/wp-json\/wp\/v2\/media?parent=1878"}],"curies":[{"name":"wp","href":"https:\/\/api.w.org\/{rel}","templated":true}]}}