{"id":1625,"date":"2020-04-08T16:41:12","date_gmt":"2020-04-08T16:41:12","guid":{"rendered":"https:\/\/baraka.co\/shop\/Bez%20kategorije\/prisbus-riserva-2015\/"},"modified":"2023-07-05T10:27:08","modified_gmt":"2023-07-05T08:27:08","slug":"prisbus-riserva-2015","status":"publish","type":"product","link":"https:\/\/baraka.co\/hr\/butiga\/single-vineyard-hr\/prisbus-riserva-2015\/","title":{"rendered":"Prisbus Riserva 2015"},"content":{"rendered":"<div class=\"wpb-content-wrapper\"><p>[vc_row][vc_column][vc_tta_tabs style=&#8221;theme&#8221; shape=&#8221;square&#8221; color=&#8221;black&#8221; alignment=&#8221;center&#8221; active_section=&#8221;1&#8243; no_fill_content_area=&#8221;true&#8221; css=&#8221;.vc_custom_1586460466627{padding-top: 5% !important;padding-right: 10% !important;padding-bottom: 5% !important;padding-left: 10% !important;background-color: #000000 !important;}&#8221;][vc_tta_section title=&#8221;Opis vina&#8221; tab_id=&#8221;1586450566692-81207292-6f473627-bcc1&#8243;][vc_column_text]Prisbus je na\u0161a linija vrhunskih vina koja dolaze iz jedinstvenog vinograda sa imanja na poulotoku Srima pokraj \u0160ibenika u kojem uvijek imamo smanjenje prinose gro\u017e\u0111a.<br \/>\nVino terroira inspirirano na\u0161om okolinom i pejza\u017eima u neposrednoj blizini imanja, stoljetnim suhozidima, rijekom Krkom i Jadranskim morem, kr\u0161\u010danske bazilike iz \u0161estog stolje\u0107a te mirisima divljeg cvije\u0107a i ljekovitih trava no\u0161ene vjetrovima.<\/p>\n<p>Prisbus Riserva 2015 je vino elegantne strukture sa finim taninima i 13,1% alkohola. Zemljano sa kompleksnim notama tamnog vo\u0107a, vi\u0161nje maraske, ribizla, za\u010dina, duhana, ko\u017ee i cedrovine. Srednje plus kiseline.[\/vc_column_text][\/vc_tta_section][vc_tta_section title=&#8221;Detalji iz podruma&#8221; tab_id=&#8221;1586461167990-2d71f95f-ddbb3627-bcc1&#8243;][vc_column_text]A blend of Cabernet Sauvignon and Merlot different between vintages as we strive to work with what nature presents us for that year. That is why vintage 2015 is more Merlot based with 55% versus 45% of Cab, all vinified separately in stainlees steel fermentation tanks and open vats.<\/p>\n<p>Longer maceration than usual vintages, meaning up to 33 days for Cab and aging in the cellar with total of 18 months in new and used French oak is what defines our Prisbus Riserva. Vintage 2015 is bottled in August, 2019 and released during winter 2020.[\/vc_column_text][\/vc_tta_section][vc_tta_section title=&#8221;Sparivanje s hranom&#8221; tab_id=&#8221;1586450566705-eb067753-b07b3627-bcc1&#8243;][vc_column_text]We recommend our Prisbus Riserva for fine dining with game and savory dishes that will play and integrate nicely with the structure, acidity and tannins of Prisbus. Mushroom and truffle pasta is another candidate or try it simply with curred meats with aged cheese especialy local delicacy &#8220;mi\u0161ni sir&#8221; cheese from sheepskin. Decant for 60 minutes and serve in large bordeaux glasses at 16 to 18 degrees celsius.[\/vc_column_text][\/vc_tta_section][\/vc_tta_tabs][\/vc_column][\/vc_row]<\/p>\n<\/div>","protected":false},"excerpt":{"rendered":"<p>Prisbus\u00a02015 Riserva je Bordeaux blend, 45% Cabernet Sauvignon i 55% Merlot odle\u017ean 18 mjeseci u barrique ba\u010dvama francuskog hrasta.<\/p>\n","protected":false},"featured_media":2516,"comment_status":"closed","ping_status":"closed","template":"","meta":{"_acf_changed":false},"product_brand":[],"product_cat":[266,170],"product_tag":[],"class_list":{"0":"post-1625","1":"product","2":"type-product","3":"status-publish","4":"has-post-thumbnail","6":"product_cat-single-vineyard-hr","7":"product_cat-vino","9":"first","10":"onbackorder","11":"taxable","12":"shipping-taxable","13":"purchasable","14":"product-type-variable","15":"has-default-attributes"},"acf":[],"_links":{"self":[{"href":"https:\/\/baraka.co\/hr\/wp-json\/wp\/v2\/product\/1625","targetHints":{"allow":["GET"]}}],"collection":[{"href":"https:\/\/baraka.co\/hr\/wp-json\/wp\/v2\/product"}],"about":[{"href":"https:\/\/baraka.co\/hr\/wp-json\/wp\/v2\/types\/product"}],"replies":[{"embeddable":true,"href":"https:\/\/baraka.co\/hr\/wp-json\/wp\/v2\/comments?post=1625"}],"wp:featuredmedia":[{"embeddable":true,"href":"https:\/\/baraka.co\/hr\/wp-json\/wp\/v2\/media\/2516"}],"wp:attachment":[{"href":"https:\/\/baraka.co\/hr\/wp-json\/wp\/v2\/media?parent=1625"}],"wp:term":[{"taxonomy":"product_brand","embeddable":true,"href":"https:\/\/baraka.co\/hr\/wp-json\/wp\/v2\/product_brand?post=1625"},{"taxonomy":"product_cat","embeddable":true,"href":"https:\/\/baraka.co\/hr\/wp-json\/wp\/v2\/product_cat?post=1625"},{"taxonomy":"product_tag","embeddable":true,"href":"https:\/\/baraka.co\/hr\/wp-json\/wp\/v2\/product_tag?post=1625"}],"curies":[{"name":"wp","href":"https:\/\/api.w.org\/{rel}","templated":true}]}}