{"id":2029,"date":"2020-04-08T17:24:50","date_gmt":"2020-04-08T17:24:50","guid":{"rendered":"https:\/\/baraka.co\/shop\/Bez%20kategorije\/debit-2018\/"},"modified":"2020-06-15T17:12:05","modified_gmt":"2020-06-15T17:12:05","slug":"debit-2018","status":"publish","type":"product","link":"https:\/\/baraka.co\/hr\/butiga\/single-vineyard-hr\/debit-2018\/","title":{"rendered":"Debit 2018"},"content":{"rendered":"<div class=\"wpb-content-wrapper\"><p>[vc_row style=&#8221;theme&#8221; shape=&#8221;square&#8221; color=&#8221;black&#8221; no_fill_content_area=&#8221;true&#8221; spacing=&#8221;1&#8243; tab_position=&#8221;top&#8221; alignment=&#8221;center&#8221; autoplay=&#8221;none&#8221; active_section=&#8221;1&#8243; pagination_style=&#8221;&#8221; pagination_color=&#8221;grey&#8221; title=&#8221;&#8221;][vc_column][vc_tta_tabs style=&#8221;theme&#8221; shape=&#8221;square&#8221; color=&#8221;black&#8221; alignment=&#8221;center&#8221; active_section=&#8221;1&#8243; no_fill_content_area=&#8221;true&#8221; css=&#8221;.vc_custom_1587586269816{padding-top: 5% !important;padding-right: 10% !important;padding-bottom: 5% !important;padding-left: 10% !important;background-color: #000000 !important;}&#8221;][vc_tta_section title=&#8221;Opis vina&#8221; tab_id=&#8221;1588178116544-89d27a36-7675&#8243;][vc_column_text]Debit je autohtona bijela sorta gro\u017e\u0111a \u0161ibenskoga kraja za koju smatramo da je nepravedno zanemarena. Stoga s velikom \u017eeljom i radom u vinogradima te posebnom pa\u017enjom u podrumu poku\u0161avamo ponovno stvoriti istinske ljubitelja ove sorte, vjerujemo da smo na dobrom putu.<\/p>\n<p>Laganijeg tijela i srednje svje\u017eine s ukupnih 11,5% alkohola. Kompleksnije \u00a0vino s notama citrusa, bijelog cvije\u0107a i divljih trava. Intenzivnije mineralnosti, osvje\u017eavaju\u0107e i s dozom saliniteta. Buteljirano u travnju 2020 u produkciji od oko 2600 butelja.[\/vc_column_text][\/vc_tta_section][vc_tta_section title=&#8221;Detalji iz podruma&#8221; tab_id=&#8221;1588178116565-42daca19-1012&#8243;][vc_column_text]Na\u0161 Debit je ru\u010dno bran po\u010detkom Listopada 2018 u vinogradima podno planine Promine, vinogradima koji se jo\u0161 uvijek odr\u017eavaju uz pomo\u0107 konja i pluga.<\/p>\n<p>Dio je bio pod maceracijom 24 sata dok smo dio gro\u017e\u0111a pre\u0161ali odmah. Za fermentaciju i odle\u017eavanje u na\u0161em podrumu, koristimo cementni tank jajolikog oblika, tankove od nehr\u0111aju\u0107eg \u010delika i za jedan mali dio neutralne barrique ba\u010dvice.[\/vc_column_text][\/vc_tta_section][\/vc_tta_tabs][\/vc_column][\/vc_row]<\/p>\n<\/div>","protected":false},"excerpt":{"rendered":"<p>Debit je autohtona bijela sorta gro\u017e\u0111a \u0161ibenskoga kraja, ru\u010dno brana u vinogradima podno Promine. 24 sata maceracije uz odle\u017eavanje na finim talozima u cementnom tanku jajolikog oblika.<\/p>\n","protected":false},"featured_media":1415,"comment_status":"closed","ping_status":"closed","template":"","meta":{"_acf_changed":false},"product_brand":[],"product_cat":[266],"product_tag":[],"class_list":{"0":"post-2029","1":"product","2":"type-product","3":"status-publish","4":"has-post-thumbnail","6":"product_cat-single-vineyard-hr","8":"first","9":"outofstock","10":"taxable","11":"shipping-taxable","12":"purchasable","13":"product-type-simple"},"acf":[],"_links":{"self":[{"href":"https:\/\/baraka.co\/hr\/wp-json\/wp\/v2\/product\/2029","targetHints":{"allow":["GET"]}}],"collection":[{"href":"https:\/\/baraka.co\/hr\/wp-json\/wp\/v2\/product"}],"about":[{"href":"https:\/\/baraka.co\/hr\/wp-json\/wp\/v2\/types\/product"}],"replies":[{"embeddable":true,"href":"https:\/\/baraka.co\/hr\/wp-json\/wp\/v2\/comments?post=2029"}],"wp:featuredmedia":[{"embeddable":true,"href":"https:\/\/baraka.co\/hr\/wp-json\/wp\/v2\/media\/1415"}],"wp:attachment":[{"href":"https:\/\/baraka.co\/hr\/wp-json\/wp\/v2\/media?parent=2029"}],"wp:term":[{"taxonomy":"product_brand","embeddable":true,"href":"https:\/\/baraka.co\/hr\/wp-json\/wp\/v2\/product_brand?post=2029"},{"taxonomy":"product_cat","embeddable":true,"href":"https:\/\/baraka.co\/hr\/wp-json\/wp\/v2\/product_cat?post=2029"},{"taxonomy":"product_tag","embeddable":true,"href":"https:\/\/baraka.co\/hr\/wp-json\/wp\/v2\/product_tag?post=2029"}],"curies":[{"name":"wp","href":"https:\/\/api.w.org\/{rel}","templated":true}]}}