{"id":2030,"date":"2019-01-02T21:43:24","date_gmt":"2019-01-02T21:43:24","guid":{"rendered":"https:\/\/baraka.co\/shop\/Bez%20kategorije\/debit-riserva-2017\/"},"modified":"2020-06-15T17:12:04","modified_gmt":"2020-06-15T17:12:04","slug":"debit-riserva-2017","status":"publish","type":"product","link":"https:\/\/baraka.co\/hr\/butiga\/vino\/debit-riserva-2017\/","title":{"rendered":"Debit Riserva 2017"},"content":{"rendered":"<div class=\"wpb-content-wrapper\"><p>[vc_row][vc_column][vc_tta_tabs style=&#8221;theme&#8221; shape=&#8221;square&#8221; color=&#8221;black&#8221; alignment=&#8221;center&#8221; active_section=&#8221;1&#8243; no_fill_content_area=&#8221;true&#8221; css=&#8221;.vc_custom_1586460466627{padding-top: 5% !important;padding-right: 10% !important;padding-bottom: 5% !important;padding-left: 10% !important;background-color: #000000 !important;}&#8221;][vc_tta_section title=&#8221;Opis vina&#8221; tab_id=&#8221;1586450566692-81207292-6f47a196-b7d4&#8243;][vc_column_text]Debit je autohtona bijela sorta gro\u017e\u0111a \u0161ibenskoga kraja za koju smatramo da je nepravedno zanemarena. Stoga s velikom \u017eeljom i radom u vinogradima te posebnom pa\u017enjom u podrumu poku\u0161avamo ponovno stvoriti istinske ljubitelja ove sorte, vjerujemo da smo na dobrom putu.<\/p>\n<p>Srednjeg tijela i srednje plus svje\u017eine s ukupnih 12,1% alkohola. Kompleksno i bogato vino s notama citrusa, poljskog cvije\u0107a, divljih trava, vanilije s fino integriranim notama drva. Intenzivnije mineralnosti i slanosti s du\u017eim trajanjem. Buteljirano u prosincu 2018, 960 butelja.[\/vc_column_text][\/vc_tta_section][vc_tta_section title=&#8221;Detalji iz podruma&#8221; tab_id=&#8221;1586461167990-2d71f95f-ddbba196-b7d4&#8243;][vc_column_text]Na\u0161 Debit je ru\u010dno bran po\u010detkom Listopada 2017 u vinogradima podno planine Promine, vinogradima koji se jo\u0161 uvijek odr\u017eavaju uz pomo\u0107 konja i pluga. Maceracija i kontakt s ko\u017eicom gro\u017e\u0111a otprilike 48 sati, fermentacija i du\u017ee odle\u017eavanje na finim talozima u novim barrique ba\u010dvama i cementnom tanku jajolikog oblika u na\u0161im podrumima na poluotoku Srime.[\/vc_column_text][\/vc_tta_section][vc_tta_section title=&#8221;Sparivanje s hranom&#8221; tab_id=&#8221;1586450566705-eb067753-b07ba196-b7d4&#8243;][vc_column_text]Preporu\u010damo u\u017eivati Debit Riservu uz plodove mora i ribu, a posebno sa bogatijim umacima ili raznim brudetima. Poslu\u017eiti na 12 do 14 stupnjeva Celzija.[\/vc_column_text][\/vc_tta_section][\/vc_tta_tabs][\/vc_column][\/vc_row]<\/p>\n<\/div>","protected":false},"excerpt":{"rendered":"<p>Na\u0161 Debit je ru\u010dno bran u vinogradima podno planine Promine, koji se jo\u0161 uvijek odr\u017eavaju uz pomo\u0107 konja i pluga. Maceracija i kontakt s ko\u017eicom gro\u017e\u0111a otprilike 48 sati. Odle\u017eano na finim talozima u barrique ba\u010dvama i cementnom tanku jajolikog oblika.<\/p>\n","protected":false},"featured_media":1735,"comment_status":"closed","ping_status":"closed","template":"","meta":{"_acf_changed":false},"product_brand":[],"product_cat":[170],"product_tag":[],"class_list":{"0":"post-2030","1":"product","2":"type-product","3":"status-publish","4":"has-post-thumbnail","6":"product_cat-vino","8":"first","9":"outofstock","10":"sold-individually","11":"taxable","12":"shipping-taxable","13":"purchasable","14":"product-type-simple"},"acf":[],"_links":{"self":[{"href":"https:\/\/baraka.co\/hr\/wp-json\/wp\/v2\/product\/2030","targetHints":{"allow":["GET"]}}],"collection":[{"href":"https:\/\/baraka.co\/hr\/wp-json\/wp\/v2\/product"}],"about":[{"href":"https:\/\/baraka.co\/hr\/wp-json\/wp\/v2\/types\/product"}],"replies":[{"embeddable":true,"href":"https:\/\/baraka.co\/hr\/wp-json\/wp\/v2\/comments?post=2030"}],"wp:featuredmedia":[{"embeddable":true,"href":"https:\/\/baraka.co\/hr\/wp-json\/wp\/v2\/media\/1735"}],"wp:attachment":[{"href":"https:\/\/baraka.co\/hr\/wp-json\/wp\/v2\/media?parent=2030"}],"wp:term":[{"taxonomy":"product_brand","embeddable":true,"href":"https:\/\/baraka.co\/hr\/wp-json\/wp\/v2\/product_brand?post=2030"},{"taxonomy":"product_cat","embeddable":true,"href":"https:\/\/baraka.co\/hr\/wp-json\/wp\/v2\/product_cat?post=2030"},{"taxonomy":"product_tag","embeddable":true,"href":"https:\/\/baraka.co\/hr\/wp-json\/wp\/v2\/product_tag?post=2030"}],"curies":[{"name":"wp","href":"https:\/\/api.w.org\/{rel}","templated":true}]}}