{"id":2032,"date":"2020-04-08T19:39:40","date_gmt":"2020-04-08T19:39:40","guid":{"rendered":"https:\/\/baraka.co\/shop\/Bez%20kategorije\/timbar-riserva-2016\/"},"modified":"2022-02-28T12:29:53","modified_gmt":"2022-02-28T11:29:53","slug":"timbar-riserva-2016","status":"publish","type":"product","link":"https:\/\/baraka.co\/hr\/butiga\/vino\/timbar-riserva-2016\/","title":{"rendered":"Babi\u0107 Timbar Riserva 2016"},"content":{"rendered":"<div class=\"wpb-content-wrapper\"><p>[vc_row style=&#8221;theme&#8221; shape=&#8221;square&#8221; color=&#8221;black&#8221; no_fill_content_area=&#8221;true&#8221; spacing=&#8221;1&#8243; tab_position=&#8221;top&#8221; alignment=&#8221;center&#8221; autoplay=&#8221;none&#8221; active_section=&#8221;1&#8243; pagination_style=&#8221;&#8221; pagination_color=&#8221;grey&#8221; title=&#8221;&#8221;][vc_column][vc_tta_tabs style=&#8221;theme&#8221; shape=&#8221;square&#8221; color=&#8221;black&#8221; alignment=&#8221;center&#8221; active_section=&#8221;1&#8243; no_fill_content_area=&#8221;true&#8221; css=&#8221;.vc_custom_1587586269816{padding-top: 5% !important;padding-right: 10% !important;padding-bottom: 5% !important;padding-left: 10% !important;background-color: #000000 !important;}&#8221;][vc_tta_section title=&#8221;Opis vina&#8221; tab_id=&#8221;1588197426040-887cb725-322b&#8221;][vc_column_text]Babi\u0107, veli\u010danstvena, autohtona, crna sorta gro\u017e\u0111a Dalmacije, ve\u0107inom sa\u0111ena u uskom obalnom pojasu \u0161ibenskoga i primo\u0161tenskog kraja jer za puni potencijal preferira surovi kr\u0161ki teren. Na\u0161 Babi\u0107 je rezonantni Timbar, oda Dalmaciji i pismi. Timbar je i pe\u010dat. Sunce, more, vino te pe\u010dat bogatoj tradiciji i kulturi Dalmacije, dobrodo\u0161li u na\u0161 mali svijet, dobrodo\u0161li u Dalmaciju.<\/p>\n<p>Babi\u0107 Timbar Riserva 2016 je vino bogatijeg tijela sa izra\u017eenijim ali ugla\u0111enim taninima te 13.5% lijepo integriranog alkohola. Vo\u0107no i kompleksno vino sa izra\u017eenim notama vi\u0161nje maraske, mje\u0161avinom crnog i crvenog vo\u0107a, lokalnih mediteranskih trava i ko\u017eom uz tragove \u010dokolade i dugi zavr\u0161etak. Jo\u0161 uvijek svje\u017ee i pogodno za odle\u017eavanje vi\u0161e godina.[\/vc_column_text][\/vc_tta_section][vc_tta_section title=&#8221;Detalji iz podruma&#8221; tab_id=&#8221;1588197426359-0b3cf71c-3888&#8243;][vc_column_text]Fermentirano na tradicionalan na\u010din u otvorenim badnjevima. Tijekom otprilike 16-18 dana trajanja fermentacije, vi\u0161e puta dnevno, ru\u010dno razbijamo kapu od gro\u017e\u0111a kako bi pomogli ekstrakciju finih tanina i boje i donekle kontroliramo temperaturu fermentacije. Odle\u017eano 12 mjeseci u 50% novih barrique ba\u010dvi od francuskog i ameri\u010dkog hrasta.<\/p>\n<p>Limitirana serija od ukupno 1024 butelje i 64 magnuma.[\/vc_column_text][\/vc_tta_section][\/vc_tta_tabs][\/vc_column][\/vc_row]<\/p>\n<\/div>","protected":false},"excerpt":{"rendered":"<p>Babi\u0107, veli\u010danstvena, autohtona, crna sorta gro\u017e\u0111a Dalmacije, ve\u0107inom sa\u0111ena u uskom obalnom pojasu \u0161ibenskoga kraja jer za puni potencijal preferira surovi kr\u0161ki teren. Na\u0161 Babi\u0107 je rezonantni Timbar, oda Dalmaciji i pismi.<\/p>\n","protected":false},"featured_media":1423,"comment_status":"closed","ping_status":"closed","template":"","meta":{"_acf_changed":false},"product_brand":[],"product_cat":[170,164,266],"product_tag":[],"class_list":{"0":"post-2032","1":"product","2":"type-product","3":"status-publish","4":"has-post-thumbnail","6":"product_cat-vino","7":"product_cat-arhivska-i-limitirana-vina","8":"product_cat-single-vineyard-hr","10":"first","11":"outofstock","12":"taxable","13":"shipping-taxable","14":"purchasable","15":"product-type-variable"},"acf":[],"_links":{"self":[{"href":"https:\/\/baraka.co\/hr\/wp-json\/wp\/v2\/product\/2032","targetHints":{"allow":["GET"]}}],"collection":[{"href":"https:\/\/baraka.co\/hr\/wp-json\/wp\/v2\/product"}],"about":[{"href":"https:\/\/baraka.co\/hr\/wp-json\/wp\/v2\/types\/product"}],"replies":[{"embeddable":true,"href":"https:\/\/baraka.co\/hr\/wp-json\/wp\/v2\/comments?post=2032"}],"wp:featuredmedia":[{"embeddable":true,"href":"https:\/\/baraka.co\/hr\/wp-json\/wp\/v2\/media\/1423"}],"wp:attachment":[{"href":"https:\/\/baraka.co\/hr\/wp-json\/wp\/v2\/media?parent=2032"}],"wp:term":[{"taxonomy":"product_brand","embeddable":true,"href":"https:\/\/baraka.co\/hr\/wp-json\/wp\/v2\/product_brand?post=2032"},{"taxonomy":"product_cat","embeddable":true,"href":"https:\/\/baraka.co\/hr\/wp-json\/wp\/v2\/product_cat?post=2032"},{"taxonomy":"product_tag","embeddable":true,"href":"https:\/\/baraka.co\/hr\/wp-json\/wp\/v2\/product_tag?post=2032"}],"curies":[{"name":"wp","href":"https:\/\/api.w.org\/{rel}","templated":true}]}}