{"id":2073,"date":"2020-04-08T21:40:21","date_gmt":"2020-04-08T19:40:21","guid":{"rendered":"https:\/\/baraka.co\/shop\/Bez%20kategorije\/rose-malena-2019\/"},"modified":"2020-12-04T12:18:33","modified_gmt":"2020-12-04T10:18:33","slug":"rose-malena-2019","status":"publish","type":"product","link":"https:\/\/baraka.co\/hr\/butiga\/vino\/rose-malena-2019\/","title":{"rendered":"Ros\u00e9 Malena 2019 Plavina i Lasina"},"content":{"rendered":"<div class=\"wpb-content-wrapper\"><p>[vc_row style=&#8221;theme&#8221; shape=&#8221;square&#8221; color=&#8221;black&#8221; no_fill_content_area=&#8221;true&#8221; spacing=&#8221;1&#8243; tab_position=&#8221;top&#8221; alignment=&#8221;center&#8221; autoplay=&#8221;none&#8221; active_section=&#8221;1&#8243; pagination_style=&#8221;&#8221; pagination_color=&#8221;grey&#8221; title=&#8221;&#8221;][vc_column][vc_tta_tabs style=&#8221;theme&#8221; shape=&#8221;square&#8221; color=&#8221;black&#8221; alignment=&#8221;center&#8221; active_section=&#8221;1&#8243; no_fill_content_area=&#8221;true&#8221; css=&#8221;.vc_custom_1587586269816{padding-top: 5% !important;padding-right: 10% !important;padding-bottom: 5% !important;padding-left: 10% !important;background-color: #000000 !important;}&#8221;][vc_tta_section title=&#8221;Opis vina&#8221; tab_id=&#8221;1587586604226-6ecc50eb-ee55&#8243;][vc_column_text]Ros\u00e9 Malena je lagano i u\u017eitno ros\u00e9 vino idealno za tople i vru\u0107e dane. Za Ros\u00e9 Malena upotrebljavamo \u0161ibenske autohtone sorte Plavinu (oko 90%) i u manjem omjeru Lasinu za koje smatramo da su idealne u proizvodnji modernih ros\u00e9 vina.<\/p>\n<p>Zaokru\u017eeno vino laganijeg do srednjeg tijela s ukupnih 12,3% alkohola. boje bakra ili Salmona, \u010distih i u\u017eitnih vo\u0107nih nota s doma\u0107im divljim za\u010dinima. Mineralno i osvje\u017eavaju\u0107e. Najbolje poslu\u017eiti na 8-10 stupnjeva. Buteljirano u Svibnju 2020, ukupno oko 1800 butelja.<\/p>\n<p>&nbsp;[\/vc_column_text][\/vc_tta_section][vc_tta_section title=&#8221;Food pairing&#8221; tab_id=&#8221;1587586604245-1e6c4ce8-0f2e&#8221;][vc_column_text]Idealno za proljetne ili ljetne ro\u0161tilje na otvorenom, salatom od piletine ili avokado s kozicama. Svakako probati sa dagnjama iz okolice \u0161ibenika ili \u0161kampima.[\/vc_column_text][\/vc_tta_section][\/vc_tta_tabs][\/vc_column][\/vc_row]<\/p>\n<\/div>","protected":false},"excerpt":{"rendered":"<p>Ros\u00e9 Malena je lagano i u\u017eitno ros\u00e9 vino idealno za tople i vru\u0107e dane. Za Ros\u00e9 Malena upotrebljavamo \u0161ibenske autohtone sorte Plavinu (oko 90%) i u manjem omjeru Lasinu za koje smatramo da su idealne u proizvodnji modernih ros\u00e9 vina.<\/p>\n","protected":false},"featured_media":2313,"comment_status":"closed","ping_status":"closed","template":"","meta":{"_acf_changed":false},"product_brand":[],"product_cat":[170],"product_tag":[],"class_list":{"0":"post-2073","1":"product","2":"type-product","3":"status-publish","4":"has-post-thumbnail","6":"product_cat-vino","8":"first","9":"outofstock","10":"taxable","11":"shipping-taxable","12":"purchasable","13":"product-type-simple"},"acf":[],"_links":{"self":[{"href":"https:\/\/baraka.co\/hr\/wp-json\/wp\/v2\/product\/2073","targetHints":{"allow":["GET"]}}],"collection":[{"href":"https:\/\/baraka.co\/hr\/wp-json\/wp\/v2\/product"}],"about":[{"href":"https:\/\/baraka.co\/hr\/wp-json\/wp\/v2\/types\/product"}],"replies":[{"embeddable":true,"href":"https:\/\/baraka.co\/hr\/wp-json\/wp\/v2\/comments?post=2073"}],"wp:featuredmedia":[{"embeddable":true,"href":"https:\/\/baraka.co\/hr\/wp-json\/wp\/v2\/media\/2313"}],"wp:attachment":[{"href":"https:\/\/baraka.co\/hr\/wp-json\/wp\/v2\/media?parent=2073"}],"wp:term":[{"taxonomy":"product_brand","embeddable":true,"href":"https:\/\/baraka.co\/hr\/wp-json\/wp\/v2\/product_brand?post=2073"},{"taxonomy":"product_cat","embeddable":true,"href":"https:\/\/baraka.co\/hr\/wp-json\/wp\/v2\/product_cat?post=2073"},{"taxonomy":"product_tag","embeddable":true,"href":"https:\/\/baraka.co\/hr\/wp-json\/wp\/v2\/product_tag?post=2073"}],"curies":[{"name":"wp","href":"https:\/\/api.w.org\/{rel}","templated":true}]}}