{"id":2074,"date":"2018-12-23T19:09:28","date_gmt":"2018-12-23T17:09:28","guid":{"rendered":"https:\/\/baraka.co\/shop\/Bez%20kategorije\/prisbus-riserva-2013\/"},"modified":"2020-07-03T18:15:59","modified_gmt":"2020-07-03T16:15:59","slug":"prisbus-riserva-2013","status":"publish","type":"product","link":"https:\/\/baraka.co\/hr\/butiga\/vino\/prisbus-riserva-2013\/","title":{"rendered":"Prisbus Riserva 2013"},"content":{"rendered":"<div class=\"wpb-content-wrapper\"><p>[vc_row style=&#8221;theme&#8221; shape=&#8221;square&#8221; color=&#8221;black&#8221; no_fill_content_area=&#8221;true&#8221; spacing=&#8221;1&#8243; tab_position=&#8221;top&#8221; alignment=&#8221;center&#8221; autoplay=&#8221;none&#8221; active_section=&#8221;1&#8243; pagination_style=&#8221;&#8221; pagination_color=&#8221;grey&#8221; title=&#8221;&#8221;][vc_column][vc_tta_tabs style=&#8221;theme&#8221; shape=&#8221;square&#8221; color=&#8221;black&#8221; alignment=&#8221;center&#8221; active_section=&#8221;1&#8243; no_fill_content_area=&#8221;true&#8221; css=&#8221;.vc_custom_1587586269816{padding-top: 5% !important;padding-right: 10% !important;padding-bottom: 5% !important;padding-left: 10% !important;background-color: #000000 !important;}&#8221;][vc_tta_section title=&#8221;Opis vina&#8221; tab_id=&#8221;1588179613110-74acd75d-3994&#8243;][vc_column_text]Prisbus je na\u0161a linija vrhunskih vina koja dolaze iz jedinstvenog vinograda sa imanja na poulotoku Srima pokraj \u0160ibenika u kojem uvijek imamo smanjenje prinose gro\u017e\u0111a.<br \/>\nVino terroira inspirirano na\u0161om okolinom i pejza\u017eima u neposrednoj blizini imanja, stoljetnim suhozidima, rijekom Krkom i Jadranskim morem, kr\u0161\u010danske bazilike iz \u0161estog stolje\u0107a te mirisima divljeg cvije\u0107a i ljekovitih trava no\u0161ene vjetrovima.<\/p>\n<p>Prisbus Riserva 2013 je vino elegantne strukture sa finim taninima i 12,1% alkohola. Zemljano sa kompleksnim notama tamnog vo\u0107a, vi\u0161nje maraske, ribizla, grafita, ko\u017ee i cedrovine. Ukupno buteljirano 1442 butelje.[\/vc_column_text][\/vc_tta_section][vc_tta_section title=&#8221;Detalji iz podruma&#8221; tab_id=&#8221;1588179613127-ef6f359e-7a19&#8243;][vc_column_text]Prisbus je na\u0161a linija vrhunskih vina koja dolaze iz jedinstvenog vinograda sa imanja na poulotoku Srima pokraj \u0160ibenika u kojem uvijek imamo smanjenje prinose gro\u017e\u0111a.<br \/>\nVino terroira inspirirano na\u0161om okolinom i pejza\u017eima u neposrednoj blizini imanja, stoljetnim suhozidima, rijekom Krkom i Jadranskim morem, kr\u0161\u010danske bazilike iz \u0161estog stolje\u0107a te mirisima divljeg cvije\u0107a i ljekovitih trava no\u0161ene vjetrovima.<\/p>\n<p>Prisbus Riserva 2013 je vino elegantne strukture sa finim taninima i 13,1% alkohola. Zemljano sa kompleksnim notama tamnog vo\u0107a, vi\u0161nje maraske, ribizla, za\u010dina, duhana, ko\u017ee i cedrovine. Srednje plus kiseline.[\/vc_column_text][\/vc_tta_section][vc_tta_section title=&#8221;Sparivanje s hranom&#8221; tab_id=&#8221;1588180004133-4359208c-6b8f&#8221;][vc_column_text]We recommend our Prisbus Riserva for fine dining with game and savory dishes that will play and integrate nicely with the structure, acidity and tannins of Prisbus. Mushroom and truffle pasta is another candidate or try it simply with curred meats with aged cheese especialy local delicacy \u201cmi\u0161ni sir\u201d cheese from sheepskin. Decant for 60 minutes and serve in large bordeaux glasses at 16 to 18 degrees celsius.[\/vc_column_text][\/vc_tta_section][\/vc_tta_tabs][\/vc_column][\/vc_row]<\/p>\n<\/div>","protected":false},"excerpt":{"rendered":"<div>\n<p>Prisbus\u00a02013 Riserva je Bordeaux blend, 60% Cabernet Sauvignon i 40% Merlot odle\u017ean 14 do 16 mjeseci u barrique ba\u010dvama francuskog hrasta.<\/p>\n<\/div>\n","protected":false},"featured_media":1278,"comment_status":"closed","ping_status":"closed","template":"","meta":{"_acf_changed":false},"product_brand":[],"product_cat":[170],"product_tag":[],"class_list":{"0":"post-2074","1":"product","2":"type-product","3":"status-publish","4":"has-post-thumbnail","6":"product_cat-vino","8":"first","9":"outofstock","10":"featured","11":"taxable","12":"shipping-taxable","13":"purchasable","14":"product-type-simple"},"acf":[],"_links":{"self":[{"href":"https:\/\/baraka.co\/hr\/wp-json\/wp\/v2\/product\/2074","targetHints":{"allow":["GET"]}}],"collection":[{"href":"https:\/\/baraka.co\/hr\/wp-json\/wp\/v2\/product"}],"about":[{"href":"https:\/\/baraka.co\/hr\/wp-json\/wp\/v2\/types\/product"}],"replies":[{"embeddable":true,"href":"https:\/\/baraka.co\/hr\/wp-json\/wp\/v2\/comments?post=2074"}],"wp:featuredmedia":[{"embeddable":true,"href":"https:\/\/baraka.co\/hr\/wp-json\/wp\/v2\/media\/1278"}],"wp:attachment":[{"href":"https:\/\/baraka.co\/hr\/wp-json\/wp\/v2\/media?parent=2074"}],"wp:term":[{"taxonomy":"product_brand","embeddable":true,"href":"https:\/\/baraka.co\/hr\/wp-json\/wp\/v2\/product_brand?post=2074"},{"taxonomy":"product_cat","embeddable":true,"href":"https:\/\/baraka.co\/hr\/wp-json\/wp\/v2\/product_cat?post=2074"},{"taxonomy":"product_tag","embeddable":true,"href":"https:\/\/baraka.co\/hr\/wp-json\/wp\/v2\/product_tag?post=2074"}],"curies":[{"name":"wp","href":"https:\/\/api.w.org\/{rel}","templated":true}]}}