{"id":2306,"date":"2021-06-10T09:37:23","date_gmt":"2021-06-10T07:37:24","guid":{"rendered":"https:\/\/baraka.co\/?post_type=product&#038;p=2306"},"modified":"2022-02-02T15:08:35","modified_gmt":"2022-02-02T14:08:35","slug":"rose-malena-2020-plavina-babic-i-lasina","status":"publish","type":"product","link":"https:\/\/baraka.co\/hr\/butiga\/vino\/rose-malena-2020-plavina-babic-i-lasina\/","title":{"rendered":"Ros\u00e9 Malena 2020 Plavina, Babi\u0107 i Lasina"},"content":{"rendered":"<div class=\"wpb-content-wrapper\"><p>[vc_row style=&#8221;theme&#8221; shape=&#8221;square&#8221; color=&#8221;black&#8221; no_fill_content_area=&#8221;true&#8221; spacing=&#8221;1&#8243; tab_position=&#8221;top&#8221; alignment=&#8221;center&#8221; autoplay=&#8221;none&#8221; active_section=&#8221;1&#8243; pagination_style=&#8221;&#8221; pagination_color=&#8221;grey&#8221; title=&#8221;&#8221;][vc_column][vc_tta_tabs style=&#8221;theme&#8221; shape=&#8221;square&#8221; color=&#8221;black&#8221; alignment=&#8221;center&#8221; active_section=&#8221;1&#8243; no_fill_content_area=&#8221;true&#8221; css=&#8221;.vc_custom_1587586269816{padding-top: 5% !important;padding-right: 10% !important;padding-bottom: 5% !important;padding-left: 10% !important;background-color: #000000 !important;}&#8221;][vc_tta_section title=&#8221;Opis vina&#8221; tab_id=&#8221;1587586604226-6ecc50eb-ee55&#8243;][vc_column_text]Ros\u00e9 Malena je lagano i u\u017eitno ros\u00e9 vino idealno za tople i vru\u0107e dane. Za Ros\u00e9 Malena upotrebljavamo \u0161ibenske autohtone sorte Plavinu (oko 70%) Babi\u0107 (20%) i u manjem omjeru Lasinu za koje smatramo da su idealne u proizvodnji modernih ros\u00e9 vina.<\/p>\n<p>Light body and medium acidity with a total of 12,6% Alc. Salmon color with clean notes of fruit and wild local herbs, nice minerality with a refreshing and lighter finish. Best served with lighter food and chilled 8 to 10 degrees celsius. Bottled June 2021 with a total of about 2000 bottles.[\/vc_column_text][\/vc_tta_section][vc_tta_section title=&#8221;Food pairing&#8221; tab_id=&#8221;1587586604245-1e6c4ce8-0f2e&#8221;][vc_column_text]Our Ros\u00e9 Malena is light wine easily enjoyed during Spring and Summer times. Ideal wine for medditeranean style of barbique, chicken salads, avocado and shrimps cocktail. Definitely you have to try Malena 2020 with mussels, another \u0160ibenik delicay and our preffered food pairing for Malena.[\/vc_column_text][\/vc_tta_section][\/vc_tta_tabs][\/vc_column][\/vc_row]<\/p>\n<\/div>","protected":false},"excerpt":{"rendered":"<p>Ros\u00e9 Malena je lagano i u\u017eitno ros\u00e9 vino idealno za tople i vru\u0107e dane. Za Ros\u00e9 Malena upotrebljavamo \u0161ibenske autohtone sorte Plavinu (oko 90%) i u manjem omjeru Lasinu za koje smatramo da su idealne u proizvodnji modernih ros\u00e9 vina.<\/p>\n","protected":false},"featured_media":2314,"comment_status":"closed","ping_status":"closed","template":"","meta":{"_acf_changed":false},"product_brand":[],"product_cat":[170],"product_tag":[],"class_list":{"0":"post-2306","1":"product","2":"type-product","3":"status-publish","4":"has-post-thumbnail","6":"product_cat-vino","8":"first","9":"outofstock","10":"taxable","11":"shipping-taxable","12":"purchasable","13":"product-type-simple"},"acf":[],"_links":{"self":[{"href":"https:\/\/baraka.co\/hr\/wp-json\/wp\/v2\/product\/2306","targetHints":{"allow":["GET"]}}],"collection":[{"href":"https:\/\/baraka.co\/hr\/wp-json\/wp\/v2\/product"}],"about":[{"href":"https:\/\/baraka.co\/hr\/wp-json\/wp\/v2\/types\/product"}],"replies":[{"embeddable":true,"href":"https:\/\/baraka.co\/hr\/wp-json\/wp\/v2\/comments?post=2306"}],"wp:featuredmedia":[{"embeddable":true,"href":"https:\/\/baraka.co\/hr\/wp-json\/wp\/v2\/media\/2314"}],"wp:attachment":[{"href":"https:\/\/baraka.co\/hr\/wp-json\/wp\/v2\/media?parent=2306"}],"wp:term":[{"taxonomy":"product_brand","embeddable":true,"href":"https:\/\/baraka.co\/hr\/wp-json\/wp\/v2\/product_brand?post=2306"},{"taxonomy":"product_cat","embeddable":true,"href":"https:\/\/baraka.co\/hr\/wp-json\/wp\/v2\/product_cat?post=2306"},{"taxonomy":"product_tag","embeddable":true,"href":"https:\/\/baraka.co\/hr\/wp-json\/wp\/v2\/product_tag?post=2306"}],"curies":[{"name":"wp","href":"https:\/\/api.w.org\/{rel}","templated":true}]}}