{"id":2530,"date":"2023-03-16T08:22:30","date_gmt":"2023-03-16T07:22:31","guid":{"rendered":"https:\/\/baraka.co\/?post_type=product&#038;p=2530"},"modified":"2024-02-05T11:01:50","modified_gmt":"2024-02-05T10:01:50","slug":"debit-2022","status":"publish","type":"product","link":"https:\/\/baraka.co\/hr\/butiga\/vino\/debit-2022\/","title":{"rendered":"Debit 2022"},"content":{"rendered":"<div class=\"wpb-content-wrapper\"><p>[vc_row style=&#8221;theme&#8221; shape=&#8221;square&#8221; color=&#8221;black&#8221; no_fill_content_area=&#8221;true&#8221; spacing=&#8221;1&#8243; tab_position=&#8221;top&#8221; alignment=&#8221;center&#8221; autoplay=&#8221;none&#8221; active_section=&#8221;1&#8243; pagination_style=&#8221;&#8221; pagination_color=&#8221;grey&#8221; title=&#8221;&#8221;][vc_column][vc_tta_tabs style=&#8221;theme&#8221; shape=&#8221;square&#8221; color=&#8221;black&#8221; alignment=&#8221;center&#8221; active_section=&#8221;1&#8243; no_fill_content_area=&#8221;true&#8221; css=&#8221;.vc_custom_1587586269816{padding-top: 5% !important;padding-right: 10% !important;padding-bottom: 5% !important;padding-left: 10% !important;background-color: #000000 !important;}&#8221;][vc_tta_section title=&#8221;Opis vina&#8221; tab_id=&#8221;1588178116544-89d27a36-7675&#8243;][vc_column_text]Autohtona sorta \u0161ibenskoga kraja, u pro\u0161losti \u010desto zanemarena sorta koja svoj potencijal sve vi\u0161e otkriva. Laganijeg do srednjeg tijela i svje\u017eine sa ugodnih 12,5% alkohola. Kompleksnije note citrusa, bijelog cvije\u0107a i divljih trava sa intezivnom mineralno\u0161\u010du i slasnom svje\u017einom. Najbolje poslu\u017eeno uz svje\u017ee i sirove plodove mora ili sushi. Buteljirano sredinom Svibnja 2023 u ukupno 2800 butelja.[\/vc_column_text][\/vc_tta_section][vc_tta_section title=&#8221;Detalji iz podruma&#8221; tab_id=&#8221;1588178116565-42daca19-1012&#8243;][vc_column_text]Ru\u010dno brano gro\u017e\u0111e iz vinograda u skradinskom zale\u0111u. Pre\u0161anje cijelih grozdova bez uklanjanja peteljke i hladna dugotrajna fermentacija i odle\u017eavanje u na\u0161im podrumima na poluotoku Srime.[\/vc_column_text][\/vc_tta_section][\/vc_tta_tabs][\/vc_column][\/vc_row]<\/p>\n<\/div>","protected":false},"excerpt":{"rendered":"<p>Debit je autohtona bijela sorta gro\u017e\u0111a \u0161ibenskoga kraja, ru\u010dno brana u vinogradima podno Promine. 24 sata maceracije uz odle\u017eavanje na finim talozima u cementnom tanku jajolikog oblika.<\/p>\n","protected":false},"featured_media":2514,"comment_status":"closed","ping_status":"closed","template":"","meta":{"_acf_changed":false},"product_brand":[],"product_cat":[170,266],"product_tag":[],"class_list":{"0":"post-2530","1":"product","2":"type-product","3":"status-publish","4":"has-post-thumbnail","6":"product_cat-vino","7":"product_cat-single-vineyard-hr","8":"product_shipping_class-flat-rate-shipping-eu","10":"first","11":"outofstock","12":"taxable","13":"shipping-taxable","14":"purchasable","15":"product-type-simple"},"acf":[],"_links":{"self":[{"href":"https:\/\/baraka.co\/hr\/wp-json\/wp\/v2\/product\/2530","targetHints":{"allow":["GET"]}}],"collection":[{"href":"https:\/\/baraka.co\/hr\/wp-json\/wp\/v2\/product"}],"about":[{"href":"https:\/\/baraka.co\/hr\/wp-json\/wp\/v2\/types\/product"}],"replies":[{"embeddable":true,"href":"https:\/\/baraka.co\/hr\/wp-json\/wp\/v2\/comments?post=2530"}],"wp:featuredmedia":[{"embeddable":true,"href":"https:\/\/baraka.co\/hr\/wp-json\/wp\/v2\/media\/2514"}],"wp:attachment":[{"href":"https:\/\/baraka.co\/hr\/wp-json\/wp\/v2\/media?parent=2530"}],"wp:term":[{"taxonomy":"product_brand","embeddable":true,"href":"https:\/\/baraka.co\/hr\/wp-json\/wp\/v2\/product_brand?post=2530"},{"taxonomy":"product_cat","embeddable":true,"href":"https:\/\/baraka.co\/hr\/wp-json\/wp\/v2\/product_cat?post=2530"},{"taxonomy":"product_tag","embeddable":true,"href":"https:\/\/baraka.co\/hr\/wp-json\/wp\/v2\/product_tag?post=2530"}],"curies":[{"name":"wp","href":"https:\/\/api.w.org\/{rel}","templated":true}]}}