{"id":2635,"date":"2020-11-23T21:15:14","date_gmt":"2023-03-28T22:23:34","guid":{"rendered":"https:\/\/baraka.co\/shop\/Bez%20kategorije\/babic-2019\/"},"modified":"2023-03-29T00:30:28","modified_gmt":"2023-03-28T22:30:28","slug":"babic-2019","status":"publish","type":"product","link":"https:\/\/baraka.co\/hr\/butiga\/vina\/babic-2019\/","title":{"rendered":"Babi\u0107 2019"},"content":{"rendered":"<p>Babi\u0107, autohtona sorta \u0161ibenskoga kraja, ru\u010dno brana i selektirana iz jedinstvenog vinograda Lu\u0161a kako bi sa\u010duvali najbolje \u0161to priroda i kr\u0161 \u0160ibenika mo\u017ee dati. Vino odnjegovano u ba\u010dvama od francuskog i ameri\u010dkog hrasta preko 12 mjeseci. Odle\u017eano u francuskom i ameri\u010dkom hrastu 12 mjeseci. Punjeno u 1440 butelja Sjeverna Dalmacija, Vinogorje \u0160ibenik<\/p>\n","protected":false},"excerpt":{"rendered":"<p>Babi\u0107, autohtona sorta \u0161ibenskoga kraja, ru\u010dno brana i selektirana iz jedinstvenog vinograda Lu\u0161a kako bi sa\u010duvali najbolje \u0161to priroda i kr\u0161 \u0160ibenika mo\u017ee dati. Vino odnjegovano u ba\u010dvama od francuskog i ameri\u010dkog hrasta preko 12 mjeseci. Odle\u017eano u francuskom i ameri\u010dkom hrastu 12 mjeseci. Punjeno u 1440 butelja Sjeverna Dalmacija, Vinogorje \u0160ibenik<\/p>\n","protected":false},"featured_media":2489,"comment_status":"closed","ping_status":"closed","template":"","meta":{"_acf_changed":false},"product_brand":[],"product_cat":[265],"product_tag":[],"class_list":{"0":"post-2635","1":"product","2":"type-product","3":"status-publish","4":"has-post-thumbnail","6":"product_cat-vina","8":"first","9":"outofstock","10":"taxable","11":"shipping-taxable","12":"purchasable","13":"product-type-simple"},"acf":[],"_links":{"self":[{"href":"https:\/\/baraka.co\/hr\/wp-json\/wp\/v2\/product\/2635","targetHints":{"allow":["GET"]}}],"collection":[{"href":"https:\/\/baraka.co\/hr\/wp-json\/wp\/v2\/product"}],"about":[{"href":"https:\/\/baraka.co\/hr\/wp-json\/wp\/v2\/types\/product"}],"replies":[{"embeddable":true,"href":"https:\/\/baraka.co\/hr\/wp-json\/wp\/v2\/comments?post=2635"}],"wp:featuredmedia":[{"embeddable":true,"href":"https:\/\/baraka.co\/hr\/wp-json\/wp\/v2\/media\/2489"}],"wp:attachment":[{"href":"https:\/\/baraka.co\/hr\/wp-json\/wp\/v2\/media?parent=2635"}],"wp:term":[{"taxonomy":"product_brand","embeddable":true,"href":"https:\/\/baraka.co\/hr\/wp-json\/wp\/v2\/product_brand?post=2635"},{"taxonomy":"product_cat","embeddable":true,"href":"https:\/\/baraka.co\/hr\/wp-json\/wp\/v2\/product_cat?post=2635"},{"taxonomy":"product_tag","embeddable":true,"href":"https:\/\/baraka.co\/hr\/wp-json\/wp\/v2\/product_tag?post=2635"}],"curies":[{"name":"wp","href":"https:\/\/api.w.org\/{rel}","templated":true}]}}