{"id":2646,"date":"2023-05-23T15:56:14","date_gmt":"2023-05-23T13:56:14","guid":{"rendered":"https:\/\/baraka.co\/?post_type=product&#038;p=2646"},"modified":"2024-02-05T11:05:45","modified_gmt":"2024-02-05T10:05:45","slug":"babic-2020","status":"publish","type":"product","link":"https:\/\/baraka.co\/hr\/butiga\/vino\/babic-2020\/","title":{"rendered":"Babi\u0107 2020"},"content":{"rendered":"<p>Babi\u0107, autohtona sorta \u0161ibenskoga kraja, ru\u010dno brana i selektirana iz jedinstvenog vinograda Lu\u0161a kako bi sa\u010duvali najbolje \u0161to priroda i kr\u0161 \u0160ibenika mo\u017ee dati. Vino odnjegovano u ba\u010dvama od francuskog i ameri\u010dkog hrasta preko 12 mjeseci. Odle\u017eano u francuskom i ameri\u010dkom hrastu 12 mjeseci. Punjeno u 1520 butelja Sjeverna Dalmacija, Vinogorje \u0160ibenik<\/p>\n","protected":false},"excerpt":{"rendered":"<p>Babi\u0107, autohtona sorta \u0161ibenskoga kraja, ru\u010dno brana i selektirana iz jedinstvenog vinograda Lu\u0161a kako bi sa\u010duvali najbolje \u0161to priroda i kr\u0161 \u0160ibenika mo\u017ee dati. Vino odnjegovano u ba\u010dvama od francuskog i ameri\u010dkog hrasta preko 12 mjeseci. Odle\u017eano u francuskom i ameri\u010dkom hrastu 12 mjeseci. Punjeno u 1520 butelja Sjeverna Dalmacija, Vinogorje \u0160ibenik<\/p>\n","protected":false},"featured_media":2489,"comment_status":"closed","ping_status":"closed","template":"","meta":{"_acf_changed":false},"product_brand":[],"product_cat":[170],"product_tag":[],"class_list":{"0":"post-2646","1":"product","2":"type-product","3":"status-publish","4":"has-post-thumbnail","6":"product_cat-vino","8":"first","9":"outofstock","10":"taxable","11":"shipping-taxable","12":"purchasable","13":"product-type-simple"},"acf":[],"_links":{"self":[{"href":"https:\/\/baraka.co\/hr\/wp-json\/wp\/v2\/product\/2646","targetHints":{"allow":["GET"]}}],"collection":[{"href":"https:\/\/baraka.co\/hr\/wp-json\/wp\/v2\/product"}],"about":[{"href":"https:\/\/baraka.co\/hr\/wp-json\/wp\/v2\/types\/product"}],"replies":[{"embeddable":true,"href":"https:\/\/baraka.co\/hr\/wp-json\/wp\/v2\/comments?post=2646"}],"wp:featuredmedia":[{"embeddable":true,"href":"https:\/\/baraka.co\/hr\/wp-json\/wp\/v2\/media\/2489"}],"wp:attachment":[{"href":"https:\/\/baraka.co\/hr\/wp-json\/wp\/v2\/media?parent=2646"}],"wp:term":[{"taxonomy":"product_brand","embeddable":true,"href":"https:\/\/baraka.co\/hr\/wp-json\/wp\/v2\/product_brand?post=2646"},{"taxonomy":"product_cat","embeddable":true,"href":"https:\/\/baraka.co\/hr\/wp-json\/wp\/v2\/product_cat?post=2646"},{"taxonomy":"product_tag","embeddable":true,"href":"https:\/\/baraka.co\/hr\/wp-json\/wp\/v2\/product_tag?post=2646"}],"curies":[{"name":"wp","href":"https:\/\/api.w.org\/{rel}","templated":true}]}}