{"id":2678,"date":"2023-07-05T09:55:48","date_gmt":"2023-07-05T07:55:49","guid":{"rendered":"https:\/\/baraka.co\/?post_type=product&#038;p=2678"},"modified":"2024-02-05T10:55:24","modified_gmt":"2024-02-05T09:55:24","slug":"rose-malena-2022-plavina-babic-i-lasina","status":"publish","type":"product","link":"https:\/\/baraka.co\/hr\/butiga\/vino\/rose-malena-2022-plavina-babic-i-lasina\/","title":{"rendered":"Ros\u00e9 Malena 2022 Plavina, Babi\u0107 i Lasina"},"content":{"rendered":"<div class=\"wpb-content-wrapper\"><p>[vc_row style=&#8221;theme&#8221; shape=&#8221;square&#8221; color=&#8221;black&#8221; no_fill_content_area=&#8221;true&#8221; spacing=&#8221;1&#8243; tab_position=&#8221;top&#8221; alignment=&#8221;center&#8221; autoplay=&#8221;none&#8221; active_section=&#8221;1&#8243; pagination_style=&#8221;&#8221; pagination_color=&#8221;grey&#8221; title=&#8221;&#8221;][vc_column][vc_tta_tabs style=&#8221;theme&#8221; shape=&#8221;square&#8221; color=&#8221;black&#8221; alignment=&#8221;center&#8221; active_section=&#8221;1&#8243; no_fill_content_area=&#8221;true&#8221; css=&#8221;.vc_custom_1587586269816{padding-top: 5% !important;padding-right: 10% !important;padding-bottom: 5% !important;padding-left: 10% !important;background-color: #000000 !important;}&#8221;][vc_tta_section title=&#8221;Opis vina&#8221; tab_id=&#8221;1587586604226-6ecc50eb-ee55&#8243;][vc_column_text]Ros\u00e9 Malena je lagano i u\u017eitno ros\u00e9 vino idealno za tople i vru\u0107e dane. Za Ros\u00e9 Malena upotrebljavamo \u0161ibenske autohtone sorte Plavinu, Babi\u0107 i u manjem omjeru Lasinu za koje smatramo da su idealne u proizvodnji modernih ros\u00e9 vina.[\/vc_column_text][\/vc_tta_section][vc_tta_section title=&#8221;Hrana&#8221; tab_id=&#8221;1587586604245-1e6c4ce8-0f2e&#8221;][vc_column_text]Ros\u00e9 Malena je idealan izbor za sve vrste mediteranskog tipa ro\u0161tilja, salatu od piletine ili druga laganija jela. Na\u0161 izbor i ono \u0161to svakako trebate probati uz na\u0161u Ros\u00e9 Malenu su \u0161ibenske pido\u0107e ili dagnje\u2026[\/vc_column_text][\/vc_tta_section][\/vc_tta_tabs][\/vc_column][\/vc_row]<\/p>\n<\/div>","protected":false},"excerpt":{"rendered":"<p>Ros\u00e9 Malena je lagano i u\u017eitno ros\u00e9 vino idealno za tople i vru\u0107e dane. Za Ros\u00e9 Malena upotrebljavamo \u0161ibenske autohtone sorte Plavinu (oko 65%), Babi\u0107(25%) i u manjem omjeru Lasinu za koje smatramo da su idealne u proizvodnji modernih ros\u00e9 vina.<\/p>\n","protected":false},"featured_media":2314,"comment_status":"closed","ping_status":"closed","template":"","meta":{"_acf_changed":false},"product_brand":[],"product_cat":[170],"product_tag":[],"class_list":{"0":"post-2678","1":"product","2":"type-product","3":"status-publish","4":"has-post-thumbnail","6":"product_cat-vino","8":"first","9":"outofstock","10":"taxable","11":"shipping-taxable","12":"purchasable","13":"product-type-simple"},"acf":[],"_links":{"self":[{"href":"https:\/\/baraka.co\/hr\/wp-json\/wp\/v2\/product\/2678","targetHints":{"allow":["GET"]}}],"collection":[{"href":"https:\/\/baraka.co\/hr\/wp-json\/wp\/v2\/product"}],"about":[{"href":"https:\/\/baraka.co\/hr\/wp-json\/wp\/v2\/types\/product"}],"replies":[{"embeddable":true,"href":"https:\/\/baraka.co\/hr\/wp-json\/wp\/v2\/comments?post=2678"}],"wp:featuredmedia":[{"embeddable":true,"href":"https:\/\/baraka.co\/hr\/wp-json\/wp\/v2\/media\/2314"}],"wp:attachment":[{"href":"https:\/\/baraka.co\/hr\/wp-json\/wp\/v2\/media?parent=2678"}],"wp:term":[{"taxonomy":"product_brand","embeddable":true,"href":"https:\/\/baraka.co\/hr\/wp-json\/wp\/v2\/product_brand?post=2678"},{"taxonomy":"product_cat","embeddable":true,"href":"https:\/\/baraka.co\/hr\/wp-json\/wp\/v2\/product_cat?post=2678"},{"taxonomy":"product_tag","embeddable":true,"href":"https:\/\/baraka.co\/hr\/wp-json\/wp\/v2\/product_tag?post=2678"}],"curies":[{"name":"wp","href":"https:\/\/api.w.org\/{rel}","templated":true}]}}