{"id":2682,"date":"2023-07-05T10:08:56","date_gmt":"2023-07-05T08:08:57","guid":{"rendered":"https:\/\/baraka.co\/?post_type=product&#038;p=2682"},"modified":"2024-02-05T10:57:27","modified_gmt":"2024-02-05T09:57:27","slug":"syrah-memento-2020","status":"publish","type":"product","link":"https:\/\/baraka.co\/hr\/butiga\/vino\/syrah-memento-2020\/","title":{"rendered":"Syrah Memento 2020"},"content":{"rendered":"<div class=\"wpb-content-wrapper\"><p>[vc_row][vc_column][vc_tta_tabs style=&#8221;theme&#8221; shape=&#8221;square&#8221; color=&#8221;black&#8221; alignment=&#8221;center&#8221; active_section=&#8221;1&#8243; no_fill_content_area=&#8221;true&#8221; css=&#8221;.vc_custom_1586460466627{padding-top: 5% !important;padding-right: 10% !important;padding-bottom: 5% !important;padding-left: 10% !important;background-color: #000000 !important;}&#8221;][vc_tta_section title=&#8221;Opis vina&#8221; tab_id=&#8221;1586450566692-81207292-6f47&#8243;][vc_column_text]Syrah or Shiraz is a Mediterranean variety famous worldwide for rich red wines.<br \/>\nOur Memento is an ode to fine things in life, moments worth living, and remembering.<\/p>\n<p>Wine has a ruby color with purple rims, a medium body at 13% alc, elegant structure with soft tannins. Notes of blueberry, cherry with earth, leather, \u00a0on a medium-plus intensity nose, medium acidity. We suggest decanting for 30 minutes.[\/vc_column_text][\/vc_tta_section][vc_tta_section title=&#8221;Detalji iz podruma&#8221; tab_id=&#8221;1586461167990-2d71f95f-ddbb&#8221;][vc_column_text]We have started vintage 2018 with handpicked grapes in the first part of September, four days of cold soak with the addition of whole cluster grapes, we let the fermentation start with native yeast and gently press after about 3 weeks of fermentation and maceration. \u00c9levage in small barrels of French, American, and Slavonian oak where it remained for 12 months.[\/vc_column_text][\/vc_tta_section][vc_tta_section title=&#8221;Sparivanje s hranom&#8221; tab_id=&#8221;1586450566705-eb067753-b07b&#8221;][vc_column_text]Preporu\u010dujemo na\u0161 Syrah Memento s pe\u010denom ili grilanom mladom janjetinom, probati i uz tradicionalnu dalmatinsku pa\u0161ticadu s doma\u0107im njokima.[\/vc_column_text][\/vc_tta_section][\/vc_tta_tabs][\/vc_column][\/vc_row]<\/p>\n<\/div>","protected":false},"excerpt":{"rendered":"<p>Memento 2019 je 100% Syrah, odle\u017eano 12 mjeseci u francuskim, ameri\u010dkim i slavonskim barrique hrastovim ba\u010dvama.<\/p>\n","protected":false},"featured_media":1643,"comment_status":"closed","ping_status":"closed","template":"","meta":{"_acf_changed":false},"product_brand":[],"product_cat":[170],"product_tag":[],"class_list":{"0":"post-2682","1":"product","2":"type-product","3":"status-publish","4":"has-post-thumbnail","6":"product_cat-vino","8":"first","9":"outofstock","10":"taxable","11":"shipping-taxable","12":"purchasable","13":"product-type-simple"},"acf":[],"_links":{"self":[{"href":"https:\/\/baraka.co\/hr\/wp-json\/wp\/v2\/product\/2682","targetHints":{"allow":["GET"]}}],"collection":[{"href":"https:\/\/baraka.co\/hr\/wp-json\/wp\/v2\/product"}],"about":[{"href":"https:\/\/baraka.co\/hr\/wp-json\/wp\/v2\/types\/product"}],"replies":[{"embeddable":true,"href":"https:\/\/baraka.co\/hr\/wp-json\/wp\/v2\/comments?post=2682"}],"wp:featuredmedia":[{"embeddable":true,"href":"https:\/\/baraka.co\/hr\/wp-json\/wp\/v2\/media\/1643"}],"wp:attachment":[{"href":"https:\/\/baraka.co\/hr\/wp-json\/wp\/v2\/media?parent=2682"}],"wp:term":[{"taxonomy":"product_brand","embeddable":true,"href":"https:\/\/baraka.co\/hr\/wp-json\/wp\/v2\/product_brand?post=2682"},{"taxonomy":"product_cat","embeddable":true,"href":"https:\/\/baraka.co\/hr\/wp-json\/wp\/v2\/product_cat?post=2682"},{"taxonomy":"product_tag","embeddable":true,"href":"https:\/\/baraka.co\/hr\/wp-json\/wp\/v2\/product_tag?post=2682"}],"curies":[{"name":"wp","href":"https:\/\/api.w.org\/{rel}","templated":true}]}}