{"id":2803,"date":"2024-01-10T16:12:09","date_gmt":"2024-01-10T15:12:12","guid":{"rendered":"https:\/\/baraka.co\/?post_type=product&#038;p=2803"},"modified":"2025-12-12T15:44:59","modified_gmt":"2025-12-12T14:44:59","slug":"prisbus-riserva-2018","status":"publish","type":"product","link":"https:\/\/baraka.co\/hr\/butiga\/100-lokalno\/prisbus-riserva-2018\/","title":{"rendered":"Prisbus Riserva 2018"},"content":{"rendered":"<div class=\"wpb-content-wrapper\"><p>[vc_row][vc_column][vc_tta_tabs style=&#8221;theme&#8221; shape=&#8221;square&#8221; color=&#8221;black&#8221; alignment=&#8221;center&#8221; active_section=&#8221;1&#8243; no_fill_content_area=&#8221;true&#8221; css=&#8221;.vc_custom_1586460466627{padding-top: 5% !important;padding-right: 10% !important;padding-bottom: 5% !important;padding-left: 10% !important;background-color: #000000 !important;}&#8221;][vc_tta_section title=&#8221;Opis vina&#8221; tab_id=&#8221;1586450566692-81207292-6f473627-bcc1&#8243;][vc_column_text]Prisbus je vino ograni\u010dene serije iz <a href=\"https:\/\/baraka.co\/hr\/vinogradi\/\">vinograda<\/a> na na\u0161em imanju koje se nalazi na poluotoku Srima blizu \u0160ibenika. Vino inspirirano terroirom i na\u0161im podnebljem, okru\u017eeno kamenim suhozidima, kr\u0161\u0107anskom bazilikom iz 6. stolje\u0107a, u\u0161\u0107em rijeke Krke i Jadranskim morem, mirisima divljeg bilja te vjetrom sa sjevera i juga.<\/p>\n<p>Prisbus Riserva 2018 je vino s mo\u0107nom strukturom i 14,5% alkohola. Kompleksne note tamnog vo\u0107a, crne tre\u0161nje, crnog ribiza, bilja, ko\u017ee. Srednje-plus svje\u017eine i tanina \u0161to osigurava izvrsni potencijal za \u010duvanje. Buteljirano nefiltrirano s ukupnom proizvodnjom od 2250 butelja.[\/vc_column_text][\/vc_tta_section][vc_tta_section title=&#8221;Detalji iz podruma&#8221; tab_id=&#8221;1586461167990-2d71f95f-ddbb3627-bcc1&#8243;][vc_column_text]Premium blend Cabernet Sauvignona i Merlota iz na\u0161eg vinograda na poluotoku Srima. Ovo vino je izvrsno predstavljanje na\u0161e filozofije terroira jer te\u017eimo raditi s onim \u0161to nam priroda pru\u017ea te godine.<\/p>\n<p>Du\u017ea maceracija i kontakt s gro\u017e\u0111em, nekada i do 33 dana za Cabernet Sauvignon, ali uvijek s pa\u017eljivom ekstrakcijom, slijedi <a href=\"https:\/\/baraka.co\/hr\/vinarstvo\/\">\u00e9levage u podrumu<\/a> od 18 do 24 mjeseca, uglavnom u potpuno novim premium francuskim hrastovim ba\u010dvama. Berba 2018 je buteljirana u kolovozu 2023.[\/vc_column_text][\/vc_tta_section][vc_tta_section title=&#8221;Sparivanje s hranom&#8221; tab_id=&#8221;1586450566705-eb067753-b07b3627-bcc1&#8243;][vc_column_text]Prisbus Riservu preporu\u010dujemo \u00a0uz jela od crvenog mesa poput divlja\u010di, raznih steakova ili patke koja \u0107e se lijepo slagati i integrirati s strukturom, kiselinom i taninima Prisbusa. Jela s gljivama i tartufima su isto savr\u0161en izbor. Kod nas na imanju je poslu\u017een sa drni\u0161kim pr\u0161utom i lokalnim sirevima. Dekantirati 60 minuta i poslu\u017eite u velikim bodeaux \u010da\u0161ama na temperaturi od 16 do 18 stupnjeva Celzijusa.[\/vc_column_text][\/vc_tta_section][\/vc_tta_tabs][\/vc_column][\/vc_row]<\/p>\n<\/div>","protected":false},"excerpt":{"rendered":"<p>Prisbus 2018 Riserva je Bordeaux blend, 44% Cabernet Sauvignon i 56% Merlot odle\u017eano 24 mjeseca u barrique ba\u010dvama francuskog hrasta.<\/p>\n","protected":false},"featured_media":2516,"comment_status":"closed","ping_status":"closed","template":"","meta":{"_acf_changed":false},"product_brand":[],"product_cat":[202,266,170],"product_tag":[],"class_list":{"0":"post-2803","1":"product","2":"type-product","3":"status-publish","4":"has-post-thumbnail","6":"product_cat-100-lokalno","7":"product_cat-single-vineyard-hr","8":"product_cat-vino","9":"product_shipping_class-flat-rate-shipping-eu","11":"first","12":"instock","13":"taxable","14":"shipping-taxable","15":"purchasable","16":"product-type-simple"},"acf":[],"_links":{"self":[{"href":"https:\/\/baraka.co\/hr\/wp-json\/wp\/v2\/product\/2803","targetHints":{"allow":["GET"]}}],"collection":[{"href":"https:\/\/baraka.co\/hr\/wp-json\/wp\/v2\/product"}],"about":[{"href":"https:\/\/baraka.co\/hr\/wp-json\/wp\/v2\/types\/product"}],"replies":[{"embeddable":true,"href":"https:\/\/baraka.co\/hr\/wp-json\/wp\/v2\/comments?post=2803"}],"wp:featuredmedia":[{"embeddable":true,"href":"https:\/\/baraka.co\/hr\/wp-json\/wp\/v2\/media\/2516"}],"wp:attachment":[{"href":"https:\/\/baraka.co\/hr\/wp-json\/wp\/v2\/media?parent=2803"}],"wp:term":[{"taxonomy":"product_brand","embeddable":true,"href":"https:\/\/baraka.co\/hr\/wp-json\/wp\/v2\/product_brand?post=2803"},{"taxonomy":"product_cat","embeddable":true,"href":"https:\/\/baraka.co\/hr\/wp-json\/wp\/v2\/product_cat?post=2803"},{"taxonomy":"product_tag","embeddable":true,"href":"https:\/\/baraka.co\/hr\/wp-json\/wp\/v2\/product_tag?post=2803"}],"curies":[{"name":"wp","href":"https:\/\/api.w.org\/{rel}","templated":true}]}}