{"id":2906,"date":"2024-01-28T01:37:20","date_gmt":"2024-01-28T00:37:21","guid":{"rendered":"https:\/\/baraka.co\/?post_type=product&#038;p=2906"},"modified":"2024-12-01T21:14:21","modified_gmt":"2024-12-01T20:14:21","slug":"marastina2021","status":"publish","type":"product","link":"https:\/\/baraka.co\/hr\/butiga\/vino\/marastina2021\/","title":{"rendered":"Mara\u0161tina Tenebra 2021"},"content":{"rendered":"<div class=\"wpb-content-wrapper\"><p>[vc_row][vc_column][vc_column_text]Vino macerirano 24 sata i fermentirano na prirodnim kvascima, ovo vino iz vinograda iz skradinskog zale\u0111a, prolazi proces sazrijevanja u betonskim tankovima u obliku jaja i u francuskim hrastovim ba\u010dvama tijekom 10 mjeseci. Puni se u boce nakon ukupno 18 mjeseci od berbe, \u0161to se podudara s proljetnim ekvinocijem i otvaranju pupa u vinogradima. Proizvedeno samo 1220 boca.[\/vc_column_text][\/vc_column][\/vc_row]<\/p>\n<\/div>","protected":false},"excerpt":{"rendered":"<p>Mara\u0161tina Tenebra ili pomr\u010dina, vino inspirirano prirodom i tradicijom. Gro\u017e\u0111e dolazi iz malog vinograda u skradinskom zale\u0111u. Nakon kra\u0107e maceracije vino odle\u017eava u betonskim jajima i hrastovim ba\u010dvama 10 mjeseci. Puni se za vrijeme punog mjeseca otprilike 18 mjeseci nakon berbe, poslije proljetnog ekvinocija, taman u vrijeme kad u na\u0161im vinogradima ponovno poteknu sokovi i krenu pupati loze, ozna\u010davaju\u0107i po\u010detak jo\u0161 jednog ciklusa.<\/p>\n","protected":false},"featured_media":2901,"comment_status":"closed","ping_status":"closed","template":"","meta":{"_acf_changed":false},"product_brand":[],"product_cat":[170],"product_tag":[],"class_list":{"0":"post-2906","1":"product","2":"type-product","3":"status-publish","4":"has-post-thumbnail","6":"product_cat-vino","7":"product_shipping_class-flat-rate-shipping-eu","9":"first","10":"instock","11":"taxable","12":"shipping-taxable","13":"purchasable","14":"product-type-simple"},"acf":[],"_links":{"self":[{"href":"https:\/\/baraka.co\/hr\/wp-json\/wp\/v2\/product\/2906","targetHints":{"allow":["GET"]}}],"collection":[{"href":"https:\/\/baraka.co\/hr\/wp-json\/wp\/v2\/product"}],"about":[{"href":"https:\/\/baraka.co\/hr\/wp-json\/wp\/v2\/types\/product"}],"replies":[{"embeddable":true,"href":"https:\/\/baraka.co\/hr\/wp-json\/wp\/v2\/comments?post=2906"}],"wp:featuredmedia":[{"embeddable":true,"href":"https:\/\/baraka.co\/hr\/wp-json\/wp\/v2\/media\/2901"}],"wp:attachment":[{"href":"https:\/\/baraka.co\/hr\/wp-json\/wp\/v2\/media?parent=2906"}],"wp:term":[{"taxonomy":"product_brand","embeddable":true,"href":"https:\/\/baraka.co\/hr\/wp-json\/wp\/v2\/product_brand?post=2906"},{"taxonomy":"product_cat","embeddable":true,"href":"https:\/\/baraka.co\/hr\/wp-json\/wp\/v2\/product_cat?post=2906"},{"taxonomy":"product_tag","embeddable":true,"href":"https:\/\/baraka.co\/hr\/wp-json\/wp\/v2\/product_tag?post=2906"}],"curies":[{"name":"wp","href":"https:\/\/api.w.org\/{rel}","templated":true}]}}